{"id":5463,"date":"2018-08-17T12:15:23","date_gmt":"2018-08-17T10:15:23","guid":{"rendered":"https:\/\/www.mrgoodfish.com\/accueil\/evenement-fete-de-la-gastronomie-2\/"},"modified":"2018-10-19T09:51:42","modified_gmt":"2018-10-19T07:51:42","slug":"adherent-du-mois-jackie-masse","status":"publish","type":"page","link":"https:\/\/www.mrgoodfish.com\/es\/accueil-3\/adherent-du-mois-jackie-masse\/","title":{"rendered":"Adh\u00e9rent du mois : Jackie MASSE"},"content":{"rendered":"<section class=\"wpb-content-wrapper\"><p>[vc_row full_width=\u00bbstretch_row\u00bb][vc_column]\n\t\t\t<section class=\" cover height-30 imagebg text-center\" data-overlay=\"0\" >\n\t\t\t    <div class=\"background-image-holder\">\n\t\t\t        <img loading=\"lazy\" decoding=\"async\" width=\"1920\" height=\"1280\" src=\"https:\/\/www.mrgoodfish.com\/wp-content\/uploads\/2018\/08\/pot-1063744_1920.jpg\" class=\"attachment-full size-full\" alt=\"\" srcset=\"https:\/\/www.mrgoodfish.com\/wp-content\/uploads\/2018\/08\/pot-1063744_1920.jpg 1920w, https:\/\/www.mrgoodfish.com\/wp-content\/uploads\/2018\/08\/pot-1063744_1920-300x200.jpg 300w, https:\/\/www.mrgoodfish.com\/wp-content\/uploads\/2018\/08\/pot-1063744_1920-768x512.jpg 768w, https:\/\/www.mrgoodfish.com\/wp-content\/uploads\/2018\/08\/pot-1063744_1920-1024x683.jpg 1024w, https:\/\/www.mrgoodfish.com\/wp-content\/uploads\/2018\/08\/pot-1063744_1920-800x533.jpg 800w\" sizes=\"auto, (max-width: 1920px) 100vw, 1920px\" \/>\n\t\t\t    <\/div>\n\t\t\t    <div class=\"container pos-vertical-center\">\n\t\t\t        <div class=\"row\">\n\t\t\t            <div class=\"col-sm-12\">\n\t\t\t<section class=\"space--sm \">\n\t\t\t    <div class=\"container\">\n\t\t\t        <div class=\"row\">\n\t\t\t            <div class=\"col-sm-12\"><h1>Adh\u00e9rent du mois : Jackie MASSE<\/h1> <ol class=\"breadcrumbs\"><li><a href=\"https:\/\/www.mrgoodfish.com\/es\/\" class=\"home-link\" rel=\"home\">Home<\/a><\/li><li><a href=\"https:\/\/www.mrgoodfish.com\/accueil-3\/\">Accueil<\/a><\/li><li class=\"active\">Adh\u00e9rent du mois : Jackie MASSE<\/li><\/ol><hr><\/div>\n\t\t\t        <\/div><!--end of row-->\n\t\t\t    <\/div><!--end of container-->\n\t\t\t<\/section>\n\t\t<\/div>\n\t\t\t        <\/div><!--end of row-->\n\t\t\t    <\/div><!--end of container-->\n\t\t\t    \n\t\t\t<\/section>\n\t\t[\/vc_column][\/vc_row][vc_row full_width=\u00bbstretch_row\u00bb][vc_column width=\u00bb1\/4&#8243;][vc_empty_space height=\u00bb50&#8243;][vc_single_image image=\u00bb5306&#8243; img_size=\u00bbmedium\u00bb add_caption=\u00bbyes\u00bb alignment=\u00bbcenter\u00bb css_animation=\u00bbnone\u00bb][vc_empty_space height=\u00bb50&#8243;][\/vc_column][vc_column width=\u00bb3\/4&#8243;][vc_empty_space][vc_column_text]<\/p>\n<p style=\"text-align: justify;\">\u00ab\u00a0<em>Je suis chef de cuisine \u00e0 l&#8217;H\u00f4tel la TERRASSE de Fort Mahon plage sur le littoral Picard en R\u00e9gion Hauts de France, expos\u00e9 face \u00e0 la mer, id\u00e9alement situ\u00e9 entre la Baie de Somme et la Baie d&#8217;Authie.<\/em><em style=\"color: #444444; font-size: 1rem;\">Afin de fournir les deux salles, le restaurant panoramique \u00able Homard Gourmand\u00bb et la brasserie \u00ables jardins de la Terrasse\u00bb, je me devais d&#8217;\u00eatre attentif dans les choix, la diversit\u00e9 des poissons \u00e0 transformer. J&#8217;ai fait la connaissance de l\u2019\u00e9quipe \u00abMr.Goodfish\u00bb et nous avons adh\u00e9r\u00e9 tout de suite au projet.<\/em><\/p>\n<p style=\"text-align: justify;\"><em>Mr.Goodfish est un excellent partenaire de tous les jours dans l&#8217;entreprise. Gr\u00e2ce au tableau des recommandations qui se trouve \u00e0 l&#8217;entr\u00e9e du restaurant et dans la cuisine, c&#8217;est l&#8217;outil id\u00e9al pour mon \u00e9quipe, mais aussi pour les jeunes en formation et pour moi-m\u00eame, notamment lors d&#8217;entretiens de propositions de menus avec les clients.<\/em><\/p>\n<p style=\"text-align: justify;\"><em>Plus qu&#8217;un partenaire, c&#8217;est une philosophie de consommation durable et de cuisiner, bien s\u00fbr, en fonction de la saison. C&#8217;est que du bonheur\u00a0!\u00a0<\/em>\u00bb<\/p>\n<p style=\"text-align: justify;\">Jackie MASSE, Chef du Restaurant \u00able Homard Gourmand\u00bb \u00e0 Fort-Mahon Plage.<\/p>\n<p>[\/vc_column_text][vc_empty_space][\/vc_column][\/vc_row]<\/p>\n<\/section>","protected":false},"excerpt":{"rendered":"<p>[vc_row full_width=\u00bbstretch_row\u00bb][vc_column][\/vc_column][\/vc_row][vc_row full_width=\u00bbstretch_row\u00bb][vc_column width=\u00bb1\/4&#8243;][vc_empty_space height=\u00bb50&#8243;][vc_single_image image=\u00bb5306&#8243; img_size=\u00bbmedium\u00bb add_caption=\u00bbyes\u00bb alignment=\u00bbcenter\u00bb css_animation=\u00bbnone\u00bb][vc_empty_space height=\u00bb50&#8243;][\/vc_column][vc_column width=\u00bb3\/4&#8243;][vc_empty_space][vc_column_text] \u00ab\u00a0Je suis chef de cuisine \u00e0 l&#8217;H\u00f4tel la TERRASSE de&#8230;<\/p>\n","protected":false},"author":4,"featured_media":0,"parent":18,"menu_order":4,"comment_status":"closed","ping_status":"closed","template":"","meta":{"footnotes":""},"class_list":["post-5463","page","type-page","status-publish","hentry"],"better_featured_image":null,"yoast_head":"<!-- This site is optimized with the Yoast SEO plugin v27.4 - https:\/\/yoast.com\/product\/yoast-seo-wordpress\/ -->\n<title>Adherent du mois-Jackie-MASSE_Mr.goodfish_newsletter<\/title>\n<meta name=\"robots\" content=\"index, follow, max-snippet:-1, max-image-preview:large, max-video-preview:-1\" \/>\n<link rel=\"canonical\" href=\"https:\/\/www.mrgoodfish.com\/es\/accueil-3\/adherent-du-mois-jackie-masse\/\" \/>\n<meta property=\"og:locale\" content=\"es_ES\" \/>\n<meta property=\"og:type\" content=\"article\" \/>\n<meta property=\"og:title\" content=\"Adherent du mois-Jackie-MASSE_Mr.goodfish_newsletter\" \/>\n<meta property=\"og:description\" content=\"[vc_row full_width=\u00bbstretch_row\u00bb][vc_column][\/vc_column][\/vc_row][vc_row full_width=\u00bbstretch_row\u00bb][vc_column width=\u00bb1\/4&#8243;][vc_empty_space height=\u00bb50&#8243;][vc_single_image image=\u00bb5306&#8243; img_size=\u00bbmedium\u00bb add_caption=\u00bbyes\u00bb alignment=\u00bbcenter\u00bb css_animation=\u00bbnone\u00bb][vc_empty_space height=\u00bb50&#8243;][\/vc_column][vc_column width=\u00bb3\/4&#8243;][vc_empty_space][vc_column_text] \u00ab\u00a0Je suis chef de cuisine \u00e0 l&#8217;H\u00f4tel la TERRASSE de...\" \/>\n<meta property=\"og:url\" content=\"https:\/\/www.mrgoodfish.com\/es\/accueil-3\/adherent-du-mois-jackie-masse\/\" \/>\n<meta property=\"og:site_name\" content=\"Mr.Goodfish\" \/>\n<meta property=\"article:publisher\" content=\"https:\/\/www.facebook.com\/Mr.Goodfish\/\" \/>\n<meta property=\"article:modified_time\" content=\"2018-10-19T07:51:42+00:00\" \/>\n<meta name=\"twitter:card\" content=\"summary_large_image\" \/>\n<meta name=\"twitter:label1\" content=\"Tiempo de lectura\" \/>\n\t<meta name=\"twitter:data1\" content=\"1 minuto\" \/>\n<script type=\"application\/ld+json\" class=\"yoast-schema-graph\">{\"@context\":\"https:\\\/\\\/schema.org\",\"@graph\":[{\"@type\":\"WebPage\",\"@id\":\"https:\\\/\\\/www.mrgoodfish.com\\\/es\\\/accueil-3\\\/adherent-du-mois-jackie-masse\\\/\",\"url\":\"https:\\\/\\\/www.mrgoodfish.com\\\/es\\\/accueil-3\\\/adherent-du-mois-jackie-masse\\\/\",\"name\":\"Adherent du mois-Jackie-MASSE_Mr.goodfish_newsletter\",\"isPartOf\":{\"@id\":\"https:\\\/\\\/www.mrgoodfish.com\\\/es\\\/#website\"},\"datePublished\":\"2018-08-17T10:15:23+00:00\",\"dateModified\":\"2018-10-19T07:51:42+00:00\",\"breadcrumb\":{\"@id\":\"https:\\\/\\\/www.mrgoodfish.com\\\/es\\\/accueil-3\\\/adherent-du-mois-jackie-masse\\\/#breadcrumb\"},\"inLanguage\":\"es\",\"potentialAction\":[{\"@type\":\"ReadAction\",\"target\":[\"https:\\\/\\\/www.mrgoodfish.com\\\/es\\\/accueil-3\\\/adherent-du-mois-jackie-masse\\\/\"]}]},{\"@type\":\"BreadcrumbList\",\"@id\":\"https:\\\/\\\/www.mrgoodfish.com\\\/es\\\/accueil-3\\\/adherent-du-mois-jackie-masse\\\/#breadcrumb\",\"itemListElement\":[{\"@type\":\"ListItem\",\"position\":1,\"name\":\"Accueil\",\"item\":\"https:\\\/\\\/www.mrgoodfish.com\\\/es\\\/\"},{\"@type\":\"ListItem\",\"position\":2,\"name\":\"Accueil\",\"item\":\"https:\\\/\\\/www.mrgoodfish.com\\\/es\\\/\"},{\"@type\":\"ListItem\",\"position\":3,\"name\":\"Adh\u00e9rent du mois : Jackie MASSE\"}]},{\"@type\":\"WebSite\",\"@id\":\"https:\\\/\\\/www.mrgoodfish.com\\\/es\\\/#website\",\"url\":\"https:\\\/\\\/www.mrgoodfish.com\\\/es\\\/\",\"name\":\"Mr.Goodfish\",\"description\":\"\",\"publisher\":{\"@id\":\"https:\\\/\\\/www.mrgoodfish.com\\\/es\\\/#organization\"},\"potentialAction\":[{\"@type\":\"SearchAction\",\"target\":{\"@type\":\"EntryPoint\",\"urlTemplate\":\"https:\\\/\\\/www.mrgoodfish.com\\\/es\\\/?s={search_term_string}\"},\"query-input\":{\"@type\":\"PropertyValueSpecification\",\"valueRequired\":true,\"valueName\":\"search_term_string\"}}],\"inLanguage\":\"es\"},{\"@type\":\"Organization\",\"@id\":\"https:\\\/\\\/www.mrgoodfish.com\\\/es\\\/#organization\",\"name\":\"MrGoodfish\",\"url\":\"https:\\\/\\\/www.mrgoodfish.com\\\/es\\\/\",\"logo\":{\"@type\":\"ImageObject\",\"inLanguage\":\"es\",\"@id\":\"https:\\\/\\\/www.mrgoodfish.com\\\/es\\\/#\\\/schema\\\/logo\\\/image\\\/\",\"url\":\"https:\\\/\\\/www.mrgoodfish.com\\\/wp-content\\\/uploads\\\/2017\\\/12\\\/ACCIMA_icon2.png\",\"contentUrl\":\"https:\\\/\\\/www.mrgoodfish.com\\\/wp-content\\\/uploads\\\/2017\\\/12\\\/ACCIMA_icon2.png\",\"width\":512,\"height\":512,\"caption\":\"MrGoodfish\"},\"image\":{\"@id\":\"https:\\\/\\\/www.mrgoodfish.com\\\/es\\\/#\\\/schema\\\/logo\\\/image\\\/\"},\"sameAs\":[\"https:\\\/\\\/www.facebook.com\\\/Mr.Goodfish\\\/\",\"https:\\\/\\\/www.youtube.com\\\/watch?v=DAihK4kYYIU&amp;amp;amp;list=PLbo1bUfUHiUr3i_v_6H_jgEIzDqfx3Jio\"]}]}<\/script>\n<!-- \/ Yoast SEO plugin. -->","yoast_head_json":{"title":"Adherent du mois-Jackie-MASSE_Mr.goodfish_newsletter","robots":{"index":"index","follow":"follow","max-snippet":"max-snippet:-1","max-image-preview":"max-image-preview:large","max-video-preview":"max-video-preview:-1"},"canonical":"https:\/\/www.mrgoodfish.com\/es\/accueil-3\/adherent-du-mois-jackie-masse\/","og_locale":"es_ES","og_type":"article","og_title":"Adherent du mois-Jackie-MASSE_Mr.goodfish_newsletter","og_description":"[vc_row full_width=\u00bbstretch_row\u00bb][vc_column][\/vc_column][\/vc_row][vc_row full_width=\u00bbstretch_row\u00bb][vc_column width=\u00bb1\/4&#8243;][vc_empty_space height=\u00bb50&#8243;][vc_single_image image=\u00bb5306&#8243; img_size=\u00bbmedium\u00bb add_caption=\u00bbyes\u00bb alignment=\u00bbcenter\u00bb css_animation=\u00bbnone\u00bb][vc_empty_space height=\u00bb50&#8243;][\/vc_column][vc_column width=\u00bb3\/4&#8243;][vc_empty_space][vc_column_text] \u00ab\u00a0Je suis chef de cuisine \u00e0 l&#8217;H\u00f4tel la TERRASSE de...","og_url":"https:\/\/www.mrgoodfish.com\/es\/accueil-3\/adherent-du-mois-jackie-masse\/","og_site_name":"Mr.Goodfish","article_publisher":"https:\/\/www.facebook.com\/Mr.Goodfish\/","article_modified_time":"2018-10-19T07:51:42+00:00","twitter_card":"summary_large_image","twitter_misc":{"Tiempo de lectura":"1 minuto"},"schema":{"@context":"https:\/\/schema.org","@graph":[{"@type":"WebPage","@id":"https:\/\/www.mrgoodfish.com\/es\/accueil-3\/adherent-du-mois-jackie-masse\/","url":"https:\/\/www.mrgoodfish.com\/es\/accueil-3\/adherent-du-mois-jackie-masse\/","name":"Adherent du mois-Jackie-MASSE_Mr.goodfish_newsletter","isPartOf":{"@id":"https:\/\/www.mrgoodfish.com\/es\/#website"},"datePublished":"2018-08-17T10:15:23+00:00","dateModified":"2018-10-19T07:51:42+00:00","breadcrumb":{"@id":"https:\/\/www.mrgoodfish.com\/es\/accueil-3\/adherent-du-mois-jackie-masse\/#breadcrumb"},"inLanguage":"es","potentialAction":[{"@type":"ReadAction","target":["https:\/\/www.mrgoodfish.com\/es\/accueil-3\/adherent-du-mois-jackie-masse\/"]}]},{"@type":"BreadcrumbList","@id":"https:\/\/www.mrgoodfish.com\/es\/accueil-3\/adherent-du-mois-jackie-masse\/#breadcrumb","itemListElement":[{"@type":"ListItem","position":1,"name":"Accueil","item":"https:\/\/www.mrgoodfish.com\/es\/"},{"@type":"ListItem","position":2,"name":"Accueil","item":"https:\/\/www.mrgoodfish.com\/es\/"},{"@type":"ListItem","position":3,"name":"Adh\u00e9rent du mois : Jackie MASSE"}]},{"@type":"WebSite","@id":"https:\/\/www.mrgoodfish.com\/es\/#website","url":"https:\/\/www.mrgoodfish.com\/es\/","name":"Mr.Goodfish","description":"","publisher":{"@id":"https:\/\/www.mrgoodfish.com\/es\/#organization"},"potentialAction":[{"@type":"SearchAction","target":{"@type":"EntryPoint","urlTemplate":"https:\/\/www.mrgoodfish.com\/es\/?s={search_term_string}"},"query-input":{"@type":"PropertyValueSpecification","valueRequired":true,"valueName":"search_term_string"}}],"inLanguage":"es"},{"@type":"Organization","@id":"https:\/\/www.mrgoodfish.com\/es\/#organization","name":"MrGoodfish","url":"https:\/\/www.mrgoodfish.com\/es\/","logo":{"@type":"ImageObject","inLanguage":"es","@id":"https:\/\/www.mrgoodfish.com\/es\/#\/schema\/logo\/image\/","url":"https:\/\/www.mrgoodfish.com\/wp-content\/uploads\/2017\/12\/ACCIMA_icon2.png","contentUrl":"https:\/\/www.mrgoodfish.com\/wp-content\/uploads\/2017\/12\/ACCIMA_icon2.png","width":512,"height":512,"caption":"MrGoodfish"},"image":{"@id":"https:\/\/www.mrgoodfish.com\/es\/#\/schema\/logo\/image\/"},"sameAs":["https:\/\/www.facebook.com\/Mr.Goodfish\/","https:\/\/www.youtube.com\/watch?v=DAihK4kYYIU&amp;amp;amp;list=PLbo1bUfUHiUr3i_v_6H_jgEIzDqfx3Jio"]}]}},"_links":{"self":[{"href":"https:\/\/www.mrgoodfish.com\/es\/wp-json\/wp\/v2\/pages\/5463","targetHints":{"allow":["GET"]}}],"collection":[{"href":"https:\/\/www.mrgoodfish.com\/es\/wp-json\/wp\/v2\/pages"}],"about":[{"href":"https:\/\/www.mrgoodfish.com\/es\/wp-json\/wp\/v2\/types\/page"}],"author":[{"embeddable":true,"href":"https:\/\/www.mrgoodfish.com\/es\/wp-json\/wp\/v2\/users\/4"}],"replies":[{"embeddable":true,"href":"https:\/\/www.mrgoodfish.com\/es\/wp-json\/wp\/v2\/comments?post=5463"}],"version-history":[{"count":4,"href":"https:\/\/www.mrgoodfish.com\/es\/wp-json\/wp\/v2\/pages\/5463\/revisions"}],"predecessor-version":[{"id":6291,"href":"https:\/\/www.mrgoodfish.com\/es\/wp-json\/wp\/v2\/pages\/5463\/revisions\/6291"}],"up":[{"embeddable":true,"href":"https:\/\/www.mrgoodfish.com\/es\/wp-json\/wp\/v2\/pages\/18"}],"wp:attachment":[{"href":"https:\/\/www.mrgoodfish.com\/es\/wp-json\/wp\/v2\/media?parent=5463"}],"curies":[{"name":"wp","href":"https:\/\/api.w.org\/{rel}","templated":true}]}}