{"id":3963,"date":"2018-06-13T18:06:39","date_gmt":"2018-06-13T16:06:39","guid":{"rendered":"https:\/\/www.mrgoodfish.com\/mr-goodfish\/criterios-de-seleccion\/"},"modified":"2018-06-29T11:28:03","modified_gmt":"2018-06-29T09:28:03","slug":"criterios-de-seleccion","status":"publish","type":"page","link":"https:\/\/www.mrgoodfish.com\/es\/mr-goodfish\/criterios-de-seleccion\/","title":{"rendered":"Criterios de selecci\u00f3n"},"content":{"rendered":"<section class=\"wpb-content-wrapper\"><p>[vc_row full_width=\u00bbstretch_row\u00bb][vc_column]\n\t\t\t<section class=\" cover height-30 imagebg text-center\" data-overlay=\"0\" >\n\t\t\t    <div class=\"background-image-holder\">\n\t\t\t        <img loading=\"lazy\" decoding=\"async\" width=\"1500\" height=\"400\" src=\"https:\/\/www.mrgoodfish.com\/wp-content\/uploads\/2017\/11\/MRGF_header.jpg\" class=\"attachment-full size-full\" alt=\"MRGF_header | Mr.Goodfish\" srcset=\"https:\/\/www.mrgoodfish.com\/wp-content\/uploads\/2017\/11\/MRGF_header.jpg 1500w, https:\/\/www.mrgoodfish.com\/wp-content\/uploads\/2017\/11\/MRGF_header-300x80.jpg 300w, https:\/\/www.mrgoodfish.com\/wp-content\/uploads\/2017\/11\/MRGF_header-768x205.jpg 768w, https:\/\/www.mrgoodfish.com\/wp-content\/uploads\/2017\/11\/MRGF_header-1024x273.jpg 1024w, https:\/\/www.mrgoodfish.com\/wp-content\/uploads\/2017\/11\/MRGF_header-800x213.jpg 800w\" sizes=\"auto, (max-width: 1500px) 100vw, 1500px\" \/>\n\t\t\t    <\/div>\n\t\t\t    <div class=\"container pos-vertical-center\">\n\t\t\t        <div class=\"row\">\n\t\t\t            <div class=\"col-sm-12\">\n\t\t\t<section class=\"space--sm \">\n\t\t\t    <div class=\"container\">\n\t\t\t        <div class=\"row\">\n\t\t\t            <div class=\"col-sm-12\"><h1>Criterios de selecci\u00f3n<\/h1> <ol class=\"breadcrumbs\"><li><a href=\"https:\/\/www.mrgoodfish.com\/es\/\" class=\"home-link\" rel=\"home\">Home<\/a><\/li><li><a href=\"https:\/\/www.mrgoodfish.com\/es\/mr-goodfish\/\">Mr.Goodfish<\/a><\/li><li class=\"active\">Criterios de selecci\u00f3n<\/li><\/ol><hr><\/div>\n\t\t\t        <\/div><!--end of row-->\n\t\t\t    <\/div><!--end of container-->\n\t\t\t<\/section>\n\t\t<\/div>\n\t\t\t        <\/div><!--end of row-->\n\t\t\t    <\/div><!--end of container-->\n\t\t\t    \n\t\t\t<\/section>\n\t\t[\/vc_column][\/vc_row][vc_row][vc_column][vc_empty_space height=\u00bb40&#8243;][\/vc_column][\/vc_row][vc_row css=\u00bb.vc_custom_1530264333498{background-color: #ffffff !important;}\u00bb][vc_column width=\u00bb1\/4&#8243;][vc_empty_space height=\u00bb25px\u00bb][vc_single_image image=\u00bb1721&#8243; img_size=\u00bbmedium\u00bb][vc_empty_space height=\u00bb50px\u00bb][vc_single_image image=\u00bb1715&#8243; img_size=\u00bbmedium\u00bb][vc_empty_space height=\u00bb50px\u00bb][vc_single_image image=\u00bb1717&#8243; img_size=\u00bbmedium\u00bb][\/vc_column][vc_column width=\u00bb3\/4&#8243;][vc_empty_space height=\u00bb25px\u00bb][vc_column_text]<br \/>\nSe han seleccionado cuatro criterios principales para la elaboraci\u00f3n de la lista de productos pesqueros recomendados.<\/p>\n<ol>\n<li><strong>Estado de las poblaciones:<\/strong>\u00a0para asegurar la sostenibilidad de su explotaci\u00f3n, las especies Mr.Goodfish deben proceder de poblaciones en buen estado, cuya situaci\u00f3n haya sido verificada por un comit\u00e9 de expertos. En otras palabras, las poblaciones en cuesti\u00f3n deben estar controladas por una o m\u00e1s instituciones cient\u00edficas o alternativamente, debe ser posible obtener la opini\u00f3n de cient\u00edficos autorizados.<br \/>\nSi no se dispone de estos datos, una especie no puede ser recomendada por Mr.Goodfish. Como una determinada especie puede proceder de varias poblaciones diferentes (distintos or\u00edgenes), es imprescindible especificar en los informes de captura la zona de pesca. Esta informaci\u00f3n es un requisito para que un producto sea elegido para recibir la etiqueta de \u00abMr.Goodfish\u00bb. Es \u00fatil conocer el puerto de desembarque, pero no esencial.<\/li>\n<li><strong>Tama\u00f1o<\/strong> :\u00a0el tama\u00f1o m\u00ednimo recomendado es la talla de madurez sexual. Si existe una diferencia de tama\u00f1o entre sexos en la madurez sexual, se aplica el mayor tama\u00f1o. Es importante destacar que este tama\u00f1o es normalmente diferente a la talla m\u00ednima especificada en la legislaci\u00f3n vigente.<\/li>\n<li><strong>Temporada :<\/strong>\u00a0Mr.Goodfish publica listas de especies recomendadas para cada temporada. Las estaciones recomendadas son aquellas que se encuentran fuera del pico(s) de reproducci\u00f3n de la especie en cuesti\u00f3n. Estas \u00e9pocas pueden ser modificadas cualquier a\u00f1o si los datos cient\u00edficos indican un cambio en el momento del pico(s) de reproducci\u00f3n.<\/li>\n<li><strong>Estado de las especies:<\/strong>\u00a0referido a las \u00faltimas recomendaciones del ICES sobre las poblaciones, publicadas anualmente.<\/li>\n<\/ol>\n<p style=\"text-align: center;\"><strong>En conclusi\u00f3n :\u00a0una especie no ser\u00e1 incluida en la lista Mr.Goodfish propuesta para cada temporada, a no ser que se cumplan los cuatro criterios anteriores.<\/strong><\/p>\n<p>[\/vc_column_text][\/vc_column][\/vc_row][vc_row css=\u00bb.vc_custom_1530264359665{background-color: #ffffff !important;}\u00bb][vc_column width=\u00bb1\/3&#8243;][\/vc_column][vc_column width=\u00bb1\/3&#8243;][vc_empty_space][vc_single_image image=\u00bb1725&#8243; img_size=\u00bbmedium\u00bb][vc_empty_space][\/vc_column][vc_column width=\u00bb1\/3&#8243;][vc_empty_space][vc_single_image image=\u00bb1664&#8243; img_size=\u00bbmedium\u00bb][vc_empty_space][\/vc_column][\/vc_row][vc_row][vc_column][vc_empty_space height=\u00bb100px\u00bb][\/vc_column][\/vc_row]<\/p>\n<\/section>","protected":false},"excerpt":{"rendered":"<p>[vc_row full_width=\u00bbstretch_row\u00bb][vc_column][\/vc_column][\/vc_row][vc_row][vc_column][vc_empty_space height=\u00bb40&#8243;][\/vc_column][\/vc_row][vc_row css=\u00bb.vc_custom_1530264333498{background-color: #ffffff !important;}\u00bb][vc_column width=\u00bb1\/4&#8243;][vc_empty_space height=\u00bb25px\u00bb][vc_single_image image=\u00bb1721&#8243; img_size=\u00bbmedium\u00bb][vc_empty_space height=\u00bb50px\u00bb][vc_single_image image=\u00bb1715&#8243; img_size=\u00bbmedium\u00bb][vc_empty_space height=\u00bb50px\u00bb][vc_single_image image=\u00bb1717&#8243; img_size=\u00bbmedium\u00bb][\/vc_column][vc_column width=\u00bb3\/4&#8243;][vc_empty_space height=\u00bb25px\u00bb][vc_column_text] Se han seleccionado cuatro&#8230;<\/p>\n","protected":false},"author":3,"featured_media":0,"parent":3878,"menu_order":1,"comment_status":"closed","ping_status":"closed","template":"","meta":{"footnotes":""},"class_list":["post-3963","page","type-page","status-publish","hentry"],"better_featured_image":null,"yoast_head":"<!-- This site is optimized with the Yoast SEO plugin v27.4 - https:\/\/yoast.com\/product\/yoast-seo-wordpress\/ -->\n<title>Criterios de selecci\u00f3n - Mr.Goodfish<\/title>\n<meta name=\"robots\" content=\"index, follow, max-snippet:-1, max-image-preview:large, max-video-preview:-1\" \/>\n<link rel=\"canonical\" href=\"https:\/\/www.mrgoodfish.com\/es\/mr-goodfish\/criterios-de-seleccion\/\" \/>\n<meta property=\"og:locale\" content=\"es_ES\" \/>\n<meta property=\"og:type\" content=\"article\" \/>\n<meta property=\"og:title\" content=\"Criterios de selecci\u00f3n - Mr.Goodfish\" \/>\n<meta property=\"og:description\" content=\"[vc_row full_width=\u00bbstretch_row\u00bb][vc_column][\/vc_column][\/vc_row][vc_row][vc_column][vc_empty_space height=\u00bb40&#8243;][\/vc_column][\/vc_row][vc_row css=\u00bb.vc_custom_1530264333498{background-color: #ffffff !important;}\u00bb][vc_column width=\u00bb1\/4&#8243;][vc_empty_space height=\u00bb25px\u00bb][vc_single_image image=\u00bb1721&#8243; img_size=\u00bbmedium\u00bb][vc_empty_space height=\u00bb50px\u00bb][vc_single_image image=\u00bb1715&#8243; img_size=\u00bbmedium\u00bb][vc_empty_space height=\u00bb50px\u00bb][vc_single_image image=\u00bb1717&#8243; img_size=\u00bbmedium\u00bb][\/vc_column][vc_column width=\u00bb3\/4&#8243;][vc_empty_space height=\u00bb25px\u00bb][vc_column_text] Se han seleccionado cuatro...\" \/>\n<meta property=\"og:url\" content=\"https:\/\/www.mrgoodfish.com\/es\/mr-goodfish\/criterios-de-seleccion\/\" \/>\n<meta property=\"og:site_name\" content=\"Mr.Goodfish\" \/>\n<meta property=\"article:publisher\" content=\"https:\/\/www.facebook.com\/Mr.Goodfish\/\" \/>\n<meta property=\"article:modified_time\" content=\"2018-06-29T09:28:03+00:00\" \/>\n<meta name=\"twitter:card\" content=\"summary_large_image\" \/>\n<meta name=\"twitter:label1\" content=\"Tiempo de lectura\" \/>\n\t<meta name=\"twitter:data1\" content=\"2 minutos\" \/>\n<script type=\"application\/ld+json\" class=\"yoast-schema-graph\">{\"@context\":\"https:\\\/\\\/schema.org\",\"@graph\":[{\"@type\":\"WebPage\",\"@id\":\"https:\\\/\\\/www.mrgoodfish.com\\\/es\\\/mr-goodfish\\\/criterios-de-seleccion\\\/\",\"url\":\"https:\\\/\\\/www.mrgoodfish.com\\\/es\\\/mr-goodfish\\\/criterios-de-seleccion\\\/\",\"name\":\"Criterios de selecci\u00f3n - Mr.Goodfish\",\"isPartOf\":{\"@id\":\"https:\\\/\\\/www.mrgoodfish.com\\\/es\\\/#website\"},\"datePublished\":\"2018-06-13T16:06:39+00:00\",\"dateModified\":\"2018-06-29T09:28:03+00:00\",\"breadcrumb\":{\"@id\":\"https:\\\/\\\/www.mrgoodfish.com\\\/es\\\/mr-goodfish\\\/criterios-de-seleccion\\\/#breadcrumb\"},\"inLanguage\":\"es\",\"potentialAction\":[{\"@type\":\"ReadAction\",\"target\":[\"https:\\\/\\\/www.mrgoodfish.com\\\/es\\\/mr-goodfish\\\/criterios-de-seleccion\\\/\"]}]},{\"@type\":\"BreadcrumbList\",\"@id\":\"https:\\\/\\\/www.mrgoodfish.com\\\/es\\\/mr-goodfish\\\/criterios-de-seleccion\\\/#breadcrumb\",\"itemListElement\":[{\"@type\":\"ListItem\",\"position\":1,\"name\":\"Accueil\",\"item\":\"https:\\\/\\\/www.mrgoodfish.com\\\/es\\\/\"},{\"@type\":\"ListItem\",\"position\":2,\"name\":\"Mr.Goodfish\",\"item\":\"https:\\\/\\\/www.mrgoodfish.com\\\/es\\\/mr-goodfish-2\\\/\"},{\"@type\":\"ListItem\",\"position\":3,\"name\":\"Criterios de selecci\u00f3n\"}]},{\"@type\":\"WebSite\",\"@id\":\"https:\\\/\\\/www.mrgoodfish.com\\\/es\\\/#website\",\"url\":\"https:\\\/\\\/www.mrgoodfish.com\\\/es\\\/\",\"name\":\"Mr.Goodfish\",\"description\":\"\",\"publisher\":{\"@id\":\"https:\\\/\\\/www.mrgoodfish.com\\\/es\\\/#organization\"},\"potentialAction\":[{\"@type\":\"SearchAction\",\"target\":{\"@type\":\"EntryPoint\",\"urlTemplate\":\"https:\\\/\\\/www.mrgoodfish.com\\\/es\\\/?s={search_term_string}\"},\"query-input\":{\"@type\":\"PropertyValueSpecification\",\"valueRequired\":true,\"valueName\":\"search_term_string\"}}],\"inLanguage\":\"es\"},{\"@type\":\"Organization\",\"@id\":\"https:\\\/\\\/www.mrgoodfish.com\\\/es\\\/#organization\",\"name\":\"MrGoodfish\",\"url\":\"https:\\\/\\\/www.mrgoodfish.com\\\/es\\\/\",\"logo\":{\"@type\":\"ImageObject\",\"inLanguage\":\"es\",\"@id\":\"https:\\\/\\\/www.mrgoodfish.com\\\/es\\\/#\\\/schema\\\/logo\\\/image\\\/\",\"url\":\"https:\\\/\\\/www.mrgoodfish.com\\\/wp-content\\\/uploads\\\/2017\\\/12\\\/ACCIMA_icon2.png\",\"contentUrl\":\"https:\\\/\\\/www.mrgoodfish.com\\\/wp-content\\\/uploads\\\/2017\\\/12\\\/ACCIMA_icon2.png\",\"width\":512,\"height\":512,\"caption\":\"MrGoodfish\"},\"image\":{\"@id\":\"https:\\\/\\\/www.mrgoodfish.com\\\/es\\\/#\\\/schema\\\/logo\\\/image\\\/\"},\"sameAs\":[\"https:\\\/\\\/www.facebook.com\\\/Mr.Goodfish\\\/\",\"https:\\\/\\\/www.youtube.com\\\/watch?v=DAihK4kYYIU&amp;amp;amp;list=PLbo1bUfUHiUr3i_v_6H_jgEIzDqfx3Jio\"]}]}<\/script>\n<!-- \/ Yoast SEO plugin. -->","yoast_head_json":{"title":"Criterios de selecci\u00f3n - Mr.Goodfish","robots":{"index":"index","follow":"follow","max-snippet":"max-snippet:-1","max-image-preview":"max-image-preview:large","max-video-preview":"max-video-preview:-1"},"canonical":"https:\/\/www.mrgoodfish.com\/es\/mr-goodfish\/criterios-de-seleccion\/","og_locale":"es_ES","og_type":"article","og_title":"Criterios de selecci\u00f3n - Mr.Goodfish","og_description":"[vc_row full_width=\u00bbstretch_row\u00bb][vc_column][\/vc_column][\/vc_row][vc_row][vc_column][vc_empty_space height=\u00bb40&#8243;][\/vc_column][\/vc_row][vc_row css=\u00bb.vc_custom_1530264333498{background-color: #ffffff !important;}\u00bb][vc_column width=\u00bb1\/4&#8243;][vc_empty_space height=\u00bb25px\u00bb][vc_single_image image=\u00bb1721&#8243; img_size=\u00bbmedium\u00bb][vc_empty_space height=\u00bb50px\u00bb][vc_single_image image=\u00bb1715&#8243; img_size=\u00bbmedium\u00bb][vc_empty_space height=\u00bb50px\u00bb][vc_single_image image=\u00bb1717&#8243; img_size=\u00bbmedium\u00bb][\/vc_column][vc_column width=\u00bb3\/4&#8243;][vc_empty_space height=\u00bb25px\u00bb][vc_column_text] Se han seleccionado cuatro...","og_url":"https:\/\/www.mrgoodfish.com\/es\/mr-goodfish\/criterios-de-seleccion\/","og_site_name":"Mr.Goodfish","article_publisher":"https:\/\/www.facebook.com\/Mr.Goodfish\/","article_modified_time":"2018-06-29T09:28:03+00:00","twitter_card":"summary_large_image","twitter_misc":{"Tiempo de lectura":"2 minutos"},"schema":{"@context":"https:\/\/schema.org","@graph":[{"@type":"WebPage","@id":"https:\/\/www.mrgoodfish.com\/es\/mr-goodfish\/criterios-de-seleccion\/","url":"https:\/\/www.mrgoodfish.com\/es\/mr-goodfish\/criterios-de-seleccion\/","name":"Criterios de selecci\u00f3n - Mr.Goodfish","isPartOf":{"@id":"https:\/\/www.mrgoodfish.com\/es\/#website"},"datePublished":"2018-06-13T16:06:39+00:00","dateModified":"2018-06-29T09:28:03+00:00","breadcrumb":{"@id":"https:\/\/www.mrgoodfish.com\/es\/mr-goodfish\/criterios-de-seleccion\/#breadcrumb"},"inLanguage":"es","potentialAction":[{"@type":"ReadAction","target":["https:\/\/www.mrgoodfish.com\/es\/mr-goodfish\/criterios-de-seleccion\/"]}]},{"@type":"BreadcrumbList","@id":"https:\/\/www.mrgoodfish.com\/es\/mr-goodfish\/criterios-de-seleccion\/#breadcrumb","itemListElement":[{"@type":"ListItem","position":1,"name":"Accueil","item":"https:\/\/www.mrgoodfish.com\/es\/"},{"@type":"ListItem","position":2,"name":"Mr.Goodfish","item":"https:\/\/www.mrgoodfish.com\/es\/mr-goodfish-2\/"},{"@type":"ListItem","position":3,"name":"Criterios de selecci\u00f3n"}]},{"@type":"WebSite","@id":"https:\/\/www.mrgoodfish.com\/es\/#website","url":"https:\/\/www.mrgoodfish.com\/es\/","name":"Mr.Goodfish","description":"","publisher":{"@id":"https:\/\/www.mrgoodfish.com\/es\/#organization"},"potentialAction":[{"@type":"SearchAction","target":{"@type":"EntryPoint","urlTemplate":"https:\/\/www.mrgoodfish.com\/es\/?s={search_term_string}"},"query-input":{"@type":"PropertyValueSpecification","valueRequired":true,"valueName":"search_term_string"}}],"inLanguage":"es"},{"@type":"Organization","@id":"https:\/\/www.mrgoodfish.com\/es\/#organization","name":"MrGoodfish","url":"https:\/\/www.mrgoodfish.com\/es\/","logo":{"@type":"ImageObject","inLanguage":"es","@id":"https:\/\/www.mrgoodfish.com\/es\/#\/schema\/logo\/image\/","url":"https:\/\/www.mrgoodfish.com\/wp-content\/uploads\/2017\/12\/ACCIMA_icon2.png","contentUrl":"https:\/\/www.mrgoodfish.com\/wp-content\/uploads\/2017\/12\/ACCIMA_icon2.png","width":512,"height":512,"caption":"MrGoodfish"},"image":{"@id":"https:\/\/www.mrgoodfish.com\/es\/#\/schema\/logo\/image\/"},"sameAs":["https:\/\/www.facebook.com\/Mr.Goodfish\/","https:\/\/www.youtube.com\/watch?v=DAihK4kYYIU&amp;amp;amp;list=PLbo1bUfUHiUr3i_v_6H_jgEIzDqfx3Jio"]}]}},"_links":{"self":[{"href":"https:\/\/www.mrgoodfish.com\/es\/wp-json\/wp\/v2\/pages\/3963","targetHints":{"allow":["GET"]}}],"collection":[{"href":"https:\/\/www.mrgoodfish.com\/es\/wp-json\/wp\/v2\/pages"}],"about":[{"href":"https:\/\/www.mrgoodfish.com\/es\/wp-json\/wp\/v2\/types\/page"}],"author":[{"embeddable":true,"href":"https:\/\/www.mrgoodfish.com\/es\/wp-json\/wp\/v2\/users\/3"}],"replies":[{"embeddable":true,"href":"https:\/\/www.mrgoodfish.com\/es\/wp-json\/wp\/v2\/comments?post=3963"}],"version-history":[{"count":7,"href":"https:\/\/www.mrgoodfish.com\/es\/wp-json\/wp\/v2\/pages\/3963\/revisions"}],"predecessor-version":[{"id":4239,"href":"https:\/\/www.mrgoodfish.com\/es\/wp-json\/wp\/v2\/pages\/3963\/revisions\/4239"}],"up":[{"embeddable":true,"href":"https:\/\/www.mrgoodfish.com\/es\/wp-json\/wp\/v2\/pages\/3878"}],"wp:attachment":[{"href":"https:\/\/www.mrgoodfish.com\/es\/wp-json\/wp\/v2\/media?parent=3963"}],"curies":[{"name":"wp","href":"https:\/\/api.w.org\/{rel}","templated":true}]}}