{"id":3879,"date":"2018-06-08T12:35:35","date_gmt":"2018-06-08T10:35:35","guid":{"rendered":"https:\/\/www.mrgoodfish.com\/mr-goodfish\/los-acuario\/"},"modified":"2018-07-06T10:54:28","modified_gmt":"2018-07-06T08:54:28","slug":"los-acuario","status":"publish","type":"page","link":"https:\/\/www.mrgoodfish.com\/es\/mr-goodfish\/los-acuario\/","title":{"rendered":"Los acuarios"},"content":{"rendered":"<section class=\"wpb-content-wrapper\"><p>[vc_row full_width=\u00bbstretch_row\u00bb][vc_column]\n\t\t\t<section class=\" cover height-30 imagebg text-center\" data-overlay=\"0\" >\n\t\t\t    <div class=\"background-image-holder\">\n\t\t\t        <img loading=\"lazy\" decoding=\"async\" width=\"1500\" height=\"400\" src=\"https:\/\/www.mrgoodfish.com\/wp-content\/uploads\/2017\/11\/MRGF_header.jpg\" class=\"attachment-full size-full\" alt=\"MRGF_header | Mr.Goodfish\" srcset=\"https:\/\/www.mrgoodfish.com\/wp-content\/uploads\/2017\/11\/MRGF_header.jpg 1500w, https:\/\/www.mrgoodfish.com\/wp-content\/uploads\/2017\/11\/MRGF_header-300x80.jpg 300w, https:\/\/www.mrgoodfish.com\/wp-content\/uploads\/2017\/11\/MRGF_header-768x205.jpg 768w, https:\/\/www.mrgoodfish.com\/wp-content\/uploads\/2017\/11\/MRGF_header-1024x273.jpg 1024w, https:\/\/www.mrgoodfish.com\/wp-content\/uploads\/2017\/11\/MRGF_header-800x213.jpg 800w\" sizes=\"auto, (max-width: 1500px) 100vw, 1500px\" \/>\n\t\t\t    <\/div>\n\t\t\t    <div class=\"container pos-vertical-center\">\n\t\t\t        <div class=\"row\">\n\t\t\t            <div class=\"col-sm-12\">\n\t\t\t<section class=\"space--sm \">\n\t\t\t    <div class=\"container\">\n\t\t\t        <div class=\"row\">\n\t\t\t            <div class=\"col-sm-12\"><h1>Los acuarios<\/h1> <ol class=\"breadcrumbs\"><li><a href=\"https:\/\/www.mrgoodfish.com\/es\/\" class=\"home-link\" rel=\"home\">Home<\/a><\/li><li><a href=\"https:\/\/www.mrgoodfish.com\/es\/mr-goodfish\/\">Mr.Goodfish<\/a><\/li><li class=\"active\">Los acuarios<\/li><\/ol><hr><\/div>\n\t\t\t        <\/div><!--end of row-->\n\t\t\t    <\/div><!--end of container-->\n\t\t\t<\/section>\n\t\t<\/div>\n\t\t\t        <\/div><!--end of row-->\n\t\t\t    <\/div><!--end of container-->\n\t\t\t    \n\t\t\t<\/section>\n\t\t[\/vc_column][\/vc_row][vc_row][vc_column][vc_empty_space][\/vc_column][\/vc_row][vc_row css=\u00bb.vc_custom_1530264576273{background-color: #ffffff !important;}\u00bb][vc_column width=\u00bb2\/3&#8243;][vc_empty_space height=\u00bb10px\u00bb][vc_column_text]<a href=\"https:\/\/www.nausicaa.fr\/\" target=\"_blank rel=\"><b>Nausica\u00e1<\/b><\/a>\u00a0no es solo un acuario, es tambi\u00e9n un centro educativo y cultural dedicado a los oc\u00e9anos, una plataforma para iniciativas dise\u00f1adas para proteger el oc\u00e9ano, un lugar de encuentro para profesionales, cient\u00edficos, portavoces de asuntos oce\u00e1nicos, productores de cine, el p\u00fablico, los profesores y las familias, asi como para los numerosos agentes involucrados en los problemas que afectan a la vida marina.<\/p>\n<p style=\"text-align: justify;\">De los 600.000 visitantes anuales de Nausicaa, el 68% son franceses y el 38% extranjeros (sobre todo brit\u00e1nicos, belgas, holandeses y alemanes); el 13% de los visitantes viven en la C\u00f4te d\u2019Opale (cerca de Boulogne-sur-Mer); uno de cada dos visitantes ha estado ya en Nausicaa al menos una vez; y el 33% viene en grupos, de los cuales el 35% son ni\u00f1os.<br \/>\nNAUSICAA est\u00e1 situado en Boulogne-su-Mer, el mayor puerto pesquero de Francia y tambi\u00e9n el mayor centro de procesamiento de pescado de Europa.<\/p>\n<p>[\/vc_column_text][vc_empty_space height=\u00bb10&#8243;][\/vc_column][vc_column width=\u00bb1\/3&#8243;][vc_empty_space height=\u00bb10px\u00bb][vc_single_image image=\u00bb2386&#8243; img_size=\u00bbmedium\u00bb alignment=\u00bbcenter\u00bb onclick=\u00bbcustom_link\u00bb img_link_target=\u00bb_blank\u00bb link=\u00bbhttps:\/\/www.nausicaa.fr\/\u00bb][\/vc_column][\/vc_row][vc_row css=\u00bb.vc_custom_1530264610164{background-color: #ffffff !important;}\u00bb][vc_column width=\u00bb2\/3&#8243;][vc_column_text]El <a href=\"http:\/\/www.acquariodigenova.it\/\" target=\"_blank\" rel=\"noopener\"><b>Acquario Di Genova<\/b><\/a> es un centro educativo, cient\u00edfico y cultural que pretende desarrollar y consolidar la concienciaci\u00f3n sobre las relaciones sostenibles entre el hombre y el mar. El aquarium recibe 1.300.000 visitantes al a\u00f1o, procedentes de toda Italia (principalmente del norte y el centro) y de la mayor\u00eda de los paises europeos, con un peque\u00f1o porcentaje de visitantes de otros continentes. Genova est\u00e1 situada en la Regi\u00f3n de Liguria, en el Noroeste de Italia, encarada al mar, cerca de Francia. Es uno de los puertos comerciales y tur\u00edsticos m\u00e1s importantes del Mediterr\u00e1neo.<\/p>\n<p style=\"text-align: justify;\">En la provincia de G\u00e9nova existe un \u00c1rea Marina Protegida (Portofino) y varias \u00c1reas Regionales Protegidas, en Liguria tambi\u00e9n hay un \u00c1rea Marina Nacional Protegida (Cinque Terre) y muchas otras \u00c1reas Regionales Protegidas.<\/p>\n<p>[\/vc_column_text][vc_empty_space height=\u00bb10&#8243;][\/vc_column][vc_column width=\u00bb1\/3&#8243;][vc_single_image image=\u00bb1622&#8243; img_size=\u00bbmedium\u00bb alignment=\u00bbcenter\u00bb onclick=\u00bbcustom_link\u00bb img_link_target=\u00bb_blank\u00bb link=\u00bbhttps:\/\/www.acquariodigenova.it\/fr\/\u00bb][vc_empty_space][\/vc_column][\/vc_row][vc_row css=\u00bb.vc_custom_1530264623943{background-color: #ffffff !important;}\u00bb][vc_column width=\u00bb2\/3&#8243;][vc_empty_space height=\u00bb10px\u00bb][vc_column_text]El <a href=\"http:\/\/www.casaciencias.org\" target=\"_blank\" rel=\"noopener\"><b>Aquarium Finisterrae<\/b><\/a>\u00a0es un centro p\u00fablico de ciencia dedicado a la divulgaci\u00f3n cient\u00edfica de temas marinos y la educaci\u00f3n medioambiental cuyo principal objetivo es inspirar la conservaci\u00f3n del oc\u00e9ano a trav\u00e9s del conocimiento y las emociones. Pertenece y est\u00e1 gestionado por los Museos Cient\u00edficos Coru\u00f1eses del Excelent\u00edsimo Ayuntamiento de A Coru\u00f1a.<\/p>\n<p>[\/vc_column_text][\/vc_column][vc_column width=\u00bb1\/3&#8243;][vc_empty_space height=\u00bb10px\u00bb][vc_single_image image=\u00bb1626&#8243; img_size=\u00bbmedium\u00bb alignment=\u00bbcenter\u00bb onclick=\u00bbcustom_link\u00bb img_link_target=\u00bb_blank\u00bb link=\u00bbhttp:\/\/mc2coruna.org\/aquarium\/\u00bb][vc_empty_space height=\u00bb18px\u00bb][\/vc_column][\/vc_row][vc_row][vc_column][vc_empty_space][\/vc_column][\/vc_row]<\/p>\n<\/section>","protected":false},"excerpt":{"rendered":"<p>[vc_row full_width=\u00bbstretch_row\u00bb][vc_column][\/vc_column][\/vc_row][vc_row][vc_column][vc_empty_space][\/vc_column][\/vc_row][vc_row css=\u00bb.vc_custom_1530264576273{background-color: #ffffff !important;}\u00bb][vc_column width=\u00bb2\/3&#8243;][vc_empty_space height=\u00bb10px\u00bb][vc_column_text]Nausica\u00e1\u00a0no es solo un acuario, es tambi\u00e9n un centro educativo y cultural dedicado a los oc\u00e9anos,&#8230;<\/p>\n","protected":false},"author":3,"featured_media":0,"parent":3878,"menu_order":6,"comment_status":"closed","ping_status":"closed","template":"","meta":{"footnotes":""},"class_list":["post-3879","page","type-page","status-publish","hentry"],"better_featured_image":null,"yoast_head":"<!-- This site is optimized with the Yoast SEO plugin v27.5 - https:\/\/yoast.com\/product\/yoast-seo-wordpress\/ -->\n<title>Los acuarios - Mr.Goodfish<\/title>\n<meta name=\"robots\" content=\"index, follow, max-snippet:-1, max-image-preview:large, max-video-preview:-1\" \/>\n<link rel=\"canonical\" href=\"https:\/\/www.mrgoodfish.com\/es\/mr-goodfish\/los-acuario\/\" \/>\n<meta property=\"og:locale\" content=\"es_ES\" \/>\n<meta property=\"og:type\" content=\"article\" \/>\n<meta property=\"og:title\" content=\"Los acuarios - Mr.Goodfish\" \/>\n<meta property=\"og:description\" content=\"[vc_row full_width=\u00bbstretch_row\u00bb][vc_column][\/vc_column][\/vc_row][vc_row][vc_column][vc_empty_space][\/vc_column][\/vc_row][vc_row css=\u00bb.vc_custom_1530264576273{background-color: #ffffff !important;}\u00bb][vc_column width=\u00bb2\/3&#8243;][vc_empty_space height=\u00bb10px\u00bb][vc_column_text]Nausica\u00e1\u00a0no es solo un acuario, es tambi\u00e9n un centro educativo y cultural dedicado a los oc\u00e9anos,...\" \/>\n<meta property=\"og:url\" content=\"https:\/\/www.mrgoodfish.com\/es\/mr-goodfish\/los-acuario\/\" \/>\n<meta property=\"og:site_name\" content=\"Mr.Goodfish\" \/>\n<meta property=\"article:publisher\" content=\"https:\/\/www.facebook.com\/Mr.Goodfish\/\" \/>\n<meta property=\"article:modified_time\" content=\"2018-07-06T08:54:28+00:00\" \/>\n<meta name=\"twitter:card\" content=\"summary_large_image\" \/>\n<meta name=\"twitter:label1\" content=\"Tiempo de lectura\" \/>\n\t<meta name=\"twitter:data1\" content=\"3 minutos\" \/>\n<script type=\"application\/ld+json\" class=\"yoast-schema-graph\">{\"@context\":\"https:\\\/\\\/schema.org\",\"@graph\":[{\"@type\":\"WebPage\",\"@id\":\"https:\\\/\\\/www.mrgoodfish.com\\\/es\\\/mr-goodfish\\\/los-acuario\\\/\",\"url\":\"https:\\\/\\\/www.mrgoodfish.com\\\/es\\\/mr-goodfish\\\/los-acuario\\\/\",\"name\":\"Los acuarios - Mr.Goodfish\",\"isPartOf\":{\"@id\":\"https:\\\/\\\/www.mrgoodfish.com\\\/es\\\/#website\"},\"datePublished\":\"2018-06-08T10:35:35+00:00\",\"dateModified\":\"2018-07-06T08:54:28+00:00\",\"breadcrumb\":{\"@id\":\"https:\\\/\\\/www.mrgoodfish.com\\\/es\\\/mr-goodfish\\\/los-acuario\\\/#breadcrumb\"},\"inLanguage\":\"es\",\"potentialAction\":[{\"@type\":\"ReadAction\",\"target\":[\"https:\\\/\\\/www.mrgoodfish.com\\\/es\\\/mr-goodfish\\\/los-acuario\\\/\"]}]},{\"@type\":\"BreadcrumbList\",\"@id\":\"https:\\\/\\\/www.mrgoodfish.com\\\/es\\\/mr-goodfish\\\/los-acuario\\\/#breadcrumb\",\"itemListElement\":[{\"@type\":\"ListItem\",\"position\":1,\"name\":\"Accueil\",\"item\":\"https:\\\/\\\/www.mrgoodfish.com\\\/es\\\/\"},{\"@type\":\"ListItem\",\"position\":2,\"name\":\"Mr.Goodfish\",\"item\":\"https:\\\/\\\/www.mrgoodfish.com\\\/es\\\/mr-goodfish-2\\\/\"},{\"@type\":\"ListItem\",\"position\":3,\"name\":\"Los acuarios\"}]},{\"@type\":\"WebSite\",\"@id\":\"https:\\\/\\\/www.mrgoodfish.com\\\/es\\\/#website\",\"url\":\"https:\\\/\\\/www.mrgoodfish.com\\\/es\\\/\",\"name\":\"Mr.Goodfish\",\"description\":\"\",\"publisher\":{\"@id\":\"https:\\\/\\\/www.mrgoodfish.com\\\/es\\\/#organization\"},\"potentialAction\":[{\"@type\":\"SearchAction\",\"target\":{\"@type\":\"EntryPoint\",\"urlTemplate\":\"https:\\\/\\\/www.mrgoodfish.com\\\/es\\\/?s={search_term_string}\"},\"query-input\":{\"@type\":\"PropertyValueSpecification\",\"valueRequired\":true,\"valueName\":\"search_term_string\"}}],\"inLanguage\":\"es\"},{\"@type\":\"Organization\",\"@id\":\"https:\\\/\\\/www.mrgoodfish.com\\\/es\\\/#organization\",\"name\":\"MrGoodfish\",\"url\":\"https:\\\/\\\/www.mrgoodfish.com\\\/es\\\/\",\"logo\":{\"@type\":\"ImageObject\",\"inLanguage\":\"es\",\"@id\":\"https:\\\/\\\/www.mrgoodfish.com\\\/es\\\/#\\\/schema\\\/logo\\\/image\\\/\",\"url\":\"https:\\\/\\\/www.mrgoodfish.com\\\/wp-content\\\/uploads\\\/2017\\\/12\\\/ACCIMA_icon2.png\",\"contentUrl\":\"https:\\\/\\\/www.mrgoodfish.com\\\/wp-content\\\/uploads\\\/2017\\\/12\\\/ACCIMA_icon2.png\",\"width\":512,\"height\":512,\"caption\":\"MrGoodfish\"},\"image\":{\"@id\":\"https:\\\/\\\/www.mrgoodfish.com\\\/es\\\/#\\\/schema\\\/logo\\\/image\\\/\"},\"sameAs\":[\"https:\\\/\\\/www.facebook.com\\\/Mr.Goodfish\\\/\",\"https:\\\/\\\/www.youtube.com\\\/watch?v=DAihK4kYYIU&amp;amp;amp;list=PLbo1bUfUHiUr3i_v_6H_jgEIzDqfx3Jio\"]}]}<\/script>\n<!-- \/ Yoast SEO plugin. -->","yoast_head_json":{"title":"Los acuarios - Mr.Goodfish","robots":{"index":"index","follow":"follow","max-snippet":"max-snippet:-1","max-image-preview":"max-image-preview:large","max-video-preview":"max-video-preview:-1"},"canonical":"https:\/\/www.mrgoodfish.com\/es\/mr-goodfish\/los-acuario\/","og_locale":"es_ES","og_type":"article","og_title":"Los acuarios - Mr.Goodfish","og_description":"[vc_row full_width=\u00bbstretch_row\u00bb][vc_column][\/vc_column][\/vc_row][vc_row][vc_column][vc_empty_space][\/vc_column][\/vc_row][vc_row css=\u00bb.vc_custom_1530264576273{background-color: #ffffff !important;}\u00bb][vc_column width=\u00bb2\/3&#8243;][vc_empty_space height=\u00bb10px\u00bb][vc_column_text]Nausica\u00e1\u00a0no es solo un acuario, es tambi\u00e9n un centro educativo y cultural dedicado a los oc\u00e9anos,...","og_url":"https:\/\/www.mrgoodfish.com\/es\/mr-goodfish\/los-acuario\/","og_site_name":"Mr.Goodfish","article_publisher":"https:\/\/www.facebook.com\/Mr.Goodfish\/","article_modified_time":"2018-07-06T08:54:28+00:00","twitter_card":"summary_large_image","twitter_misc":{"Tiempo de lectura":"3 minutos"},"schema":{"@context":"https:\/\/schema.org","@graph":[{"@type":"WebPage","@id":"https:\/\/www.mrgoodfish.com\/es\/mr-goodfish\/los-acuario\/","url":"https:\/\/www.mrgoodfish.com\/es\/mr-goodfish\/los-acuario\/","name":"Los acuarios - Mr.Goodfish","isPartOf":{"@id":"https:\/\/www.mrgoodfish.com\/es\/#website"},"datePublished":"2018-06-08T10:35:35+00:00","dateModified":"2018-07-06T08:54:28+00:00","breadcrumb":{"@id":"https:\/\/www.mrgoodfish.com\/es\/mr-goodfish\/los-acuario\/#breadcrumb"},"inLanguage":"es","potentialAction":[{"@type":"ReadAction","target":["https:\/\/www.mrgoodfish.com\/es\/mr-goodfish\/los-acuario\/"]}]},{"@type":"BreadcrumbList","@id":"https:\/\/www.mrgoodfish.com\/es\/mr-goodfish\/los-acuario\/#breadcrumb","itemListElement":[{"@type":"ListItem","position":1,"name":"Accueil","item":"https:\/\/www.mrgoodfish.com\/es\/"},{"@type":"ListItem","position":2,"name":"Mr.Goodfish","item":"https:\/\/www.mrgoodfish.com\/es\/mr-goodfish-2\/"},{"@type":"ListItem","position":3,"name":"Los acuarios"}]},{"@type":"WebSite","@id":"https:\/\/www.mrgoodfish.com\/es\/#website","url":"https:\/\/www.mrgoodfish.com\/es\/","name":"Mr.Goodfish","description":"","publisher":{"@id":"https:\/\/www.mrgoodfish.com\/es\/#organization"},"potentialAction":[{"@type":"SearchAction","target":{"@type":"EntryPoint","urlTemplate":"https:\/\/www.mrgoodfish.com\/es\/?s={search_term_string}"},"query-input":{"@type":"PropertyValueSpecification","valueRequired":true,"valueName":"search_term_string"}}],"inLanguage":"es"},{"@type":"Organization","@id":"https:\/\/www.mrgoodfish.com\/es\/#organization","name":"MrGoodfish","url":"https:\/\/www.mrgoodfish.com\/es\/","logo":{"@type":"ImageObject","inLanguage":"es","@id":"https:\/\/www.mrgoodfish.com\/es\/#\/schema\/logo\/image\/","url":"https:\/\/www.mrgoodfish.com\/wp-content\/uploads\/2017\/12\/ACCIMA_icon2.png","contentUrl":"https:\/\/www.mrgoodfish.com\/wp-content\/uploads\/2017\/12\/ACCIMA_icon2.png","width":512,"height":512,"caption":"MrGoodfish"},"image":{"@id":"https:\/\/www.mrgoodfish.com\/es\/#\/schema\/logo\/image\/"},"sameAs":["https:\/\/www.facebook.com\/Mr.Goodfish\/","https:\/\/www.youtube.com\/watch?v=DAihK4kYYIU&amp;amp;amp;list=PLbo1bUfUHiUr3i_v_6H_jgEIzDqfx3Jio"]}]}},"_links":{"self":[{"href":"https:\/\/www.mrgoodfish.com\/es\/wp-json\/wp\/v2\/pages\/3879","targetHints":{"allow":["GET"]}}],"collection":[{"href":"https:\/\/www.mrgoodfish.com\/es\/wp-json\/wp\/v2\/pages"}],"about":[{"href":"https:\/\/www.mrgoodfish.com\/es\/wp-json\/wp\/v2\/types\/page"}],"author":[{"embeddable":true,"href":"https:\/\/www.mrgoodfish.com\/es\/wp-json\/wp\/v2\/users\/3"}],"replies":[{"embeddable":true,"href":"https:\/\/www.mrgoodfish.com\/es\/wp-json\/wp\/v2\/comments?post=3879"}],"version-history":[{"count":10,"href":"https:\/\/www.mrgoodfish.com\/es\/wp-json\/wp\/v2\/pages\/3879\/revisions"}],"predecessor-version":[{"id":4445,"href":"https:\/\/www.mrgoodfish.com\/es\/wp-json\/wp\/v2\/pages\/3879\/revisions\/4445"}],"up":[{"embeddable":true,"href":"https:\/\/www.mrgoodfish.com\/es\/wp-json\/wp\/v2\/pages\/3878"}],"wp:attachment":[{"href":"https:\/\/www.mrgoodfish.com\/es\/wp-json\/wp\/v2\/media?parent=3879"}],"curies":[{"name":"wp","href":"https:\/\/api.w.org\/{rel}","templated":true}]}}