{"id":3833,"date":"2018-05-29T09:42:27","date_gmt":"2018-05-29T07:42:27","guid":{"rendered":"https:\/\/www.mrgoodfish.com\/quien-es-mr-goodfish\/"},"modified":"2024-04-11T09:37:48","modified_gmt":"2024-04-11T07:37:48","slug":"quien-es-mr-goodfish","status":"publish","type":"page","link":"https:\/\/www.mrgoodfish.com\/es\/mr-goodfish\/quien-es-mr-goodfish\/","title":{"rendered":"\u00bfQui\u00e9n es Mr.Goodfish?"},"content":{"rendered":"<section class=\"wpb-content-wrapper\"><p>[vc_row full_width=\u00bbstretch_row\u00bb][vc_column]\n\t\t\t<section class=\" cover height-30 imagebg text-center\" data-overlay=\"1\" >\n\t\t\t    <div class=\"background-image-holder\">\n\t\t\t        <img loading=\"lazy\" decoding=\"async\" width=\"1500\" height=\"400\" src=\"https:\/\/www.mrgoodfish.com\/wp-content\/uploads\/2017\/11\/MRGF_header.jpg\" class=\"attachment-full size-full\" alt=\"MRGF_header | Mr.Goodfish\" srcset=\"https:\/\/www.mrgoodfish.com\/wp-content\/uploads\/2017\/11\/MRGF_header.jpg 1500w, https:\/\/www.mrgoodfish.com\/wp-content\/uploads\/2017\/11\/MRGF_header-300x80.jpg 300w, https:\/\/www.mrgoodfish.com\/wp-content\/uploads\/2017\/11\/MRGF_header-768x205.jpg 768w, https:\/\/www.mrgoodfish.com\/wp-content\/uploads\/2017\/11\/MRGF_header-1024x273.jpg 1024w, https:\/\/www.mrgoodfish.com\/wp-content\/uploads\/2017\/11\/MRGF_header-800x213.jpg 800w\" sizes=\"auto, (max-width: 1500px) 100vw, 1500px\" \/>\n\t\t\t    <\/div>\n\t\t\t    <div class=\"container pos-vertical-center\">\n\t\t\t        <div class=\"row\">\n\t\t\t            <div class=\"col-sm-12\">\n\t\t\t<section class=\"space--sm \">\n\t\t\t    <div class=\"container\">\n\t\t\t        <div class=\"row\">\n\t\t\t            <div class=\"col-sm-12\"><h1>\u00bfQui\u00e9n es Mr.Goodfish?<\/h1> <ol class=\"breadcrumbs\"><li><a href=\"https:\/\/www.mrgoodfish.com\/es\/\" class=\"home-link\" rel=\"home\">Home<\/a><\/li><li><a href=\"https:\/\/www.mrgoodfish.com\/es\/mr-goodfish\/\">Mr.Goodfish<\/a><\/li><li class=\"active\">\u00bfQui\u00e9n es Mr.Goodfish?<\/li><\/ol><hr><\/div>\n\t\t\t        <\/div><!--end of row-->\n\t\t\t    <\/div><!--end of container-->\n\t\t\t<\/section>\n\t\t<\/div>\n\t\t\t        <\/div><!--end of row-->\n\t\t\t    <\/div><!--end of container-->\n\t\t\t    \n\t\t\t<\/section>\n\t\t[\/vc_column][\/vc_row][vc_row][vc_column][vc_empty_space height=\u00bb50px\u00bb][\/vc_column][\/vc_row][vc_row css=\u00bb.vc_custom_1530605732797{background-color: #ffffff !important;}\u00bb][vc_column][vc_column_text]<span>Mr. Goodfish es el nombre de una campa\u00f1a que promueve el consumo sostenible de productos marinos, presentada por tres acuarios bajo el amparo de la World Ocean Network: <strong><a href=\"http:\/\/www.nausicaa.fr\/\" target=\"_blank\" rel=\"noopener\">Nausicaa<\/a><\/strong>-Centre de la Mer, en Francia, <strong><a href=\"http:\/\/www.acquariodigenova.it\/jsp\/index.jsp\" target=\"_blank\" rel=\"noopener\">el Acquario di Genova<\/a><\/strong>, en Italia y <a href=\"http:\/\/mc2coruna.org\/aquarium\/\" target=\"_blank\" rel=\"noopener\"><strong>el Aquarium Finisterrae<\/strong><\/a> en Espa\u00f1a. En conjunto, atraen a m\u00e1s de dos millones y medio de visitantes cada a\u00f1o.<\/span>[\/vc_column_text][vc_empty_space height=\u00bb10px\u00bb][\/vc_column][\/vc_row][vc_row css=\u00bb.vc_custom_1530605755424{background-color: #ffffff !important;}\u00bb][vc_column width=\u00bb1\/3&#8243;][vc_empty_space height=\u00bb30px\u00bb][vc_single_image image=\u00bb7793&#8243; img_size=\u00bbmedium\u00bb onclick=\u00bbcustom_link\u00bb img_link_target=\u00bb_blank\u00bb link=\u00bbhttps:\/\/www.acquariodigenova.it\/fr\/\u00bb][vc_empty_space height=\u00bb30px\u00bb][\/vc_column][vc_column width=\u00bb1\/3&#8243;][vc_single_image image=\u00bb7794&#8243; img_size=\u00bbmedium\u00bb alignment=\u00bbcenter\u00bb onclick=\u00bbcustom_link\u00bb img_link_target=\u00bb_blank\u00bb link=\u00bbhttp:\/\/mc2coruna.org\/aquarium\/\u00bb][vc_empty_space height=\u00bb30px\u00bb][\/vc_column][vc_column width=\u00bb1\/3&#8243;][vc_empty_space height=\u00bb30px\u00bb][vc_single_image image=\u00bb14769&#8243; img_size=\u00bblarge\u00bb onclick=\u00bbcustom_link\u00bb img_link_target=\u00bb_blank\u00bb link=\u00bbhttps:\/\/www.nausicaa.fr\/\u00bb][vc_empty_space height=\u00bb30px\u00bb][\/vc_column][\/vc_row][vc_row][vc_column][vc_empty_space height=\u00bb50px\u00bb][\/vc_column][\/vc_row][vc_row css=\u00bb.vc_custom_1530605768567{background-color: #ffffff !important;}\u00bb][vc_column][vc_empty_space height=\u00bb10px\u00bb][vc_column_text]<\/p>\n<p style=\"text-align: center;\"><strong><span><b class=\"b5\">\u00a0Esas organizaciones son<\/b> bajo el amparo de <\/span>:<br \/>\n<\/strong><strong>World Ocean Network<\/strong><\/p>\n<p>[\/vc_column_text][vc_empty_space height=\u00bb25px\u00bb][vc_single_image image=\u00bb7714&#8243; img_size=\u00bbmedium\u00bb alignment=\u00bbcenter\u00bb onclick=\u00bbcustom_link\u00bb img_link_target=\u00bb_blank\u00bb link=\u00bbhttps:\/\/www.worldoceannetwork.org\/\u00bb][vc_column_text]<\/p>\n<p class=\"txt\" style=\"background: white; vertical-align: baseline;\"><span style=\"font-size: 10.5pt; font-family: 'Verdana',sans-serif; color: #4c4c4c;\">M\u00e1s de 450<\/span><span style=\"font-size: 10.5pt; font-family: 'Verdana',sans-serif; color: #4c4c4c;\"> organizaciones participan en la red, y son organizaciones educativas, aquariums, centros de ciencia, museos de historia natural, zoos y ONGs. Tienen una audiencia de m\u00e1s de 250 millones de personas cada a\u00f1o en todo el mundo. <\/span><\/p>\n<p class=\"txt\" style=\"background: white; vertical-align: baseline;\"><span style=\"font-size: 10.5pt; font-family: 'Verdana',sans-serif; color: #4c4c4c;\">El papel que pueden desempe\u00f1ar en el desarrollo de estrategias de comunicaci\u00f3n dirigidas al gran p\u00fablico es muy real e influye en el incremento de la concienciaci\u00f3n p\u00fablica sobre los asuntos marinos, la conservaci\u00f3n y la identidad.<\/span><\/p>\n<p>[\/vc_column_text][vc_empty_space height=\u00bb25px\u00bb][\/vc_column][\/vc_row][vc_row][vc_column][vc_empty_space height=\u00bb50px\u00bb][\/vc_column][\/vc_row]<\/p>\n<\/section>","protected":false},"excerpt":{"rendered":"<p>[vc_row full_width=\u00bbstretch_row\u00bb][vc_column][\/vc_column][\/vc_row][vc_row][vc_column][vc_empty_space height=\u00bb50px\u00bb][\/vc_column][\/vc_row][vc_row css=\u00bb.vc_custom_1530605732797{background-color: #ffffff !important;}\u00bb][vc_column][vc_column_text]Mr. Goodfish es el nombre de una campa\u00f1a que promueve el consumo sostenible de productos marinos, presentada&#8230;<\/p>\n","protected":false},"author":4,"featured_media":0,"parent":3878,"menu_order":0,"comment_status":"closed","ping_status":"closed","template":"","meta":{"footnotes":""},"class_list":["post-3833","page","type-page","status-publish","hentry"],"better_featured_image":null,"yoast_head":"<!-- This site is optimized with the Yoast SEO plugin v27.4 - https:\/\/yoast.com\/product\/yoast-seo-wordpress\/ -->\n<title>\u00bfQui\u00e9n es Mr.Goodfish? - Mr.Goodfish<\/title>\n<meta name=\"robots\" content=\"index, follow, max-snippet:-1, max-image-preview:large, max-video-preview:-1\" \/>\n<link rel=\"canonical\" href=\"https:\/\/www.mrgoodfish.com\/es\/mr-goodfish\/quien-es-mr-goodfish\/\" \/>\n<meta property=\"og:locale\" content=\"es_ES\" \/>\n<meta property=\"og:type\" content=\"article\" \/>\n<meta property=\"og:title\" content=\"\u00bfQui\u00e9n es Mr.Goodfish? - Mr.Goodfish\" \/>\n<meta property=\"og:description\" content=\"[vc_row full_width=\u00bbstretch_row\u00bb][vc_column][\/vc_column][\/vc_row][vc_row][vc_column][vc_empty_space height=\u00bb50px\u00bb][\/vc_column][\/vc_row][vc_row css=\u00bb.vc_custom_1530605732797{background-color: #ffffff !important;}\u00bb][vc_column][vc_column_text]Mr. Goodfish es el nombre de una campa\u00f1a que promueve el consumo sostenible de productos marinos, presentada...\" \/>\n<meta property=\"og:url\" content=\"https:\/\/www.mrgoodfish.com\/es\/mr-goodfish\/quien-es-mr-goodfish\/\" \/>\n<meta property=\"og:site_name\" content=\"Mr.Goodfish\" \/>\n<meta property=\"article:publisher\" content=\"https:\/\/www.facebook.com\/Mr.Goodfish\/\" \/>\n<meta property=\"article:modified_time\" content=\"2024-04-11T07:37:48+00:00\" \/>\n<meta name=\"twitter:card\" content=\"summary_large_image\" \/>\n<meta name=\"twitter:label1\" content=\"Tiempo de lectura\" \/>\n\t<meta name=\"twitter:data1\" content=\"2 minutos\" \/>\n<script type=\"application\/ld+json\" class=\"yoast-schema-graph\">{\"@context\":\"https:\\\/\\\/schema.org\",\"@graph\":[{\"@type\":\"WebPage\",\"@id\":\"https:\\\/\\\/www.mrgoodfish.com\\\/es\\\/mr-goodfish\\\/quien-es-mr-goodfish\\\/\",\"url\":\"https:\\\/\\\/www.mrgoodfish.com\\\/es\\\/mr-goodfish\\\/quien-es-mr-goodfish\\\/\",\"name\":\"\u00bfQui\u00e9n es Mr.Goodfish? - Mr.Goodfish\",\"isPartOf\":{\"@id\":\"https:\\\/\\\/www.mrgoodfish.com\\\/es\\\/#website\"},\"datePublished\":\"2018-05-29T07:42:27+00:00\",\"dateModified\":\"2024-04-11T07:37:48+00:00\",\"breadcrumb\":{\"@id\":\"https:\\\/\\\/www.mrgoodfish.com\\\/es\\\/mr-goodfish\\\/quien-es-mr-goodfish\\\/#breadcrumb\"},\"inLanguage\":\"es\",\"potentialAction\":[{\"@type\":\"ReadAction\",\"target\":[\"https:\\\/\\\/www.mrgoodfish.com\\\/es\\\/mr-goodfish\\\/quien-es-mr-goodfish\\\/\"]}]},{\"@type\":\"BreadcrumbList\",\"@id\":\"https:\\\/\\\/www.mrgoodfish.com\\\/es\\\/mr-goodfish\\\/quien-es-mr-goodfish\\\/#breadcrumb\",\"itemListElement\":[{\"@type\":\"ListItem\",\"position\":1,\"name\":\"Accueil\",\"item\":\"https:\\\/\\\/www.mrgoodfish.com\\\/es\\\/\"},{\"@type\":\"ListItem\",\"position\":2,\"name\":\"Mr.Goodfish\",\"item\":\"https:\\\/\\\/www.mrgoodfish.com\\\/es\\\/mr-goodfish-2\\\/\"},{\"@type\":\"ListItem\",\"position\":3,\"name\":\"\u00bfQui\u00e9n es Mr.Goodfish?\"}]},{\"@type\":\"WebSite\",\"@id\":\"https:\\\/\\\/www.mrgoodfish.com\\\/es\\\/#website\",\"url\":\"https:\\\/\\\/www.mrgoodfish.com\\\/es\\\/\",\"name\":\"Mr.Goodfish\",\"description\":\"\",\"publisher\":{\"@id\":\"https:\\\/\\\/www.mrgoodfish.com\\\/es\\\/#organization\"},\"potentialAction\":[{\"@type\":\"SearchAction\",\"target\":{\"@type\":\"EntryPoint\",\"urlTemplate\":\"https:\\\/\\\/www.mrgoodfish.com\\\/es\\\/?s={search_term_string}\"},\"query-input\":{\"@type\":\"PropertyValueSpecification\",\"valueRequired\":true,\"valueName\":\"search_term_string\"}}],\"inLanguage\":\"es\"},{\"@type\":\"Organization\",\"@id\":\"https:\\\/\\\/www.mrgoodfish.com\\\/es\\\/#organization\",\"name\":\"MrGoodfish\",\"url\":\"https:\\\/\\\/www.mrgoodfish.com\\\/es\\\/\",\"logo\":{\"@type\":\"ImageObject\",\"inLanguage\":\"es\",\"@id\":\"https:\\\/\\\/www.mrgoodfish.com\\\/es\\\/#\\\/schema\\\/logo\\\/image\\\/\",\"url\":\"https:\\\/\\\/www.mrgoodfish.com\\\/wp-content\\\/uploads\\\/2017\\\/12\\\/ACCIMA_icon2.png\",\"contentUrl\":\"https:\\\/\\\/www.mrgoodfish.com\\\/wp-content\\\/uploads\\\/2017\\\/12\\\/ACCIMA_icon2.png\",\"width\":512,\"height\":512,\"caption\":\"MrGoodfish\"},\"image\":{\"@id\":\"https:\\\/\\\/www.mrgoodfish.com\\\/es\\\/#\\\/schema\\\/logo\\\/image\\\/\"},\"sameAs\":[\"https:\\\/\\\/www.facebook.com\\\/Mr.Goodfish\\\/\",\"https:\\\/\\\/www.youtube.com\\\/watch?v=DAihK4kYYIU&amp;amp;amp;list=PLbo1bUfUHiUr3i_v_6H_jgEIzDqfx3Jio\"]}]}<\/script>\n<!-- \/ Yoast SEO plugin. -->","yoast_head_json":{"title":"\u00bfQui\u00e9n es Mr.Goodfish? - Mr.Goodfish","robots":{"index":"index","follow":"follow","max-snippet":"max-snippet:-1","max-image-preview":"max-image-preview:large","max-video-preview":"max-video-preview:-1"},"canonical":"https:\/\/www.mrgoodfish.com\/es\/mr-goodfish\/quien-es-mr-goodfish\/","og_locale":"es_ES","og_type":"article","og_title":"\u00bfQui\u00e9n es Mr.Goodfish? - Mr.Goodfish","og_description":"[vc_row full_width=\u00bbstretch_row\u00bb][vc_column][\/vc_column][\/vc_row][vc_row][vc_column][vc_empty_space height=\u00bb50px\u00bb][\/vc_column][\/vc_row][vc_row css=\u00bb.vc_custom_1530605732797{background-color: #ffffff !important;}\u00bb][vc_column][vc_column_text]Mr. Goodfish es el nombre de una campa\u00f1a que promueve el consumo sostenible de productos marinos, presentada...","og_url":"https:\/\/www.mrgoodfish.com\/es\/mr-goodfish\/quien-es-mr-goodfish\/","og_site_name":"Mr.Goodfish","article_publisher":"https:\/\/www.facebook.com\/Mr.Goodfish\/","article_modified_time":"2024-04-11T07:37:48+00:00","twitter_card":"summary_large_image","twitter_misc":{"Tiempo de lectura":"2 minutos"},"schema":{"@context":"https:\/\/schema.org","@graph":[{"@type":"WebPage","@id":"https:\/\/www.mrgoodfish.com\/es\/mr-goodfish\/quien-es-mr-goodfish\/","url":"https:\/\/www.mrgoodfish.com\/es\/mr-goodfish\/quien-es-mr-goodfish\/","name":"\u00bfQui\u00e9n es Mr.Goodfish? - Mr.Goodfish","isPartOf":{"@id":"https:\/\/www.mrgoodfish.com\/es\/#website"},"datePublished":"2018-05-29T07:42:27+00:00","dateModified":"2024-04-11T07:37:48+00:00","breadcrumb":{"@id":"https:\/\/www.mrgoodfish.com\/es\/mr-goodfish\/quien-es-mr-goodfish\/#breadcrumb"},"inLanguage":"es","potentialAction":[{"@type":"ReadAction","target":["https:\/\/www.mrgoodfish.com\/es\/mr-goodfish\/quien-es-mr-goodfish\/"]}]},{"@type":"BreadcrumbList","@id":"https:\/\/www.mrgoodfish.com\/es\/mr-goodfish\/quien-es-mr-goodfish\/#breadcrumb","itemListElement":[{"@type":"ListItem","position":1,"name":"Accueil","item":"https:\/\/www.mrgoodfish.com\/es\/"},{"@type":"ListItem","position":2,"name":"Mr.Goodfish","item":"https:\/\/www.mrgoodfish.com\/es\/mr-goodfish-2\/"},{"@type":"ListItem","position":3,"name":"\u00bfQui\u00e9n es Mr.Goodfish?"}]},{"@type":"WebSite","@id":"https:\/\/www.mrgoodfish.com\/es\/#website","url":"https:\/\/www.mrgoodfish.com\/es\/","name":"Mr.Goodfish","description":"","publisher":{"@id":"https:\/\/www.mrgoodfish.com\/es\/#organization"},"potentialAction":[{"@type":"SearchAction","target":{"@type":"EntryPoint","urlTemplate":"https:\/\/www.mrgoodfish.com\/es\/?s={search_term_string}"},"query-input":{"@type":"PropertyValueSpecification","valueRequired":true,"valueName":"search_term_string"}}],"inLanguage":"es"},{"@type":"Organization","@id":"https:\/\/www.mrgoodfish.com\/es\/#organization","name":"MrGoodfish","url":"https:\/\/www.mrgoodfish.com\/es\/","logo":{"@type":"ImageObject","inLanguage":"es","@id":"https:\/\/www.mrgoodfish.com\/es\/#\/schema\/logo\/image\/","url":"https:\/\/www.mrgoodfish.com\/wp-content\/uploads\/2017\/12\/ACCIMA_icon2.png","contentUrl":"https:\/\/www.mrgoodfish.com\/wp-content\/uploads\/2017\/12\/ACCIMA_icon2.png","width":512,"height":512,"caption":"MrGoodfish"},"image":{"@id":"https:\/\/www.mrgoodfish.com\/es\/#\/schema\/logo\/image\/"},"sameAs":["https:\/\/www.facebook.com\/Mr.Goodfish\/","https:\/\/www.youtube.com\/watch?v=DAihK4kYYIU&amp;amp;amp;list=PLbo1bUfUHiUr3i_v_6H_jgEIzDqfx3Jio"]}]}},"_links":{"self":[{"href":"https:\/\/www.mrgoodfish.com\/es\/wp-json\/wp\/v2\/pages\/3833","targetHints":{"allow":["GET"]}}],"collection":[{"href":"https:\/\/www.mrgoodfish.com\/es\/wp-json\/wp\/v2\/pages"}],"about":[{"href":"https:\/\/www.mrgoodfish.com\/es\/wp-json\/wp\/v2\/types\/page"}],"author":[{"embeddable":true,"href":"https:\/\/www.mrgoodfish.com\/es\/wp-json\/wp\/v2\/users\/4"}],"replies":[{"embeddable":true,"href":"https:\/\/www.mrgoodfish.com\/es\/wp-json\/wp\/v2\/comments?post=3833"}],"version-history":[{"count":10,"href":"https:\/\/www.mrgoodfish.com\/es\/wp-json\/wp\/v2\/pages\/3833\/revisions"}],"predecessor-version":[{"id":14784,"href":"https:\/\/www.mrgoodfish.com\/es\/wp-json\/wp\/v2\/pages\/3833\/revisions\/14784"}],"up":[{"embeddable":true,"href":"https:\/\/www.mrgoodfish.com\/es\/wp-json\/wp\/v2\/pages\/3878"}],"wp:attachment":[{"href":"https:\/\/www.mrgoodfish.com\/es\/wp-json\/wp\/v2\/media?parent=3833"}],"curies":[{"name":"wp","href":"https:\/\/api.w.org\/{rel}","templated":true}]}}