{"id":3802,"date":"2018-05-29T08:58:04","date_gmt":"2018-05-29T06:58:04","guid":{"rendered":"https:\/\/www.mrgoodfish.com\/inicio\/"},"modified":"2024-12-03T09:48:16","modified_gmt":"2024-12-03T08:48:16","slug":"inicio-2","status":"publish","type":"page","link":"https:\/\/www.mrgoodfish.com\/es\/","title":{"rendered":"Inicio"},"content":{"rendered":"<section class=\"wpb-content-wrapper\"><p>[vc_row full_width=\u00bbstretch_row\u00bb content_placement=\u00bbmiddle\u00bb][vc_column][rev_slider_vc alias=\u00bbaccueil\u00bb][\/vc_column][\/vc_row][vc_row full_width=\u00bbstretch_row\u00bb parallax=\u00bbcontent-moving\u00bb parallax_image=\u00bb1882&#8243; el_class=\u00bbvc_accueil_appli\u00bb][vc_column][vc_column_text]<\/p>\n<h2>\u00a1Descubre la app Mr.Goodfish!<\/h2>\n<p><strong>Todo lo que necesitas saber para consumir de manera responsable.<\/strong><\/p>\n<p>\u00a1Descarga nuestra aplicaci\u00f3n m\u00f3vil! Una oportunidad para acceder a las recomendaciones y noticias de Mr.Goodfish.<br \/>\nAqu\u00ed encontrar\u00e1s toda la informaci\u00f3n sobre qu\u00e9 pescado consumir y d\u00f3nde encontrarlo.<\/p>\n<p class=\"center-sm\"><img loading=\"lazy\" decoding=\"async\" class=\"alignnone size-full wp-image-114\" src=\"https:\/\/www.mrgoodfish.com\/wp-content\/uploads\/2017\/10\/appstore.png\" alt=\"\" width=\"114\" height=\"37\" \/><img loading=\"lazy\" decoding=\"async\" class=\"alignnone size-medium wp-image-116\" src=\"https:\/\/www.mrgoodfish.com\/wp-content\/uploads\/2017\/10\/googleplay.png\" alt=\"\" width=\"114\" height=\"37\" \/><\/p>\n<p>[\/vc_column_text][vc_single_image image=\u00bb14530&#8243; img_size=\u00bb560&#215;419&#8243; alignment=\u00bbright\u00bb onclick=\u00bbcustom_link\u00bb css_animation=\u00bbslideInRight\u00bb el_class=\u00bbiphone-slide\u00bb link=\u00bbhttps:\/\/www.mrgoodfish.com\/accueil\/application-mr-goodfish\/\u00bb][\/vc_column][\/vc_row][vc_row full_width=\u00bbstretch_row\u00bb content_placement=\u00bbmiddle\u00bb parallax=\u00bbcontent-moving\u00bb parallax_image=\u00bb7656&#8243; parallax_speed_bg=\u00bb1.9&#8243; el_class=\u00bbcrit\u00e8res\u00bb][vc_column][vc_row_inner][vc_column_inner][vc_empty_space height=\u00bb15&#8243;][\/vc_column_inner][\/vc_row_inner][vc_row_inner][vc_column_inner][vc_column_text]<\/p>\n<p style=\"text-align: center;\"><img loading=\"lazy\" decoding=\"async\" class=\"wp-image-15955 aligncenter\" src=\"https:\/\/www.mrgoodfish.com\/wp-content\/uploads\/2024\/12\/Cuales-son-los-criterios-300x38.png\" alt=\"\" width=\"900\" height=\"115\" srcset=\"https:\/\/www.mrgoodfish.com\/wp-content\/uploads\/2024\/12\/Cuales-son-los-criterios-300x38.png 300w, https:\/\/www.mrgoodfish.com\/wp-content\/uploads\/2024\/12\/Cuales-son-los-criterios-1024x131.png 1024w, https:\/\/www.mrgoodfish.com\/wp-content\/uploads\/2024\/12\/Cuales-son-los-criterios-768x98.png 768w, https:\/\/www.mrgoodfish.com\/wp-content\/uploads\/2024\/12\/Cuales-son-los-criterios-1536x196.png 1536w, https:\/\/www.mrgoodfish.com\/wp-content\/uploads\/2024\/12\/Cuales-son-los-criterios-2048x261.png 2048w, https:\/\/www.mrgoodfish.com\/wp-content\/uploads\/2024\/12\/Cuales-son-los-criterios-800x102.png 800w\" sizes=\"auto, (max-width: 900px) 100vw, 900px\" \/><\/p>\n<p>[\/vc_column_text][vc_empty_space height=\u00bb30&#8243;][\/vc_column_inner][\/vc_row_inner][vc_row_inner][vc_column_inner width=\u00bb1\/2&#8243;][vc_empty_space height=\u00bb8&#8243;][vc_column_text]<\/p>\n<p style=\"text-align: center;\"><img loading=\"lazy\" decoding=\"async\" class=\"aligncenter wp-image-15958\" src=\"https:\/\/www.mrgoodfish.com\/wp-content\/uploads\/2024\/12\/Para-peces-salvajes-300x121.png\" alt=\"\" width=\"633\" height=\"255\" srcset=\"https:\/\/www.mrgoodfish.com\/wp-content\/uploads\/2024\/12\/Para-peces-salvajes-300x121.png 300w, https:\/\/www.mrgoodfish.com\/wp-content\/uploads\/2024\/12\/Para-peces-salvajes-1024x412.png 1024w, https:\/\/www.mrgoodfish.com\/wp-content\/uploads\/2024\/12\/Para-peces-salvajes-768x309.png 768w, https:\/\/www.mrgoodfish.com\/wp-content\/uploads\/2024\/12\/Para-peces-salvajes-1536x618.png 1536w, https:\/\/www.mrgoodfish.com\/wp-content\/uploads\/2024\/12\/Para-peces-salvajes-2048x825.png 2048w, https:\/\/www.mrgoodfish.com\/wp-content\/uploads\/2024\/12\/Para-peces-salvajes-800x322.png 800w\" sizes=\"auto, (max-width: 633px) 100vw, 633px\" \/><\/p>\n<p>[\/vc_column_text][vc_empty_space height=\u00bb10&#8243;][vc_btn title=\u00bbPara m\u00e1s informaci\u00f3n\u00bb align=\u00bbcenter\u00bb link=\u00bburl:https%3A%2F%2Fwww.mrgoodfish.com%2Fes%2Fmr-goodfish%2Fcriterios-de-seleccion%2F\u00bb][\/vc_column_inner][vc_column_inner width=\u00bb1\/2&#8243;][vc_column_text]<\/p>\n<p style=\"text-align: center;\"><img loading=\"lazy\" decoding=\"async\" class=\"aligncenter wp-image-15961\" src=\"https:\/\/www.mrgoodfish.com\/wp-content\/uploads\/2024\/12\/para-los-peces-de-piscifactoria-300x121.png\" alt=\"\" width=\"633\" height=\"255\" srcset=\"https:\/\/www.mrgoodfish.com\/wp-content\/uploads\/2024\/12\/para-los-peces-de-piscifactoria-300x121.png 300w, https:\/\/www.mrgoodfish.com\/wp-content\/uploads\/2024\/12\/para-los-peces-de-piscifactoria-1024x412.png 1024w, https:\/\/www.mrgoodfish.com\/wp-content\/uploads\/2024\/12\/para-los-peces-de-piscifactoria-768x309.png 768w, https:\/\/www.mrgoodfish.com\/wp-content\/uploads\/2024\/12\/para-los-peces-de-piscifactoria-1536x618.png 1536w, https:\/\/www.mrgoodfish.com\/wp-content\/uploads\/2024\/12\/para-los-peces-de-piscifactoria-2048x824.png 2048w, https:\/\/www.mrgoodfish.com\/wp-content\/uploads\/2024\/12\/para-los-peces-de-piscifactoria-800x322.png 800w\" sizes=\"auto, (max-width: 633px) 100vw, 633px\" \/><\/p>\n<p>[\/vc_column_text][vc_empty_space height=\u00bb10&#8243;][vc_btn title=\u00bbPara m\u00e1s informaci\u00f3n\u00bb align=\u00bbcenter\u00bb link=\u00bburl:https%3A%2F%2Fwww.mrgoodfish.com%2Fes%2Fles-recommandations-mr-goodfish-pour-laquaculture%2F\u00bb][\/vc_column_inner][\/vc_row_inner][vc_row_inner][vc_column_inner][vc_empty_space height=\u00bb20&#8243;][\/vc_column_inner][\/vc_row_inner][\/vc_column][\/vc_row][vc_section full_width=\u00bbstretch_row\u00bb content_placement=\u00bbmiddle\u00bb el_class=\u00bbvc_accueil_recettes\u00bb][vc_row full_width=\u00bbstretch_row\u00bb][vc_column][vc_column_text]<\/p>\n<h2>\u00a1Recatas\u00a0<span>de la estaci\u00f3n\u00a0<\/span> <span>aqu\u00ed\u00a0<\/span>!<\/h2>\n<p>[\/vc_column_text][\/vc_column][\/vc_row][vc_row full_width=\u00bbstretch_row\u00bb][vc_column]<div class=\"row\">\n\t<div class=\"col-sm-12\">\n        <div class=\"row liste_recettes_accueil\">\n\n            <div id=\"post-15149\" class=\"flip-container recette_accueil col-sm-12 col-md-4 post-15149 recette type-recette status-publish has-post-thumbnail hentry\" ontouchstart=\"this.classList.toggle('hover');\">\n\t<article class=\"fiche_recette_accueil flipper\">\n        <div class=\"flipper-front\" style=\"background-image: url('https:\/\/www.mrgoodfish.com\/wp-content\/uploads\/2024\/08\/Recette-MGF-Hareng.jpg');\">\n            <div>\n                <h4>Cr\u00e8me de pois cass\u00e9s, Capuccino de Hareng Doux<\/h4>\n            <\/div>\n        <\/div>\n\t\t<div class=\"flipper-back\">\n            <h4>Cr\u00e8me de pois cass\u00e9s, Capuccino de Hareng Doux<\/h4>\n            <p>Cette recette fut propos\u00e9e par Stellio LESTIENNE dans le cadre de la F\u00eate de la Gastronomie 2017.<\/p>\n            <h5>Ingredientes<\/h5>\n            <p><span>&bull;<\/span>175g de pois cass\u00e9s<span>&bull;<\/span>65g de beurre<span>&bull;<\/span>1 bouquet garni<span>&bull;<\/span>75cl de fond blanc de volaille<span>&bull;<\/span>10cl de cr\u00e8me...<\/p>\n\t\t\t<div class=\"lien-recette\"><a href=\"https:\/\/www.mrgoodfish.com\/es\/recette\/creme-de-pois-casses-capuccino-de-hareng-doux\/\">V\u00e9ase la ficha de receta<\/a><\/div>\n\t\t<\/div>\n\t<\/article>\n<\/div><!--end item--><div id=\"post-14126\" class=\"flip-container recette_accueil col-sm-12 col-md-4 post-14126 recette type-recette status-publish has-post-thumbnail hentry\" ontouchstart=\"this.classList.toggle('hover');\">\n\t<article class=\"fiche_recette_accueil flipper\">\n        <div class=\"flipper-front\" style=\"background-image: url('https:\/\/www.mrgoodfish.com\/wp-content\/uploads\/2023\/10\/-Lumiere-Adode-Stock.jpg');\">\n            <div>\n                <h4>Plie en croute de sel au thym-citron<\/h4>\n            <\/div>\n        <\/div>\n\t\t<div class=\"flipper-back\">\n            <h4>Plie en croute de sel au thym-citron<\/h4>\n            <p>Recette de poissons plats par R\u00e9gis Hubert-Clech<\/p>\n            <h5>Ingredientes<\/h5>\n            <p><span>&bull;<\/span>2 belles plies \u00e9paisses <span>&bull;<\/span>250 g de gros sel <span>&bull;<\/span>350 g de farine <span>&bull;<\/span>Eau<span>&bull;<\/span>2 \u0153ufs...<\/p>\n\t\t\t<div class=\"lien-recette\"><a href=\"https:\/\/www.mrgoodfish.com\/es\/recette\/plie-en-croute-de-sel-au-thym-citron\/\">V\u00e9ase la ficha de receta<\/a><\/div>\n\t\t<\/div>\n\t<\/article>\n<\/div><!--end item--><div id=\"post-14483\" class=\"flip-container recette_accueil col-sm-12 col-md-4 post-14483 recette type-recette status-publish has-post-thumbnail hentry\" ontouchstart=\"this.classList.toggle('hover');\">\n\t<article class=\"fiche_recette_accueil flipper\">\n        <div class=\"flipper-front\" style=\"background-image: url('https:\/\/www.mrgoodfish.com\/wp-content\/uploads\/2024\/02\/recette-1.png');\">\n            <div>\n                <h4>Lieu noir en p\u00e2te feuillet\u00e9e, l\u00e9gumes et curry<\/h4>\n            <\/div>\n        <\/div>\n\t\t<div class=\"flipper-back\">\n            <h4>Lieu noir en p\u00e2te feuillet\u00e9e, l\u00e9gumes et curry<\/h4>\n            <p><\/p>\n            <h5>Ingredientes<\/h5>\n            <p><span>&bull;<\/span>2 carottes - 2 poireaux - 2 \u00e9chalotes - 2 gousses d'ail<span>&bull;<\/span>450 g de filet...<\/p>\n\t\t\t<div class=\"lien-recette\"><a href=\"https:\/\/www.mrgoodfish.com\/es\/recette\/lieu-noir-en-pate-feuilletee-legumes-et-curry\/\">V\u00e9ase la ficha de receta<\/a><\/div>\n\t\t<\/div>\n\t<\/article>\n<\/div><!--end item-->        <\/div><!--end row-->\n\n        <div class=\"recettes-lien-toutes\"><a href=\"https:\/\/www.mrgoodfish.com\/es\/recettes\/\">Descubre nuestras recetas de temporada<\/a><\/div>\n\t<\/div>\n<\/div>[vc_empty_space][vc_single_image image=\u00bb15872&#8243; img_size=\u00bblarge\u00bb alignment=\u00bbcenter\u00bb onclick=\u00bbcustom_link\u00bb link=\u00bbhttps:\/\/www.mrgoodfish.com\/es\/mr-goodfish\/contacta\/\u00bb][vc_empty_space][\/vc_column][\/vc_row][\/vc_section]<\/p>\n<\/section>","protected":false},"excerpt":{"rendered":"<p>[vc_row full_width=\u00bbstretch_row\u00bb content_placement=\u00bbmiddle\u00bb][vc_column][rev_slider_vc alias=\u00bbaccueil\u00bb][\/vc_column][\/vc_row][vc_row full_width=\u00bbstretch_row\u00bb parallax=\u00bbcontent-moving\u00bb parallax_image=\u00bb1882&#8243; el_class=\u00bbvc_accueil_appli\u00bb][vc_column][vc_column_text] \u00a1Descubre la app Mr.Goodfish! Todo lo que necesitas saber para consumir de manera responsable&#8230;.<\/p>\n","protected":false},"author":1,"featured_media":0,"parent":0,"menu_order":0,"comment_status":"closed","ping_status":"closed","template":"page-accueil.php","meta":{"footnotes":""},"class_list":["post-3802","page","type-page","status-publish","hentry"],"better_featured_image":null,"yoast_head":"<!-- This site is optimized with the Yoast SEO plugin v27.4 - https:\/\/yoast.com\/product\/yoast-seo-wordpress\/ -->\n<title>Mr.Goodfish | \u00a1Bueno para el mar, bueno para ti! Pescado de temporada<\/title>\n<meta name=\"robots\" content=\"index, follow, max-snippet:-1, max-image-preview:large, max-video-preview:-1\" \/>\n<link rel=\"canonical\" href=\"https:\/\/www.mrgoodfish.com\/es\/\" \/>\n<meta property=\"og:locale\" content=\"es_ES\" \/>\n<meta property=\"og:type\" content=\"article\" \/>\n<meta property=\"og:title\" content=\"Mr.Goodfish | \u00a1Bueno para el mar, bueno para ti! Pescado de temporada\" \/>\n<meta property=\"og:description\" content=\"[vc_row full_width=\u00bbstretch_row\u00bb content_placement=\u00bbmiddle\u00bb][vc_column][rev_slider_vc alias=\u00bbaccueil\u00bb][\/vc_column][\/vc_row][vc_row full_width=\u00bbstretch_row\u00bb parallax=\u00bbcontent-moving\u00bb parallax_image=\u00bb1882&#8243; el_class=\u00bbvc_accueil_appli\u00bb][vc_column][vc_column_text] \u00a1Descubre la app Mr.Goodfish! Todo lo que necesitas saber para consumir de manera responsable....\" \/>\n<meta property=\"og:url\" content=\"https:\/\/www.mrgoodfish.com\/es\/\" \/>\n<meta property=\"og:site_name\" content=\"Mr.Goodfish\" \/>\n<meta property=\"article:publisher\" content=\"https:\/\/www.facebook.com\/Mr.Goodfish\/\" \/>\n<meta property=\"article:modified_time\" content=\"2024-12-03T08:48:16+00:00\" \/>\n<meta property=\"og:image\" content=\"https:\/\/www.mrgoodfish.com\/wp-content\/uploads\/2017\/10\/appstore.png\" \/>\n\t<meta property=\"og:image:width\" content=\"114\" \/>\n\t<meta property=\"og:image:height\" content=\"37\" \/>\n\t<meta property=\"og:image:type\" content=\"image\/png\" \/>\n<meta name=\"twitter:card\" content=\"summary_large_image\" \/>\n<meta name=\"twitter:label1\" content=\"Tiempo de lectura\" \/>\n\t<meta name=\"twitter:data1\" content=\"3 minutos\" \/>\n<script type=\"application\/ld+json\" class=\"yoast-schema-graph\">{\"@context\":\"https:\\\/\\\/schema.org\",\"@graph\":[{\"@type\":\"WebPage\",\"@id\":\"https:\\\/\\\/www.mrgoodfish.com\\\/es\\\/\",\"url\":\"https:\\\/\\\/www.mrgoodfish.com\\\/es\\\/\",\"name\":\"Mr.Goodfish | \u00a1Bueno para el mar, bueno para ti! Pescado de temporada\",\"isPartOf\":{\"@id\":\"https:\\\/\\\/www.mrgoodfish.com\\\/es\\\/#website\"},\"primaryImageOfPage\":{\"@id\":\"https:\\\/\\\/www.mrgoodfish.com\\\/es\\\/#primaryimage\"},\"image\":{\"@id\":\"https:\\\/\\\/www.mrgoodfish.com\\\/es\\\/#primaryimage\"},\"thumbnailUrl\":\"https:\\\/\\\/www.mrgoodfish.com\\\/wp-content\\\/uploads\\\/2017\\\/10\\\/appstore.png\",\"datePublished\":\"2018-05-29T06:58:04+00:00\",\"dateModified\":\"2024-12-03T08:48:16+00:00\",\"breadcrumb\":{\"@id\":\"https:\\\/\\\/www.mrgoodfish.com\\\/es\\\/#breadcrumb\"},\"inLanguage\":\"es\",\"potentialAction\":[{\"@type\":\"ReadAction\",\"target\":[\"https:\\\/\\\/www.mrgoodfish.com\\\/es\\\/\"]}]},{\"@type\":\"ImageObject\",\"inLanguage\":\"es\",\"@id\":\"https:\\\/\\\/www.mrgoodfish.com\\\/es\\\/#primaryimage\",\"url\":\"https:\\\/\\\/www.mrgoodfish.com\\\/wp-content\\\/uploads\\\/2017\\\/10\\\/appstore.png\",\"contentUrl\":\"https:\\\/\\\/www.mrgoodfish.com\\\/wp-content\\\/uploads\\\/2017\\\/10\\\/appstore.png\"},{\"@type\":\"BreadcrumbList\",\"@id\":\"https:\\\/\\\/www.mrgoodfish.com\\\/es\\\/#breadcrumb\",\"itemListElement\":[{\"@type\":\"ListItem\",\"position\":1,\"name\":\"Accueil\",\"item\":\"https:\\\/\\\/www.mrgoodfish.com\\\/es\\\/\"},{\"@type\":\"ListItem\",\"position\":2,\"name\":\"Inicio\"}]},{\"@type\":\"WebSite\",\"@id\":\"https:\\\/\\\/www.mrgoodfish.com\\\/es\\\/#website\",\"url\":\"https:\\\/\\\/www.mrgoodfish.com\\\/es\\\/\",\"name\":\"Mr.Goodfish\",\"description\":\"\",\"publisher\":{\"@id\":\"https:\\\/\\\/www.mrgoodfish.com\\\/es\\\/#organization\"},\"potentialAction\":[{\"@type\":\"SearchAction\",\"target\":{\"@type\":\"EntryPoint\",\"urlTemplate\":\"https:\\\/\\\/www.mrgoodfish.com\\\/es\\\/?s={search_term_string}\"},\"query-input\":{\"@type\":\"PropertyValueSpecification\",\"valueRequired\":true,\"valueName\":\"search_term_string\"}}],\"inLanguage\":\"es\"},{\"@type\":\"Organization\",\"@id\":\"https:\\\/\\\/www.mrgoodfish.com\\\/es\\\/#organization\",\"name\":\"MrGoodfish\",\"url\":\"https:\\\/\\\/www.mrgoodfish.com\\\/es\\\/\",\"logo\":{\"@type\":\"ImageObject\",\"inLanguage\":\"es\",\"@id\":\"https:\\\/\\\/www.mrgoodfish.com\\\/es\\\/#\\\/schema\\\/logo\\\/image\\\/\",\"url\":\"https:\\\/\\\/www.mrgoodfish.com\\\/wp-content\\\/uploads\\\/2017\\\/12\\\/ACCIMA_icon2.png\",\"contentUrl\":\"https:\\\/\\\/www.mrgoodfish.com\\\/wp-content\\\/uploads\\\/2017\\\/12\\\/ACCIMA_icon2.png\",\"width\":512,\"height\":512,\"caption\":\"MrGoodfish\"},\"image\":{\"@id\":\"https:\\\/\\\/www.mrgoodfish.com\\\/es\\\/#\\\/schema\\\/logo\\\/image\\\/\"},\"sameAs\":[\"https:\\\/\\\/www.facebook.com\\\/Mr.Goodfish\\\/\",\"https:\\\/\\\/www.youtube.com\\\/watch?v=DAihK4kYYIU&amp;amp;amp;list=PLbo1bUfUHiUr3i_v_6H_jgEIzDqfx3Jio\"]}]}<\/script>\n<!-- \/ Yoast SEO plugin. -->","yoast_head_json":{"title":"Mr.Goodfish | \u00a1Bueno para el mar, bueno para ti! Pescado de temporada","robots":{"index":"index","follow":"follow","max-snippet":"max-snippet:-1","max-image-preview":"max-image-preview:large","max-video-preview":"max-video-preview:-1"},"canonical":"https:\/\/www.mrgoodfish.com\/es\/","og_locale":"es_ES","og_type":"article","og_title":"Mr.Goodfish | \u00a1Bueno para el mar, bueno para ti! Pescado de temporada","og_description":"[vc_row full_width=\u00bbstretch_row\u00bb content_placement=\u00bbmiddle\u00bb][vc_column][rev_slider_vc alias=\u00bbaccueil\u00bb][\/vc_column][\/vc_row][vc_row full_width=\u00bbstretch_row\u00bb parallax=\u00bbcontent-moving\u00bb parallax_image=\u00bb1882&#8243; el_class=\u00bbvc_accueil_appli\u00bb][vc_column][vc_column_text] \u00a1Descubre la app Mr.Goodfish! Todo lo que necesitas saber para consumir de manera responsable....","og_url":"https:\/\/www.mrgoodfish.com\/es\/","og_site_name":"Mr.Goodfish","article_publisher":"https:\/\/www.facebook.com\/Mr.Goodfish\/","article_modified_time":"2024-12-03T08:48:16+00:00","og_image":[{"width":114,"height":37,"url":"https:\/\/www.mrgoodfish.com\/wp-content\/uploads\/2017\/10\/appstore.png","type":"image\/png"}],"twitter_card":"summary_large_image","twitter_misc":{"Tiempo de lectura":"3 minutos"},"schema":{"@context":"https:\/\/schema.org","@graph":[{"@type":"WebPage","@id":"https:\/\/www.mrgoodfish.com\/es\/","url":"https:\/\/www.mrgoodfish.com\/es\/","name":"Mr.Goodfish | \u00a1Bueno para el mar, bueno para ti! Pescado de temporada","isPartOf":{"@id":"https:\/\/www.mrgoodfish.com\/es\/#website"},"primaryImageOfPage":{"@id":"https:\/\/www.mrgoodfish.com\/es\/#primaryimage"},"image":{"@id":"https:\/\/www.mrgoodfish.com\/es\/#primaryimage"},"thumbnailUrl":"https:\/\/www.mrgoodfish.com\/wp-content\/uploads\/2017\/10\/appstore.png","datePublished":"2018-05-29T06:58:04+00:00","dateModified":"2024-12-03T08:48:16+00:00","breadcrumb":{"@id":"https:\/\/www.mrgoodfish.com\/es\/#breadcrumb"},"inLanguage":"es","potentialAction":[{"@type":"ReadAction","target":["https:\/\/www.mrgoodfish.com\/es\/"]}]},{"@type":"ImageObject","inLanguage":"es","@id":"https:\/\/www.mrgoodfish.com\/es\/#primaryimage","url":"https:\/\/www.mrgoodfish.com\/wp-content\/uploads\/2017\/10\/appstore.png","contentUrl":"https:\/\/www.mrgoodfish.com\/wp-content\/uploads\/2017\/10\/appstore.png"},{"@type":"BreadcrumbList","@id":"https:\/\/www.mrgoodfish.com\/es\/#breadcrumb","itemListElement":[{"@type":"ListItem","position":1,"name":"Accueil","item":"https:\/\/www.mrgoodfish.com\/es\/"},{"@type":"ListItem","position":2,"name":"Inicio"}]},{"@type":"WebSite","@id":"https:\/\/www.mrgoodfish.com\/es\/#website","url":"https:\/\/www.mrgoodfish.com\/es\/","name":"Mr.Goodfish","description":"","publisher":{"@id":"https:\/\/www.mrgoodfish.com\/es\/#organization"},"potentialAction":[{"@type":"SearchAction","target":{"@type":"EntryPoint","urlTemplate":"https:\/\/www.mrgoodfish.com\/es\/?s={search_term_string}"},"query-input":{"@type":"PropertyValueSpecification","valueRequired":true,"valueName":"search_term_string"}}],"inLanguage":"es"},{"@type":"Organization","@id":"https:\/\/www.mrgoodfish.com\/es\/#organization","name":"MrGoodfish","url":"https:\/\/www.mrgoodfish.com\/es\/","logo":{"@type":"ImageObject","inLanguage":"es","@id":"https:\/\/www.mrgoodfish.com\/es\/#\/schema\/logo\/image\/","url":"https:\/\/www.mrgoodfish.com\/wp-content\/uploads\/2017\/12\/ACCIMA_icon2.png","contentUrl":"https:\/\/www.mrgoodfish.com\/wp-content\/uploads\/2017\/12\/ACCIMA_icon2.png","width":512,"height":512,"caption":"MrGoodfish"},"image":{"@id":"https:\/\/www.mrgoodfish.com\/es\/#\/schema\/logo\/image\/"},"sameAs":["https:\/\/www.facebook.com\/Mr.Goodfish\/","https:\/\/www.youtube.com\/watch?v=DAihK4kYYIU&amp;amp;amp;list=PLbo1bUfUHiUr3i_v_6H_jgEIzDqfx3Jio"]}]}},"_links":{"self":[{"href":"https:\/\/www.mrgoodfish.com\/es\/wp-json\/wp\/v2\/pages\/3802","targetHints":{"allow":["GET"]}}],"collection":[{"href":"https:\/\/www.mrgoodfish.com\/es\/wp-json\/wp\/v2\/pages"}],"about":[{"href":"https:\/\/www.mrgoodfish.com\/es\/wp-json\/wp\/v2\/types\/page"}],"author":[{"embeddable":true,"href":"https:\/\/www.mrgoodfish.com\/es\/wp-json\/wp\/v2\/users\/1"}],"replies":[{"embeddable":true,"href":"https:\/\/www.mrgoodfish.com\/es\/wp-json\/wp\/v2\/comments?post=3802"}],"version-history":[{"count":10,"href":"https:\/\/www.mrgoodfish.com\/es\/wp-json\/wp\/v2\/pages\/3802\/revisions"}],"predecessor-version":[{"id":15965,"href":"https:\/\/www.mrgoodfish.com\/es\/wp-json\/wp\/v2\/pages\/3802\/revisions\/15965"}],"wp:attachment":[{"href":"https:\/\/www.mrgoodfish.com\/es\/wp-json\/wp\/v2\/media?parent=3802"}],"curies":[{"name":"wp","href":"https:\/\/api.w.org\/{rel}","templated":true}]}}