{"id":1836,"date":"2017-11-27T17:15:23","date_gmt":"2017-11-27T16:15:23","guid":{"rendered":"https:\/\/www.mrgoodfish.com\/mr-goodfish-2\/a-lorigine\/les-recommandations-mr-goodfish-pour-la-peche-2\/"},"modified":"2018-07-05T16:06:13","modified_gmt":"2018-07-05T14:06:13","slug":"les-recommandations-mr-goodfish-pour-laquaculture","status":"publish","type":"page","link":"https:\/\/www.mrgoodfish.com\/es\/les-recommandations-mr-goodfish-pour-laquaculture\/","title":{"rendered":"Les recommandations Mr.Goodfish pour l&#8217;aquaculture"},"content":{"rendered":"<section class=\"wpb-content-wrapper\"><p>[vc_row full_width=\u00bbstretch_row\u00bb][vc_column]\n\t\t\t<section class=\" cover height-30 imagebg text-center\" data-overlay=\"0\" >\n\t\t\t    <div class=\"background-image-holder\">\n\t\t\t        <img loading=\"lazy\" decoding=\"async\" width=\"1500\" height=\"400\" src=\"https:\/\/www.mrgoodfish.com\/wp-content\/uploads\/2017\/11\/MRGF_header.jpg\" class=\"attachment-full size-full\" alt=\"MRGF_header | Mr.Goodfish\" srcset=\"https:\/\/www.mrgoodfish.com\/wp-content\/uploads\/2017\/11\/MRGF_header.jpg 1500w, https:\/\/www.mrgoodfish.com\/wp-content\/uploads\/2017\/11\/MRGF_header-300x80.jpg 300w, https:\/\/www.mrgoodfish.com\/wp-content\/uploads\/2017\/11\/MRGF_header-768x205.jpg 768w, https:\/\/www.mrgoodfish.com\/wp-content\/uploads\/2017\/11\/MRGF_header-1024x273.jpg 1024w, https:\/\/www.mrgoodfish.com\/wp-content\/uploads\/2017\/11\/MRGF_header-800x213.jpg 800w\" sizes=\"auto, (max-width: 1500px) 100vw, 1500px\" \/>\n\t\t\t    <\/div>\n\t\t\t    <div class=\"container pos-vertical-center\">\n\t\t\t        <div class=\"row\">\n\t\t\t            <div class=\"col-sm-12\">\n\t\t\t<section class=\"space--sm \">\n\t\t\t    <div class=\"container\">\n\t\t\t        <div class=\"row\">\n\t\t\t            <div class=\"col-sm-12\"><h1>Les recommandations Mr.Goodfish pour l&#8217;aquaculture<\/h1> <ol class=\"breadcrumbs\"><li><a href=\"https:\/\/www.mrgoodfish.com\/es\/\" class=\"home-link\" rel=\"home\">Home<\/a><\/li><li class=\"active\">Les recommandations Mr.Goodfish pour l&#8217;aquaculture<\/li><\/ol><hr><\/div>\n\t\t\t        <\/div><!--end of row-->\n\t\t\t    <\/div><!--end of container-->\n\t\t\t<\/section>\n\t\t<\/div>\n\t\t\t        <\/div><!--end of row-->\n\t\t\t    <\/div><!--end of container-->\n\t\t\t    \n\t\t\t<\/section>\n\t\t[\/vc_column][\/vc_row][vc_row][vc_column][vc_empty_space height=\u00bb50&#8243;][\/vc_column][\/vc_row][vc_row css=\u00bb.vc_custom_1530612848220{background-color: #ffffff !important;}\u00bb][vc_column][vc_column_text]<\/p>\n<p style=\"text-align: center;\"><strong>Comment sont \u00e9labor\u00e9es les recommandations de Mr.Goodfish pour l&#8217;Aquaculture ?<\/strong><\/p>\n<p>[\/vc_column_text][vc_empty_space height=\u00bb30&#8243;][\/vc_column][\/vc_row][vc_row][vc_column][vc_empty_space height=\u00bb50&#8243;][\/vc_column][\/vc_row][vc_row css=\u00bb.vc_custom_1530612848220{background-color: #ffffff !important;}\u00bb][vc_column][vc_column_text]<\/p>\n<p style=\"text-align: left;\"><em>Les crit\u00e8res d\u2019\u00e9ligibilit\u00e9 \u00ab\u00a0Mr.Goodfish\u00a0\u00bb<\/em><\/p>\n<p><strong>Trois crit\u00e8res principaux<\/strong> retenus pour l\u2019\u00e9tablissement des propositions de listes de produits d\u2019aquaculture :[\/vc_column_text][\/vc_column][\/vc_row][vc_row css=\u00bb.vc_custom_1530612891566{background-color: #ffffff !important;}\u00bb][vc_column width=\u00bb1\/3&#8243;][vc_empty_space height=\u00bb50px\u00bb][vc_single_image image=\u00bb1760&#8243; img_size=\u00bb200&#215;120&#8243; alignment=\u00bbcenter\u00bb][\/vc_column][vc_column width=\u00bb1\/3&#8243;][vc_empty_space height=\u00bb20&#8243;][vc_single_image image=\u00bb1770&#8243; img_size=\u00bb200&#215;150&#8243; alignment=\u00bbcenter\u00bb][\/vc_column][vc_column width=\u00bb1\/3&#8243;][vc_single_image image=\u00bb1766&#8243; img_size=\u00bb180&#215;200&#8243; alignment=\u00bbcenter\u00bb][vc_empty_space][\/vc_column][\/vc_row][vc_row css=\u00bb.vc_custom_1530612891566{background-color: #ffffff !important;}\u00bb][vc_column width=\u00bb1\/3&#8243;][vc_column_text]<\/p>\n<p style=\"text-align: justify;\"><b><span style=\"color: #00ccff;\">L\u2019alimentation :<\/span><\/b> Les esp\u00e8ces doivent \u00eatre nourries avec une qua<span style=\"font-size: 1rem;\">ntit\u00e9 d&#8217;aliments durables respectant un seuil de r<\/span><span style=\"font-size: 1rem;\">endement fix\u00e9 et optimis\u00e9 par esp\u00e8ce : Les aliments utilis\u00e9s doivent provenir d\u2019une source durable, c\u2019est-\u00e0-dire fabriqu\u00e9s avec des esp\u00e8ces sauvages soumises \u00e0 quotas ou certifi\u00e9es durables (en proportion grandissante dans le cadre de l<\/span><span style=\"font-size: 1rem;\">\u2019am<\/span><span style=\"font-size: 1rem;\">\u00e9lioration des pratiques).\u00a0<\/span><span style=\"font-size: 1rem;\">D<\/span><span style=\"font-size: 1rem;\">\u2019autres sources d&#8217;ingr\u00e9dients tels que les co-produits, les algues, <a href=\"http:\/\/www.nourrialinsecte.com\/\">les insectes<\/a> et le lin sont encourag\u00e9es.<\/span><\/p>\n<p>[\/vc_column_text][vc_empty_space height=\u00bb20px\u00bb][\/vc_column][vc_column width=\u00bb1\/3&#8243;][vc_column_text]<\/p>\n<p style=\"text-align: justify;\"><strong><span style=\"color: #00ccff;\">Les pratiques d\u2019\u00e9levage :<\/span><\/strong> Les esp\u00e8ces choisies doivent \u00eatre \u00e9lev\u00e9es dans des conditions optimales de sant\u00e9 et de bien-\u00eatre animal: Un suivi v\u00e9t\u00e9rinaire est mis en place conform\u00e9ment \u00e0 la r\u00e9glementation europ\u00e9enne. Les esp\u00e8ces doivent \u00eatre \u00e9lev\u00e9es dans le respect de leurs pratiques comportementales \u00e0 l\u2019\u00e9tat sauvage avec une densit\u00e9 adapt\u00e9e pour chaque esp\u00e8ce.<\/p>\n<p>[\/vc_column_text][vc_empty_space height=\u00bb20px\u00bb][\/vc_column][vc_column width=\u00bb1\/3&#8243;][vc_column_text]<strong><span style=\"color: #00ccff;\">L\u2019impact sur l&#8217;environnement :<\/span> <\/strong>Les esp\u00e8ces choisies doivent \u00eatre \u00e9lev\u00e9es dans des conditions optimales de respect de l\u2019environnement. L\u2019impact sur l\u2019environnement doit \u00eatre ma\u00eetris\u00e9 et \u00e9valu\u00e9 :<\/p>\n<ul>\n<li style=\"text-align: justify;\">Les esp\u00e8ces produites doivent \u00eatre pr\u00e9sentes naturellement dans le milieu lorsque la production se fait en milieu non clos.<\/li>\n<li style=\"text-align: justify;\">Les esp\u00e8ces ont un mode d&#8217;alimentation \u00e9vitant le rejet de mati\u00e8re organique sur le fond. L\u2019utilisation de produits sanitaires doit se faire uniquement sur prescription v\u00e9t\u00e9rinaire et dans le respect de la r\u00e9glementation europ\u00e9enne. Mr.Goodfish a \u00e9galement d\u00e9termin\u00e9 un nombre maximal de traitements annuel.<\/li>\n<li style=\"text-align: justify;\">Pour le nettoyage des installations, Mr.Goodfish privil\u00e9gie l\u2019utilisation de traitements m\u00e9caniques ou biologiques.<\/li>\n<\/ul>\n<p>[\/vc_column_text][vc_empty_space height=\u00bb20px\u00bb][\/vc_column][\/vc_row][vc_row css=\u00bb.vc_custom_1530612783147{background-color: #ffffff !important;}\u00bb][vc_column][vc_column_text]<\/p>\n<p style=\"text-align: center;\"><strong>En <\/strong><strong>conclusion :<\/strong> Une esp\u00e8ce suivant un mode d\u2019\u00e9levage pr\u00e9cis ne peut figurer sur la<span style=\"font-size: 1rem;\">\u00a0liste de recommandations Mr.Goodfish que lorsque les trois crit\u00e8res et leurs sous-crit\u00e8res ci-dessus sont satisfaits.<\/span><\/p>\n<p>[\/vc_column_text][vc_empty_space height=\u00bb30&#8243;][\/vc_column][\/vc_row][vc_row][vc_column][vc_empty_space height=\u00bb50&#8243;][\/vc_column][\/vc_row][vc_row css=\u00bb.vc_custom_1530612763775{background-color: #ffffff !important;}\u00bb][vc_column][vc_column_text]<em>M\u00e9thode d\u2019\u00e9laboration des listes<\/em><\/p>\n<p style=\"text-align: left;\">Afin de mettre en place ses recommandations pour l\u2019aquaculture, Mr.Goodfish a constitu\u00e9 un comit\u00e9 d\u2019experts en aquaculture regroupant tous les maillons de la fili\u00e8re.<\/p>\n<p>Le comit\u00e9 aquaculture est constitu\u00e9 de :<br \/>\n&#8211;\u00a0\u00a0\u00a0\u00a0\u00a0\u00a0\u00a0 Scientifiques ext\u00e9rieurs<br \/>\n&#8211;\u00a0\u00a0\u00a0\u00a0\u00a0\u00a0\u00a0 Scientifiques de Nausica\u00e1,<br \/>\n&#8211;\u00a0\u00a0\u00a0\u00a0\u00a0\u00a0\u00a0 Producteurs,<br \/>\n&#8211;\u00a0\u00a0\u00a0\u00a0\u00a0\u00a0\u00a0 Interprofession (CIPA),<br \/>\n&#8211;\u00a0\u00a0\u00a0\u00a0\u00a0\u00a0\u00a0 Producteurs d\u2019aliments,<br \/>\n&#8211;\u00a0\u00a0\u00a0\u00a0\u00a0\u00a0\u00a0 Institutions,<br \/>\n&#8211;\u00a0\u00a0\u00a0\u00a0\u00a0\u00a0\u00a0 Distributeurs,<br \/>\n&#8211;\u00a0\u00a0\u00a0\u00a0\u00a0\u00a0\u00a0 Association de consommateurs (CLCV),<br \/>\n&#8211;\u00a0\u00a0\u00a0\u00a0\u00a0\u00a0\u00a0 Membres de la coordination nationale du programme Mr.Goodfish.<\/p>\n<p style=\"text-align: left;\">Dans un premier temps, des experts scientifiques ont fait l\u2019objet d\u2019une consultation sur la pertinence de la d\u00e9marche. Mr.Goodfish s\u2019est ensuite appuy\u00e9 sur des \u00e9tudes scientifiques, notamment ID-Aqua, afin de s\u00e9lectionner les indicateurs de durabilit\u00e9 les plus pertinents et en ad\u00e9quation avec le slogan \u00ab Bon pour la mer, bon pour vous \u00bb, ceux-ci ont fait l\u2019objet d\u2019une validation par les membres du comit\u00e9. Les indicateurs et seuils s\u2019appuient sur ceux des labels et certifications existants, le but \u00e9tant de ne pas alourdir les processus de contr\u00f4les et d\u2019orienter les consommateurs vers ceux-ci.<\/p>\n<p style=\"text-align: left;\">Le comit\u00e9 aquaculture Mr.Goodfish se r\u00e9unit une fois par an afin de proc\u00e9der au suivi annuel des diff\u00e9rents producteurs inscrits dans la d\u00e9marche Mr.Goodfish. Les producteurs participant au programme Mr.Goodfish s\u2019inscrivent dans une d\u00e9marche de progression, sur deux, trois ou cinq ans en fonction du crit\u00e8re \u00e9tudi\u00e9.<\/p>\n<p>[\/vc_column_text][vc_empty_space height=\u00bb30px\u00bb][\/vc_column][\/vc_row][vc_row][vc_column][vc_empty_space height=\u00bb50px\u00bb][\/vc_column][\/vc_row]<\/p>\n<\/section>","protected":false},"excerpt":{"rendered":"<p>[vc_row full_width=\u00bbstretch_row\u00bb][vc_column][\/vc_column][\/vc_row][vc_row][vc_column][vc_empty_space height=\u00bb50&#8243;][\/vc_column][\/vc_row][vc_row css=\u00bb.vc_custom_1530612848220{background-color: #ffffff !important;}\u00bb][vc_column][vc_column_text] Comment sont \u00e9labor\u00e9es les recommandations de Mr.Goodfish pour l&#8217;Aquaculture ? [\/vc_column_text][vc_empty_space height=\u00bb30&#8243;][\/vc_column][\/vc_row][vc_row][vc_column][vc_empty_space height=\u00bb50&#8243;][\/vc_column][\/vc_row][vc_row css=\u00bb.vc_custom_1530612848220{background-color: #ffffff !important;}\u00bb][vc_column][vc_column_text]&#8230;<\/p>\n","protected":false},"author":3,"featured_media":0,"parent":0,"menu_order":0,"comment_status":"closed","ping_status":"closed","template":"","meta":{"footnotes":""},"class_list":["post-1836","page","type-page","status-publish","hentry"],"better_featured_image":null,"yoast_head":"<!-- This site is optimized with the Yoast SEO plugin v27.6 - https:\/\/yoast.com\/product\/yoast-seo-wordpress\/ -->\n<title>Les recommandations Mr.Goodfish pour l&#039;aquaculture - Mr.Goodfish<\/title>\n<meta name=\"robots\" content=\"index, follow, max-snippet:-1, max-image-preview:large, max-video-preview:-1\" \/>\n<link rel=\"canonical\" href=\"https:\/\/www.mrgoodfish.com\/es\/les-recommandations-mr-goodfish-pour-laquaculture\/\" \/>\n<meta property=\"og:locale\" content=\"es_ES\" \/>\n<meta property=\"og:type\" content=\"article\" \/>\n<meta property=\"og:title\" content=\"Les recommandations Mr.Goodfish pour l&#039;aquaculture - Mr.Goodfish\" \/>\n<meta property=\"og:description\" content=\"[vc_row full_width=\u00bbstretch_row\u00bb][vc_column][\/vc_column][\/vc_row][vc_row][vc_column][vc_empty_space height=\u00bb50&#8243;][\/vc_column][\/vc_row][vc_row css=\u00bb.vc_custom_1530612848220{background-color: #ffffff !important;}\u00bb][vc_column][vc_column_text] Comment sont \u00e9labor\u00e9es les recommandations de Mr.Goodfish pour l&#8217;Aquaculture ? [\/vc_column_text][vc_empty_space height=\u00bb30&#8243;][\/vc_column][\/vc_row][vc_row][vc_column][vc_empty_space height=\u00bb50&#8243;][\/vc_column][\/vc_row][vc_row css=\u00bb.vc_custom_1530612848220{background-color: #ffffff !important;}\u00bb][vc_column][vc_column_text]...\" \/>\n<meta property=\"og:url\" content=\"https:\/\/www.mrgoodfish.com\/es\/les-recommandations-mr-goodfish-pour-laquaculture\/\" \/>\n<meta property=\"og:site_name\" content=\"Mr.Goodfish\" \/>\n<meta property=\"article:publisher\" content=\"https:\/\/www.facebook.com\/Mr.Goodfish\/\" \/>\n<meta property=\"article:modified_time\" content=\"2018-07-05T14:06:13+00:00\" \/>\n<meta name=\"twitter:card\" content=\"summary_large_image\" \/>\n<meta name=\"twitter:label1\" content=\"Tiempo de lectura\" \/>\n\t<meta name=\"twitter:data1\" content=\"4 minutos\" \/>\n<script type=\"application\/ld+json\" class=\"yoast-schema-graph\">{\"@context\":\"https:\\\/\\\/schema.org\",\"@graph\":[{\"@type\":\"WebPage\",\"@id\":\"https:\\\/\\\/www.mrgoodfish.com\\\/es\\\/les-recommandations-mr-goodfish-pour-laquaculture\\\/\",\"url\":\"https:\\\/\\\/www.mrgoodfish.com\\\/es\\\/les-recommandations-mr-goodfish-pour-laquaculture\\\/\",\"name\":\"Les recommandations Mr.Goodfish pour l'aquaculture - Mr.Goodfish\",\"isPartOf\":{\"@id\":\"https:\\\/\\\/www.mrgoodfish.com\\\/es\\\/#website\"},\"datePublished\":\"2017-11-27T16:15:23+00:00\",\"dateModified\":\"2018-07-05T14:06:13+00:00\",\"breadcrumb\":{\"@id\":\"https:\\\/\\\/www.mrgoodfish.com\\\/es\\\/les-recommandations-mr-goodfish-pour-laquaculture\\\/#breadcrumb\"},\"inLanguage\":\"es\",\"potentialAction\":[{\"@type\":\"ReadAction\",\"target\":[\"https:\\\/\\\/www.mrgoodfish.com\\\/es\\\/les-recommandations-mr-goodfish-pour-laquaculture\\\/\"]}]},{\"@type\":\"BreadcrumbList\",\"@id\":\"https:\\\/\\\/www.mrgoodfish.com\\\/es\\\/les-recommandations-mr-goodfish-pour-laquaculture\\\/#breadcrumb\",\"itemListElement\":[{\"@type\":\"ListItem\",\"position\":1,\"name\":\"Accueil\",\"item\":\"https:\\\/\\\/www.mrgoodfish.com\\\/es\\\/\"},{\"@type\":\"ListItem\",\"position\":2,\"name\":\"Les recommandations Mr.Goodfish pour l&rsquo;aquaculture\"}]},{\"@type\":\"WebSite\",\"@id\":\"https:\\\/\\\/www.mrgoodfish.com\\\/es\\\/#website\",\"url\":\"https:\\\/\\\/www.mrgoodfish.com\\\/es\\\/\",\"name\":\"Mr.Goodfish\",\"description\":\"\",\"publisher\":{\"@id\":\"https:\\\/\\\/www.mrgoodfish.com\\\/es\\\/#organization\"},\"potentialAction\":[{\"@type\":\"SearchAction\",\"target\":{\"@type\":\"EntryPoint\",\"urlTemplate\":\"https:\\\/\\\/www.mrgoodfish.com\\\/es\\\/?s={search_term_string}\"},\"query-input\":{\"@type\":\"PropertyValueSpecification\",\"valueRequired\":true,\"valueName\":\"search_term_string\"}}],\"inLanguage\":\"es\"},{\"@type\":\"Organization\",\"@id\":\"https:\\\/\\\/www.mrgoodfish.com\\\/es\\\/#organization\",\"name\":\"MrGoodfish\",\"url\":\"https:\\\/\\\/www.mrgoodfish.com\\\/es\\\/\",\"logo\":{\"@type\":\"ImageObject\",\"inLanguage\":\"es\",\"@id\":\"https:\\\/\\\/www.mrgoodfish.com\\\/es\\\/#\\\/schema\\\/logo\\\/image\\\/\",\"url\":\"https:\\\/\\\/www.mrgoodfish.com\\\/wp-content\\\/uploads\\\/2017\\\/12\\\/ACCIMA_icon2.png\",\"contentUrl\":\"https:\\\/\\\/www.mrgoodfish.com\\\/wp-content\\\/uploads\\\/2017\\\/12\\\/ACCIMA_icon2.png\",\"width\":512,\"height\":512,\"caption\":\"MrGoodfish\"},\"image\":{\"@id\":\"https:\\\/\\\/www.mrgoodfish.com\\\/es\\\/#\\\/schema\\\/logo\\\/image\\\/\"},\"sameAs\":[\"https:\\\/\\\/www.facebook.com\\\/Mr.Goodfish\\\/\",\"https:\\\/\\\/www.youtube.com\\\/watch?v=DAihK4kYYIU&amp;amp;amp;list=PLbo1bUfUHiUr3i_v_6H_jgEIzDqfx3Jio\"]}]}<\/script>\n<!-- \/ Yoast SEO plugin. -->","yoast_head_json":{"title":"Les recommandations Mr.Goodfish pour l'aquaculture - Mr.Goodfish","robots":{"index":"index","follow":"follow","max-snippet":"max-snippet:-1","max-image-preview":"max-image-preview:large","max-video-preview":"max-video-preview:-1"},"canonical":"https:\/\/www.mrgoodfish.com\/es\/les-recommandations-mr-goodfish-pour-laquaculture\/","og_locale":"es_ES","og_type":"article","og_title":"Les recommandations Mr.Goodfish pour l'aquaculture - Mr.Goodfish","og_description":"[vc_row full_width=\u00bbstretch_row\u00bb][vc_column][\/vc_column][\/vc_row][vc_row][vc_column][vc_empty_space height=\u00bb50&#8243;][\/vc_column][\/vc_row][vc_row css=\u00bb.vc_custom_1530612848220{background-color: #ffffff !important;}\u00bb][vc_column][vc_column_text] Comment sont \u00e9labor\u00e9es les recommandations de Mr.Goodfish pour l&#8217;Aquaculture ? [\/vc_column_text][vc_empty_space height=\u00bb30&#8243;][\/vc_column][\/vc_row][vc_row][vc_column][vc_empty_space height=\u00bb50&#8243;][\/vc_column][\/vc_row][vc_row css=\u00bb.vc_custom_1530612848220{background-color: #ffffff !important;}\u00bb][vc_column][vc_column_text]...","og_url":"https:\/\/www.mrgoodfish.com\/es\/les-recommandations-mr-goodfish-pour-laquaculture\/","og_site_name":"Mr.Goodfish","article_publisher":"https:\/\/www.facebook.com\/Mr.Goodfish\/","article_modified_time":"2018-07-05T14:06:13+00:00","twitter_card":"summary_large_image","twitter_misc":{"Tiempo de lectura":"4 minutos"},"schema":{"@context":"https:\/\/schema.org","@graph":[{"@type":"WebPage","@id":"https:\/\/www.mrgoodfish.com\/es\/les-recommandations-mr-goodfish-pour-laquaculture\/","url":"https:\/\/www.mrgoodfish.com\/es\/les-recommandations-mr-goodfish-pour-laquaculture\/","name":"Les recommandations Mr.Goodfish pour l'aquaculture - Mr.Goodfish","isPartOf":{"@id":"https:\/\/www.mrgoodfish.com\/es\/#website"},"datePublished":"2017-11-27T16:15:23+00:00","dateModified":"2018-07-05T14:06:13+00:00","breadcrumb":{"@id":"https:\/\/www.mrgoodfish.com\/es\/les-recommandations-mr-goodfish-pour-laquaculture\/#breadcrumb"},"inLanguage":"es","potentialAction":[{"@type":"ReadAction","target":["https:\/\/www.mrgoodfish.com\/es\/les-recommandations-mr-goodfish-pour-laquaculture\/"]}]},{"@type":"BreadcrumbList","@id":"https:\/\/www.mrgoodfish.com\/es\/les-recommandations-mr-goodfish-pour-laquaculture\/#breadcrumb","itemListElement":[{"@type":"ListItem","position":1,"name":"Accueil","item":"https:\/\/www.mrgoodfish.com\/es\/"},{"@type":"ListItem","position":2,"name":"Les recommandations Mr.Goodfish pour l&rsquo;aquaculture"}]},{"@type":"WebSite","@id":"https:\/\/www.mrgoodfish.com\/es\/#website","url":"https:\/\/www.mrgoodfish.com\/es\/","name":"Mr.Goodfish","description":"","publisher":{"@id":"https:\/\/www.mrgoodfish.com\/es\/#organization"},"potentialAction":[{"@type":"SearchAction","target":{"@type":"EntryPoint","urlTemplate":"https:\/\/www.mrgoodfish.com\/es\/?s={search_term_string}"},"query-input":{"@type":"PropertyValueSpecification","valueRequired":true,"valueName":"search_term_string"}}],"inLanguage":"es"},{"@type":"Organization","@id":"https:\/\/www.mrgoodfish.com\/es\/#organization","name":"MrGoodfish","url":"https:\/\/www.mrgoodfish.com\/es\/","logo":{"@type":"ImageObject","inLanguage":"es","@id":"https:\/\/www.mrgoodfish.com\/es\/#\/schema\/logo\/image\/","url":"https:\/\/www.mrgoodfish.com\/wp-content\/uploads\/2017\/12\/ACCIMA_icon2.png","contentUrl":"https:\/\/www.mrgoodfish.com\/wp-content\/uploads\/2017\/12\/ACCIMA_icon2.png","width":512,"height":512,"caption":"MrGoodfish"},"image":{"@id":"https:\/\/www.mrgoodfish.com\/es\/#\/schema\/logo\/image\/"},"sameAs":["https:\/\/www.facebook.com\/Mr.Goodfish\/","https:\/\/www.youtube.com\/watch?v=DAihK4kYYIU&amp;amp;amp;list=PLbo1bUfUHiUr3i_v_6H_jgEIzDqfx3Jio"]}]}},"_links":{"self":[{"href":"https:\/\/www.mrgoodfish.com\/es\/wp-json\/wp\/v2\/pages\/1836","targetHints":{"allow":["GET"]}}],"collection":[{"href":"https:\/\/www.mrgoodfish.com\/es\/wp-json\/wp\/v2\/pages"}],"about":[{"href":"https:\/\/www.mrgoodfish.com\/es\/wp-json\/wp\/v2\/types\/page"}],"author":[{"embeddable":true,"href":"https:\/\/www.mrgoodfish.com\/es\/wp-json\/wp\/v2\/users\/3"}],"replies":[{"embeddable":true,"href":"https:\/\/www.mrgoodfish.com\/es\/wp-json\/wp\/v2\/comments?post=1836"}],"version-history":[{"count":10,"href":"https:\/\/www.mrgoodfish.com\/es\/wp-json\/wp\/v2\/pages\/1836\/revisions"}],"predecessor-version":[{"id":4440,"href":"https:\/\/www.mrgoodfish.com\/es\/wp-json\/wp\/v2\/pages\/1836\/revisions\/4440"}],"wp:attachment":[{"href":"https:\/\/www.mrgoodfish.com\/es\/wp-json\/wp\/v2\/media?parent=1836"}],"curies":[{"name":"wp","href":"https:\/\/api.w.org\/{rel}","templated":true}]}}