{"id":1252,"date":"2017-11-28T13:52:08","date_gmt":"2017-11-28T12:52:08","guid":{"rendered":"https:\/\/www.mrgoodfish.com\/mr-goodfish\/nos-missions-2\/"},"modified":"2017-12-13T18:09:10","modified_gmt":"2017-12-13T17:09:10","slug":"faq","status":"publish","type":"page","link":"https:\/\/www.mrgoodfish.com\/es\/mr-goodfish-2\/faq\/","title":{"rendered":"FAQ"},"content":{"rendered":"<section class=\"wpb-content-wrapper\"><p>[vc_row full_width=\u00bbstretch_row\u00bb][vc_column]\n\t\t\t<section class=\" cover height-30 imagebg text-center\" data-overlay=\"1\" >\n\t\t\t    <div class=\"background-image-holder\">\n\t\t\t        <img loading=\"lazy\" decoding=\"async\" width=\"1500\" height=\"400\" src=\"https:\/\/www.mrgoodfish.com\/wp-content\/uploads\/2017\/11\/MRGF_header.jpg\" class=\"attachment-full size-full\" alt=\"MRGF_header | Mr.Goodfish\" srcset=\"https:\/\/www.mrgoodfish.com\/wp-content\/uploads\/2017\/11\/MRGF_header.jpg 1500w, https:\/\/www.mrgoodfish.com\/wp-content\/uploads\/2017\/11\/MRGF_header-300x80.jpg 300w, https:\/\/www.mrgoodfish.com\/wp-content\/uploads\/2017\/11\/MRGF_header-768x205.jpg 768w, https:\/\/www.mrgoodfish.com\/wp-content\/uploads\/2017\/11\/MRGF_header-1024x273.jpg 1024w, https:\/\/www.mrgoodfish.com\/wp-content\/uploads\/2017\/11\/MRGF_header-800x213.jpg 800w\" sizes=\"auto, (max-width: 1500px) 100vw, 1500px\" \/>\n\t\t\t    <\/div>\n\t\t\t    <div class=\"container pos-vertical-center\">\n\t\t\t        <div class=\"row\">\n\t\t\t            <div class=\"col-sm-12\">\n\t\t\t<section class=\"space--sm \">\n\t\t\t    <div class=\"container\">\n\t\t\t        <div class=\"row\">\n\t\t\t            <div class=\"col-sm-12\"><h1>FAQ<\/h1> <ol class=\"breadcrumbs\"><li><a href=\"https:\/\/www.mrgoodfish.com\/es\/\" class=\"home-link\" rel=\"home\">Home<\/a><\/li><li><a href=\"https:\/\/www.mrgoodfish.com\/mr-goodfish-2\/\">Mr.Goodfish<\/a><\/li><li class=\"active\">FAQ<\/li><\/ol><hr><\/div>\n\t\t\t        <\/div><!--end of row-->\n\t\t\t    <\/div><!--end of container-->\n\t\t\t<\/section>\n\t\t<\/div>\n\t\t\t        <\/div><!--end of row-->\n\t\t\t    <\/div><!--end of container-->\n\t\t\t    \n\t\t\t<\/section>\n\t\t[\/vc_column][\/vc_row][vc_row][vc_column][vc_empty_space height=\u00bb50&#8243;][\/vc_column][\/vc_row][vc_row][vc_column]<ul class=\"accordion accordion-1 accordion--oneopen \">\n\t\t<li class=\"\">\n\t\t\t<div class=\"accordion__title\">\n\t\t\t\t<span class=\"h5\">Les engins passifs<\/span>\n\t\t\t<\/div>\n\t\t\t<div class=\"accordion__content\">\n\t\t\t\t<p><span>Ces sont les filets, les lignes et les pi\u00e8ges ou nasses.<\/span><\/p>\n<p><span>Les filets : ils sont de diff\u00e9rentes formes, de diff\u00e9rentes structures en fonction des usages qui en sont faits.\u00a0<\/span><\/p>\n<p><span>Qu\u2019ils soient cal\u00e9s ou d\u00e9rivants, les filets maillants ou les filets tr\u00e9mail, constituent un obstacle qui pi\u00e8ge le poisson au moment de son passage. La taille des mailles peut \u00eatre r\u00e9glement\u00e9e et s\u00e9lectionne ainsi les plus gros individus, laissant les plus petits s\u2019\u00e9chapper.\u00a0<\/span><\/p>\n<p><span>La s\u00e9lectivit\u00e9 des filets repose \u00e0\u00a0la fois sur le comportement de l\u2019esp\u00e8ce cibl\u00e9e et sur la connaissance du milieu par les p\u00eacheurs. Un filet bien pos\u00e9, au bon endroit, au bon moment peut \u00eatre tr\u00e8s s\u00e9lectif. A l\u2019inverse, un filet peut s\u2019av\u00e9rer un pi\u00e8ge inutile mais dommageable pour l\u2019\u00e9cosyst\u00e8me si son utilisation est mal optimis\u00e9e, p\u00eachant aussi bien des crustac\u00e9s des poissons, des tortues ou des c\u00e9tac\u00e9s.<\/span><\/p>\n<p><span>Les lignes : Palangre ou p\u00eache \u00e0 la canne. Ces techniques, utilis\u00e9es sur le thon, le saumon, le bar ont impact essentiellement dans le cas des palangres de grande taille qui capturent d\u2019autres esp\u00e8ces que celles cibl\u00e9es et notamment des oiseaux marins (cas de la p\u00eache \u00e0\u00a0la Ligne en Antarctique par ex.).<\/span><\/p>\n<p><span>Les nasses ou les casiers sont de formes et de tailles tr\u00e8s diff\u00e9rentes selon l\u2019esp\u00e8ce cibl\u00e9e. Pos\u00e9s sur le fond par des caseyeurs, ils sont en g\u00e9n\u00e9ral peu impactants et permettent m\u00eame de s\u00e9lectionner, au moment de la remont\u00e9e \u00e0\u00a0bord, les individus commercialement les plus int\u00e9ressants et de rel\u00e2cher les autres vivants, ce qui n\u2019est pas ou peu le cas avec les autres techniques de p\u00eache cit\u00e9es pr\u00e9c\u00e9demment.\u00a0<\/span><\/p>\n<p><span>Pour tous les engins passifs, la perte ou l\u2019abandon en mer de filets, de lignes ou de casiers ou nasses qui \u00ab continuent \u00e0 p\u00eacher \u00bb peuvent constituer une menace sur le moyen et le long terme.\u00a0<\/span><\/p>\n<p><span>Enfin, il est \u00e0\u00a0noter que selon la technique de p\u00eache utilis\u00e9e, la consommation d\u2019\u00e9nergie du bateau peut consid\u00e9rablement varier. Ce sera, \u00e0\u00a0 l\u2019\u00e9vidence une donn\u00e9e importante \u00e0\u00a0 l\u2019heure de l\u2019augmentation du prix du baril de p\u00e9trole et de l\u2019instauration des taxes carbone. De ce point de vue, sans m\u00eame \u00e9voquer l\u2019impact sur certains milieux fragiles, les chalutiers, tr\u00e8s consommateurs de gasoil, seront tr\u00e8s rapidement face \u00e0\u00a0une difficile \u00e9quation \u00e0\u00a0 r\u00e9soudre entre valeur et volume p\u00each\u00e9, prix du gasoil et taxe carbone et trouver le seuil de rentabilit\u00e9 dans le respect des exigences du d\u00e9veloppement durable.<\/span><\/p>\n\n\t\t\t<\/div>\n\t\t<\/li>\n\t\n\t\t<li class=\"\">\n\t\t\t<div class=\"accordion__title\">\n\t\t\t\t<span class=\"h5\">Les engins actifs<\/span>\n\t\t\t<\/div>\n\t\t\t<div class=\"accordion__content\">\n\t\t\t\t<p><span><b>Les chaluts :\u00a0<\/b><\/span><\/p>\n<ul class=\"faq\">\n<li>les chaluts (filet en forme de \u00ab chaussette \u00bb) de fonds sont tract\u00e9s sur le fond ou tr\u00e8s proche de celui-ci et capturent les esp\u00e8ces vivant sur ou \u00e0\u00a0proximit\u00e9 de celui-ci. C\u2019est le cas du cabillaud, du merlan, des poissons plats, des crevettes et des langoustines.<\/li>\n<li>Les chaluts p\u00e9lagiques (tir\u00e9s en pleine eau) capturent les esp\u00e8ces qui vivent dans la masse d\u2019eau comme les maquereaux, les thons, les harengs, les anchois, les sardines ou les bars\u00e2\u0080\u00a6<\/li>\n<\/ul>\n<p><span><b>Les dragues :\u00a0<\/b><\/span><\/p>\n<p>Bas\u00e9es sur le m\u00eame principe que les chaluts de fond, les dragues sont v\u00e9ritablement pos\u00e9es et tir\u00e9es sur le fond et le ratissent pour p\u00eacher, notamment des mollusques : coquilles Saint-Jacques, hu\u00eetres, palourdes ou praires. Les chaluts et les dragues ont deux types d\u2019impact sur l\u2019environnement :<\/p>\n<ul class=\"faq\">\n<li>1. Sur les fonds marins, pour les chaluts de fonds et de dragues. Selon la nature des fonds marins ces impacts peuvent \u00eatre plus ou moins importants et entrainer la d\u00e9t\u00e9rioration du milieu, la destruction de certains habitats et la p\u00eache d\u2019organismes marins non exploit\u00e9s tels que les alevins, les coraux ou des algues.<\/li>\n<li>2. Sur les esp\u00e8ces captur\u00e9es. Le chalut n\u2019est pas toujours utilis\u00e9 de mani\u00e8re tr\u00e8s s\u00e9lective. Il peut capturer des individus \u00ab non cibl\u00e9s \u00bb au d\u00e9part (individus de petite taille ou individus d\u2019autres esp\u00e8ces).<\/li>\n<\/ul>\n<p><span><br \/>\nDes efforts importants ont \u00e9t\u00e9 entrepris pour diminuer l\u2019impact de certains chaluts, en \u00e9vitant au mieux les fonds marins (rouleaux de corde de ventre qui roulent sur le fond) et en am\u00e9liorant la \u00ab s\u00e9lectivit\u00e9 \u00bb (taille des mailles, grilles s\u00e9lectives, panneaux) ce qui permet de diminuer significativement le nombre d\u2019organismes pr\u00e9lev\u00e9s (esp\u00e8ces et tailles) qui ne devraient pas l\u2019\u00eatre. C\u2019est le cas de la p\u00eacherie fran\u00e7aise de langoustine du Golfe de Gascogne par exemple.<\/span><\/p>\n<p>N\u00e9anmoins, la p\u00eache au chalut sur des grands fonds se d\u00e9roule sur des \u00e9cosyst\u00e8mes tr\u00e8s fragiles (coraux profonds) et esp\u00e8ces \u00e0\u00a0cycle lent et \u00e0\u00a0 maturit\u00e9 sexuelle tardive (empereurs, sabres ou grenadiers). Ses impacts sur les \u00e9cosyst\u00e8mes (\u00e0 l\u2019exception de fonds zones sablo-vaseux), et les ressources restent si pr\u00e9occupants sur le moyen et le long terme que les Nations Unies ont demand\u00e9 \u00e0\u00a0 tous les Etats pratiquant cette p\u00eache de l\u2019interrompre fin 2008 s\u2019ils n\u2019\u00e9taient pas en mesure d\u2019en d\u00e9montrer le caract\u00e8re durable. Une mission sur la durabilit\u00e9 des p\u00eaches profondes a \u00e9t\u00e9 diligent\u00e9e par le gouvernement fran\u00e7ais et devrait rendre ses conclusions en d\u00e9but 2010.<\/p>\n<p>Enfin, dans le cas des gros chaluts p\u00e9lagiques, m\u00eame si les captures accessoires semblent peu fr\u00e9quentes, des prises accidentelles de c\u00e9tac\u00e9s ont \u00e9t\u00e9 rapport\u00e9es. Une dur\u00e9e excessive de chalutage provoque en outre l\u2019\u00e9crasement des poissons dans le fond de la poche du chalut ce qui, dans le meilleur des cas, en diminue drastiquement la valeur commerciale.<\/p>\n<p>Les filets tournants : le principe de ces engins est d\u2019abord d\u2019entourer le banc de poisson d\u2019un filet avant d\u2019en rapprocher les deux pans vers le navire (senne tournante) et en fermant le fond du filet en m\u00eame temps (senne tournante coulissante \u00e2\u0080\u0093 Bolinche ou Lamparo).<\/p>\n<p>Cette technique de p\u00eache provoque parfois la prise accessoire d\u2019individus de petite taille mais des esp\u00e8ces cibl\u00e9es ainsi que de petits c\u00e9tac\u00e9s. Les techniques \u00e9voluant, ces prises accessoires sont de plus en plus rel\u00e2ch\u00e9es vivantes.<\/p>\n\n\t\t\t<\/div>\n\t\t<\/li>\n\t<\/ul>[\/vc_column][\/vc_row]<\/p>\n<\/section>","protected":false},"excerpt":{"rendered":"<p>[vc_row full_width=\u00bbstretch_row\u00bb][vc_column][\/vc_column][\/vc_row][vc_row][vc_column][vc_empty_space height=\u00bb50&#8243;][\/vc_column][\/vc_row][vc_row][vc_column][\/vc_column][\/vc_row]<\/p>\n","protected":false},"author":2,"featured_media":0,"parent":1086,"menu_order":0,"comment_status":"closed","ping_status":"closed","template":"","meta":{"footnotes":""},"class_list":["post-1252","page","type-page","status-publish","hentry"],"better_featured_image":null,"yoast_head":"<!-- This site is optimized with the Yoast SEO plugin v27.4 - https:\/\/yoast.com\/product\/yoast-seo-wordpress\/ -->\n<title>FAQ - Mr.Goodfish<\/title>\n<meta name=\"robots\" content=\"index, follow, max-snippet:-1, max-image-preview:large, max-video-preview:-1\" \/>\n<link rel=\"canonical\" href=\"https:\/\/www.mrgoodfish.com\/es\/mr-goodfish-2\/faq\/\" \/>\n<meta property=\"og:locale\" content=\"es_ES\" \/>\n<meta property=\"og:type\" content=\"article\" \/>\n<meta property=\"og:title\" content=\"FAQ - Mr.Goodfish\" \/>\n<meta property=\"og:description\" content=\"[vc_row full_width=\u00bbstretch_row\u00bb][vc_column][\/vc_column][\/vc_row][vc_row][vc_column][vc_empty_space height=\u00bb50&#8243;][\/vc_column][\/vc_row][vc_row][vc_column][\/vc_column][\/vc_row]\" \/>\n<meta property=\"og:url\" content=\"https:\/\/www.mrgoodfish.com\/es\/mr-goodfish-2\/faq\/\" \/>\n<meta property=\"og:site_name\" content=\"Mr.Goodfish\" \/>\n<meta property=\"article:publisher\" content=\"https:\/\/www.facebook.com\/Mr.Goodfish\/\" \/>\n<meta property=\"article:modified_time\" content=\"2017-12-13T17:09:10+00:00\" \/>\n<meta name=\"twitter:card\" content=\"summary_large_image\" \/>\n<meta name=\"twitter:label1\" content=\"Tiempo de lectura\" \/>\n\t<meta name=\"twitter:data1\" content=\"6 minutos\" \/>\n<script type=\"application\/ld+json\" class=\"yoast-schema-graph\">{\"@context\":\"https:\\\/\\\/schema.org\",\"@graph\":[{\"@type\":\"WebPage\",\"@id\":\"https:\\\/\\\/www.mrgoodfish.com\\\/es\\\/mr-goodfish-2\\\/faq\\\/\",\"url\":\"https:\\\/\\\/www.mrgoodfish.com\\\/es\\\/mr-goodfish-2\\\/faq\\\/\",\"name\":\"FAQ - Mr.Goodfish\",\"isPartOf\":{\"@id\":\"https:\\\/\\\/www.mrgoodfish.com\\\/es\\\/#website\"},\"datePublished\":\"2017-11-28T12:52:08+00:00\",\"dateModified\":\"2017-12-13T17:09:10+00:00\",\"breadcrumb\":{\"@id\":\"https:\\\/\\\/www.mrgoodfish.com\\\/es\\\/mr-goodfish-2\\\/faq\\\/#breadcrumb\"},\"inLanguage\":\"es\",\"potentialAction\":[{\"@type\":\"ReadAction\",\"target\":[\"https:\\\/\\\/www.mrgoodfish.com\\\/es\\\/mr-goodfish-2\\\/faq\\\/\"]}]},{\"@type\":\"BreadcrumbList\",\"@id\":\"https:\\\/\\\/www.mrgoodfish.com\\\/es\\\/mr-goodfish-2\\\/faq\\\/#breadcrumb\",\"itemListElement\":[{\"@type\":\"ListItem\",\"position\":1,\"name\":\"Accueil\",\"item\":\"https:\\\/\\\/www.mrgoodfish.com\\\/es\\\/\"},{\"@type\":\"ListItem\",\"position\":2,\"name\":\"Mr.Goodfish\",\"item\":\"https:\\\/\\\/www.mrgoodfish.com\\\/es\\\/mr-goodfish-2\\\/\"},{\"@type\":\"ListItem\",\"position\":3,\"name\":\"FAQ\"}]},{\"@type\":\"WebSite\",\"@id\":\"https:\\\/\\\/www.mrgoodfish.com\\\/es\\\/#website\",\"url\":\"https:\\\/\\\/www.mrgoodfish.com\\\/es\\\/\",\"name\":\"Mr.Goodfish\",\"description\":\"\",\"publisher\":{\"@id\":\"https:\\\/\\\/www.mrgoodfish.com\\\/es\\\/#organization\"},\"potentialAction\":[{\"@type\":\"SearchAction\",\"target\":{\"@type\":\"EntryPoint\",\"urlTemplate\":\"https:\\\/\\\/www.mrgoodfish.com\\\/es\\\/?s={search_term_string}\"},\"query-input\":{\"@type\":\"PropertyValueSpecification\",\"valueRequired\":true,\"valueName\":\"search_term_string\"}}],\"inLanguage\":\"es\"},{\"@type\":\"Organization\",\"@id\":\"https:\\\/\\\/www.mrgoodfish.com\\\/es\\\/#organization\",\"name\":\"MrGoodfish\",\"url\":\"https:\\\/\\\/www.mrgoodfish.com\\\/es\\\/\",\"logo\":{\"@type\":\"ImageObject\",\"inLanguage\":\"es\",\"@id\":\"https:\\\/\\\/www.mrgoodfish.com\\\/es\\\/#\\\/schema\\\/logo\\\/image\\\/\",\"url\":\"https:\\\/\\\/www.mrgoodfish.com\\\/wp-content\\\/uploads\\\/2017\\\/12\\\/ACCIMA_icon2.png\",\"contentUrl\":\"https:\\\/\\\/www.mrgoodfish.com\\\/wp-content\\\/uploads\\\/2017\\\/12\\\/ACCIMA_icon2.png\",\"width\":512,\"height\":512,\"caption\":\"MrGoodfish\"},\"image\":{\"@id\":\"https:\\\/\\\/www.mrgoodfish.com\\\/es\\\/#\\\/schema\\\/logo\\\/image\\\/\"},\"sameAs\":[\"https:\\\/\\\/www.facebook.com\\\/Mr.Goodfish\\\/\",\"https:\\\/\\\/www.youtube.com\\\/watch?v=DAihK4kYYIU&amp;amp;amp;list=PLbo1bUfUHiUr3i_v_6H_jgEIzDqfx3Jio\"]}]}<\/script>\n<!-- \/ Yoast SEO plugin. -->","yoast_head_json":{"title":"FAQ - Mr.Goodfish","robots":{"index":"index","follow":"follow","max-snippet":"max-snippet:-1","max-image-preview":"max-image-preview:large","max-video-preview":"max-video-preview:-1"},"canonical":"https:\/\/www.mrgoodfish.com\/es\/mr-goodfish-2\/faq\/","og_locale":"es_ES","og_type":"article","og_title":"FAQ - Mr.Goodfish","og_description":"[vc_row full_width=\u00bbstretch_row\u00bb][vc_column][\/vc_column][\/vc_row][vc_row][vc_column][vc_empty_space height=\u00bb50&#8243;][\/vc_column][\/vc_row][vc_row][vc_column][\/vc_column][\/vc_row]","og_url":"https:\/\/www.mrgoodfish.com\/es\/mr-goodfish-2\/faq\/","og_site_name":"Mr.Goodfish","article_publisher":"https:\/\/www.facebook.com\/Mr.Goodfish\/","article_modified_time":"2017-12-13T17:09:10+00:00","twitter_card":"summary_large_image","twitter_misc":{"Tiempo de lectura":"6 minutos"},"schema":{"@context":"https:\/\/schema.org","@graph":[{"@type":"WebPage","@id":"https:\/\/www.mrgoodfish.com\/es\/mr-goodfish-2\/faq\/","url":"https:\/\/www.mrgoodfish.com\/es\/mr-goodfish-2\/faq\/","name":"FAQ - Mr.Goodfish","isPartOf":{"@id":"https:\/\/www.mrgoodfish.com\/es\/#website"},"datePublished":"2017-11-28T12:52:08+00:00","dateModified":"2017-12-13T17:09:10+00:00","breadcrumb":{"@id":"https:\/\/www.mrgoodfish.com\/es\/mr-goodfish-2\/faq\/#breadcrumb"},"inLanguage":"es","potentialAction":[{"@type":"ReadAction","target":["https:\/\/www.mrgoodfish.com\/es\/mr-goodfish-2\/faq\/"]}]},{"@type":"BreadcrumbList","@id":"https:\/\/www.mrgoodfish.com\/es\/mr-goodfish-2\/faq\/#breadcrumb","itemListElement":[{"@type":"ListItem","position":1,"name":"Accueil","item":"https:\/\/www.mrgoodfish.com\/es\/"},{"@type":"ListItem","position":2,"name":"Mr.Goodfish","item":"https:\/\/www.mrgoodfish.com\/es\/mr-goodfish-2\/"},{"@type":"ListItem","position":3,"name":"FAQ"}]},{"@type":"WebSite","@id":"https:\/\/www.mrgoodfish.com\/es\/#website","url":"https:\/\/www.mrgoodfish.com\/es\/","name":"Mr.Goodfish","description":"","publisher":{"@id":"https:\/\/www.mrgoodfish.com\/es\/#organization"},"potentialAction":[{"@type":"SearchAction","target":{"@type":"EntryPoint","urlTemplate":"https:\/\/www.mrgoodfish.com\/es\/?s={search_term_string}"},"query-input":{"@type":"PropertyValueSpecification","valueRequired":true,"valueName":"search_term_string"}}],"inLanguage":"es"},{"@type":"Organization","@id":"https:\/\/www.mrgoodfish.com\/es\/#organization","name":"MrGoodfish","url":"https:\/\/www.mrgoodfish.com\/es\/","logo":{"@type":"ImageObject","inLanguage":"es","@id":"https:\/\/www.mrgoodfish.com\/es\/#\/schema\/logo\/image\/","url":"https:\/\/www.mrgoodfish.com\/wp-content\/uploads\/2017\/12\/ACCIMA_icon2.png","contentUrl":"https:\/\/www.mrgoodfish.com\/wp-content\/uploads\/2017\/12\/ACCIMA_icon2.png","width":512,"height":512,"caption":"MrGoodfish"},"image":{"@id":"https:\/\/www.mrgoodfish.com\/es\/#\/schema\/logo\/image\/"},"sameAs":["https:\/\/www.facebook.com\/Mr.Goodfish\/","https:\/\/www.youtube.com\/watch?v=DAihK4kYYIU&amp;amp;amp;list=PLbo1bUfUHiUr3i_v_6H_jgEIzDqfx3Jio"]}]}},"_links":{"self":[{"href":"https:\/\/www.mrgoodfish.com\/es\/wp-json\/wp\/v2\/pages\/1252","targetHints":{"allow":["GET"]}}],"collection":[{"href":"https:\/\/www.mrgoodfish.com\/es\/wp-json\/wp\/v2\/pages"}],"about":[{"href":"https:\/\/www.mrgoodfish.com\/es\/wp-json\/wp\/v2\/types\/page"}],"author":[{"embeddable":true,"href":"https:\/\/www.mrgoodfish.com\/es\/wp-json\/wp\/v2\/users\/2"}],"replies":[{"embeddable":true,"href":"https:\/\/www.mrgoodfish.com\/es\/wp-json\/wp\/v2\/comments?post=1252"}],"version-history":[{"count":10,"href":"https:\/\/www.mrgoodfish.com\/es\/wp-json\/wp\/v2\/pages\/1252\/revisions"}],"predecessor-version":[{"id":1346,"href":"https:\/\/www.mrgoodfish.com\/es\/wp-json\/wp\/v2\/pages\/1252\/revisions\/1346"}],"up":[{"embeddable":true,"href":"https:\/\/www.mrgoodfish.com\/es\/wp-json\/wp\/v2\/pages\/1086"}],"wp:attachment":[{"href":"https:\/\/www.mrgoodfish.com\/es\/wp-json\/wp\/v2\/media?parent=1252"}],"curies":[{"name":"wp","href":"https:\/\/api.w.org\/{rel}","templated":true}]}}