{"id":8908,"date":"2020-10-13T11:16:08","date_gmt":"2020-10-13T09:16:08","guid":{"rendered":"https:\/\/www.mrgoodfish.com\/mr-goodfish\/les-partenaires-professionnels\/"},"modified":"2020-10-13T11:16:27","modified_gmt":"2020-10-13T09:16:27","slug":"les-partenaires-professionnels","status":"publish","type":"page","link":"https:\/\/www.mrgoodfish.com\/en\/mr-goodfish\/les-partenaires-professionnels\/","title":{"rendered":"Les partenaires professionnels"},"content":{"rendered":"<section class=\"wpb-content-wrapper\"><p>[vc_row full_width=&#8221;stretch_row&#8221;][vc_column]\n\t\t\t<section class=\" cover height-30 imagebg text-center\" data-overlay=\"0\" >\n\t\t\t    <div class=\"background-image-holder\">\n\t\t\t        <img loading=\"lazy\" decoding=\"async\" width=\"1500\" height=\"400\" src=\"https:\/\/www.mrgoodfish.com\/wp-content\/uploads\/2017\/11\/MRGF_header.jpg\" class=\"attachment-full size-full\" alt=\"MRGF_header | Mr.Goodfish\" srcset=\"https:\/\/www.mrgoodfish.com\/wp-content\/uploads\/2017\/11\/MRGF_header.jpg 1500w, https:\/\/www.mrgoodfish.com\/wp-content\/uploads\/2017\/11\/MRGF_header-300x80.jpg 300w, https:\/\/www.mrgoodfish.com\/wp-content\/uploads\/2017\/11\/MRGF_header-768x205.jpg 768w, https:\/\/www.mrgoodfish.com\/wp-content\/uploads\/2017\/11\/MRGF_header-1024x273.jpg 1024w, https:\/\/www.mrgoodfish.com\/wp-content\/uploads\/2017\/11\/MRGF_header-800x213.jpg 800w\" sizes=\"auto, (max-width: 1500px) 100vw, 1500px\" \/>\n\t\t\t    <\/div>\n\t\t\t    <div class=\"container pos-vertical-center\">\n\t\t\t        <div class=\"row\">\n\t\t\t            <div class=\"col-sm-12\">\n\t\t\t<section class=\"space--sm \">\n\t\t\t    <div class=\"container\">\n\t\t\t        <div class=\"row\">\n\t\t\t            <div class=\"col-sm-12\"><h1>Les partenaires professionnels<\/h1> <ol class=\"breadcrumbs\"><li><a href=\"https:\/\/www.mrgoodfish.com\/en\/\" class=\"home-link\" rel=\"home\">Home<\/a><\/li><li><a href=\"https:\/\/www.mrgoodfish.com\/en\/mr-goodfish\/\">Mr.Goodfish<\/a><\/li><li class=\"active\">Les partenaires professionnels<\/li><\/ol><hr><\/div>\n\t\t\t        <\/div><!--end of row-->\n\t\t\t    <\/div><!--end of container-->\n\t\t\t<\/section>\n\t\t<\/div>\n\t\t\t        <\/div><!--end of row-->\n\t\t\t    <\/div><!--end of container-->\n\t\t\t    \n\t\t\t<\/section>\n\t\t[\/vc_column][\/vc_row][vc_row][vc_column][vc_empty_space height=&#8221;50px&#8221;][\/vc_column][\/vc_row][vc_row css=&#8221;.vc_custom_1530609011703{background-color: #ffffff !important;}&#8221;][vc_column][vc_column_text]<\/p>\n<p style=\"text-align: center;\">Mr.Goodfish travaille avec l&#8217;ensemble de la fili\u00e8re\u00a0qui s&#8217;engage dans la pr\u00e9servation des ressources marines<br \/>\nen pr\u00e9sentant \u00e0 leur client\u00e8le des esp\u00e8ces plus durables et de saison:<\/p>\n<p>[\/vc_column_text][\/vc_column][\/vc_row][vc_row css=&#8221;.vc_custom_1530609033770{background-color: #ffffff !important;}&#8221;][vc_column width=&#8221;1\/2&#8243;][vc_column_text]<\/p>\n<ul>\n<li>P\u00eacheurs<\/li>\n<li>Cri\u00e9es<\/li>\n<li>Mareyeurs et grossistes<\/li>\n<li>Transformateurs<\/li>\n<li>Distributeurs<\/li>\n<li>Entreprises de service dans la restauration<\/li>\n<\/ul>\n<p>[\/vc_column_text][vc_empty_space height=&#8221;30px&#8221;][\/vc_column][vc_column width=&#8221;1\/2&#8243;][vc_column_text]<\/p>\n<ul>\n<li>Restaurants partenaires<\/li>\n<li>Etablissements scolaires<\/li>\n<li>Traiteurs<\/li>\n<li>Poissonneries<\/li>\n<li>La grande distribution<\/li>\n<\/ul>\n<p>[\/vc_column_text][\/vc_column][\/vc_row][vc_row][vc_column][vc_empty_space height=&#8221;50px&#8221;][\/vc_column][\/vc_row][vc_row css=&#8221;.vc_custom_1530609052518{background-color: #ffffff !important;}&#8221;][vc_column css=&#8221;.vc_custom_1601456816837{margin-right: 40px !important;margin-left: 40px !important;}&#8221;][vc_column_text]Retrouvez tous les professionnels qui ont rejoint la d\u00e9marche dans la rubrique <strong>Nos adh\u00e9rents<\/strong> ou en cliquant <a href=\"https:\/\/www.mrgoodfish.com\/adherents\/\"><strong>ici<\/strong><\/a>.<\/p>\n<p><strong>Ils nous suivent depuis le d\u00e9but:<\/strong>[\/vc_column_text][vc_empty_space height=&#8221;30px&#8221;][\/vc_column][\/vc_row][vc_row css=&#8221;.vc_custom_1601649503573{border-right-width: 40px !important;border-left-width: 40px !important;}&#8221;][vc_column width=&#8221;1\/2&#8243; css=&#8221;.vc_custom_1601649587359{margin-right: 40px !important;margin-left: 40px !important;}&#8221;][vc_hoverbox image=&#8221;3662&#8243; primary_title=&#8221;&#8221; hover_title=&#8221;Ga\u00ebl Orieux&#8221; shape=&#8221;round&#8221;]<\/p>\n<p style=\"text-align: justify;\">&#8220;Lorsque j&#8217;ai ouvert le restaurant &#8220;<a href=\"https:\/\/www.restaurantauguste.fr\/\">Auguste\u00a0<\/a>&#8221; , je me suis int\u00e9ress\u00e9 \u00e0 ce qui m&#8217;apparaissait alors nouveau: la fragilit\u00e9 des ressources marines. Il ne s&#8217;agissait pas seulement de choisir du bon poisson, mais de l&#8217;acheter intelligemment. J&#8217;ai particip\u00e9 \u00e0 l&#8217;\u00e9laboration jusqu&#8217;\u00e0 devenir parrain du programme Mr.Goodfish. Mr.Goodfish, c&#8217;est l&#8217;outil id\u00e9al. C&#8217;est clair, logique et simple (&#8230;).&#8221;<\/p>\n<p>[\/vc_hoverbox][vc_empty_space height=&#8221;30px&#8221;][\/vc_column][vc_column width=&#8221;1\/2&#8243; css=&#8221;.vc_custom_1601649599094{margin-right: 40px !important;margin-left: 40px !important;}&#8221;][vc_hoverbox image=&#8221;2773&#8243; primary_title=&#8221;&#8221; hover_title=&#8221;METRO Cash&amp;Carry &#8221; shape=&#8221;round&#8221;]<\/p>\n<p style=\"text-align: justify;\"><strong><a href=\"https:\/\/www.metro.fr\/services\/commerce-responsable\/passez-au-developpement-durable\">METRO Cash &amp; Carry France<\/a><\/strong>, leader du commerce de gros en libre-service, a \u00e9t\u00e9 le premier grossiste alimentaire \u00e0 signer un partenariat de coop\u00e9ration avec Nausicaa pour relayer et d\u00e9ployer dans ses entrep\u00f4ts la d\u00e9marche Mr.Goodfish pour une p\u00eache durable. Depuis 2012, les 93 entrp\u00f4ts fran\u00e7ais pr\u00e9sentent des esp\u00e8ces recommand\u00e9es par Mr.Goodfish \u00e0 leurs clients et les incitent \u00e0 rejoindre le programme.<\/p>\n<p>[\/vc_hoverbox][vc_empty_space height=&#8221;30px&#8221;][\/vc_column][\/vc_row][vc_row][vc_column][vc_empty_space height=&#8221;50px&#8221;][\/vc_column][\/vc_row][vc_row css=&#8221;.vc_custom_1530609052518{background-color: #ffffff !important;}&#8221;][vc_column css=&#8221;.vc_custom_1601456816837{margin-right: 40px !important;margin-left: 40px !important;}&#8221;][vc_column_text]<strong>ils se sont engag\u00e9s :<\/strong>[\/vc_column_text][vc_empty_space height=&#8221;30px&#8221;][\/vc_column][\/vc_row][vc_row css=&#8221;.vc_custom_1601649748703{border-right-width: 40px !important;border-left-width: 40px !important;}&#8221;][vc_column width=&#8221;1\/2&#8243; css=&#8221;.vc_custom_1601650452833{margin-right: 40px !important;margin-left: 40px !important;}&#8221;][vc_hoverbox image=&#8221;8903&#8243; primary_title=&#8221;&#8221; hover_title=&#8221;SCAPECHE ET CAPITAINE HOUAT&#8221; shape=&#8221;round&#8221;]En 2015,\u00a0<a href=\"http:\/\/www.capitainehouat.fr\/\" target=\"_blank\" rel=\"noopener noreferrer\">Capitaine HOUAT<\/a>\u00a0et\u00a0<a href=\"http:\/\/www.scapeche.fr\/maintenance.html\" target=\"_blank\" rel=\"noopener noreferrer\">Scap\u00eache<\/a>, filiale du\u00a0<a href=\"https:\/\/www.mousquetaires.com\/\" target=\"_blank\" rel=\"noopener noreferrer\">groupement des Mousquetaires<\/a>\u00a0ont\u00a0 sign\u00e9 avec Nausica\u00e1 une convention de partenariat officialisant leur adh\u00e9sion de filiales du groupe Intermarch\u00e9 \u00e0 Mr.Goodfish.<br \/>\nScap\u00eache, armateur du groupement des Mousquetaires, et Capitaine Houat, entreprise de ce m\u00eame groupement s\u2019impliquent dans la d\u00e9marche Mr.Goodfish afin de privil\u00e9gier et de valoriser les produits de consommation responsable sur les \u00e9tals des points de vente Intermarch\u00e9.[\/vc_hoverbox][vc_empty_space height=&#8221;30px&#8221;][vc_hoverbox image=&#8221;8847&#8243; primary_title=&#8221;&#8221; hover_title=&#8221;AUCHAN&#8221; shape=&#8221;round&#8221;]<span>Pour sensibiliser le public et les professionnels, et assurer un avenir aux esp\u00e8ces menac\u00e9es,\u00a0<\/span><a href=\"https:\/\/www.auchan.fr\/\" target=\"_blank\" rel=\"noopener noreferrer\">Auchan<\/a><span>\u00a0s\u2019est associ\u00e9 \u00e0 Mr.Goodfish en 2018. Dans un premier temps l\u2019entreprise s\u2019est concentr\u00e9e sur les esp\u00e8ces d\u2019\u00e9levage, et depuis d\u00e9but 2020, se sont \u00e9galement engag\u00e9s sur les esp\u00e8ces sauvages. Ils ont ainsi convertis aux esp\u00e8ces durables et de saison l\u2019ensemble de leurs collaborateurs et leurs fournisseurs pour proposer \u00e0 leurs clients, sur l\u2019\u00e9tal et en barquette, les recommandations Mr.Goodfish.<\/span>[\/vc_hoverbox][vc_empty_space height=&#8221;30px&#8221;][\/vc_column][vc_column width=&#8221;1\/2&#8243; css=&#8221;.vc_custom_1601650461114{margin-right: 40px !important;margin-left: 40px !important;}&#8221;][vc_hoverbox image=&#8221;8885&#8243; primary_title=&#8221;&#8221; hover_title=&#8221;ELIOR&#8221; shape=&#8221;round&#8221;]Cr\u00e9\u00e9 en 1991, <a href=\"https:\/\/www.eliorgroup.com\/fr\" target=\"_blank\" rel=\"noopener noreferrer\">Elior Group<\/a>, un des leaders mondiaux de la restauration et des services, est aujourd\u2019hui le restaurateur de r\u00e9f\u00e9rence dans le monde de l\u2019entreprise, de l\u2019enseignement et de la sant\u00e9, ainsi que dans l\u2019univers du voyage. Le groupe ELIOR France a sign\u00e9 un partenariat avec le programme Mr.Goodfish en 2017. Les restaurants partenaires s\u2019engagent \u00e0 proposer \u00e0 leurs convives au moins un plat compos\u00e9 d\u2019une esp\u00e8ce Mr.Goodfish, par semaine.[\/vc_hoverbox][vc_empty_space height=&#8221;30px&#8221;][\/vc_column][\/vc_row][vc_row][vc_column][vc_empty_space height=&#8221;50px&#8221;][\/vc_column][\/vc_row][vc_row css=&#8221;.vc_custom_1530609052518{background-color: #ffffff !important;}&#8221;][vc_column css=&#8221;.vc_custom_1601456816837{margin-right: 40px !important;margin-left: 40px !important;}&#8221;][vc_column_text]<strong>Ils nous accompagnent :<\/strong>[\/vc_column_text][vc_empty_space height=&#8221;30px&#8221;][\/vc_column][\/vc_row][vc_row css=&#8221;.vc_custom_1601651447945{border-right-width: 40px !important;border-left-width: 40px !important;}&#8221;][vc_column width=&#8221;1\/2&#8243; css=&#8221;.vc_custom_1601456983005{margin-left: 40px !important;}&#8221;][vc_hoverbox image=&#8221;8867&#8243; primary_title=&#8221;&#8221; hover_title=&#8221;BUREAU VERITAS &#8221; shape=&#8221;round&#8221;]Depuis 2018, <a href=\"https:\/\/www.bureauveritas.fr\/\" target=\"_blank\" rel=\"noopener noreferrer\">Bureau VERITAS<\/a> assure le contr\u00f4le de tous les professionnels engag\u00e9s dans la d\u00e9marche Mr.Goodfish. Ce partenariat assure le bon respect des cahiers des charges Mr.Goodfish par tous les adh\u00e9rents du programme.[\/vc_hoverbox][vc_empty_space height=&#8221;30px&#8221;][\/vc_column][vc_column width=&#8221;1\/2&#8243; css=&#8221;.vc_custom_1601456991633{margin-right: 40px !important;}&#8221;][vc_empty_space height=&#8221;30px&#8221;][\/vc_column][\/vc_row][vc_row][vc_column][vc_empty_space height=&#8221;50px&#8221;][\/vc_column][\/vc_row][vc_row css=&#8221;.vc_custom_1601650033759{background-color: #ffffff !important;}&#8221;][vc_column][vc_column_text]<strong>Mr.Goodfish les soutient:<\/strong>[\/vc_column_text][vc_empty_space height=&#8221;30px&#8221;][\/vc_column][\/vc_row][vc_row css=&#8221;.vc_custom_1601651944193{border-right-width: 40px !important;border-left-width: 40px !important;}&#8221;][vc_column width=&#8221;1\/2&#8243; css=&#8221;.vc_custom_1601652142405{margin-right: 40px !important;margin-left: 40px !important;}&#8221;][vc_empty_space height=&#8221;30px&#8221;][vc_hoverbox image=&#8221;8893&#8243; primary_title=&#8221;&#8221; hover_title=&#8221;Innovafeed&#8221; shape=&#8221;round&#8221; css=&#8221;.vc_custom_1601651749348{margin-right: 40px !important;margin-left: 40px !important;}&#8221;]<\/p>\n<p style=\"text-align: justify;\"><a href=\"http:\/\/www.innovafeed.com\/\">Innova<\/a><a href=\"http:\/\/www.innovafeed.com\/\">Feed<\/a> produit une nouvelle source de prot\u00e9ines provenant de l&#8217;\u00e9levage d\u2019insectes et destin\u00e9e \u00e0 l\u2019alimentation des poissons\u00a0d\u2019\u00e9levage. A l\u2019\u00e9tat sauvage, certaines esp\u00e8ces comme la truite et le saumon se nourrissent en partie d\u2019insectes\u00a0: c\u2019est donc un retour aux sources pour ces poissons, excellents gobeurs de mouches! L\u2019insecte contribue \u00e0 l\u2019essor d\u2019une aquaculture durable qui diminue la pression sur nos ressources oc\u00e9aniques pour du poisson de qualit\u00e9 aujourd\u2019hui et demain.<\/p>\n<p>[\/vc_hoverbox][vc_empty_space height=&#8221;30px&#8221;][\/vc_column][vc_column width=&#8221;1\/2&#8243;][\/vc_column][\/vc_row][vc_row][vc_column][vc_empty_space height=&#8221;50px&#8221;][\/vc_column][\/vc_row]<\/p>\n<\/section>","protected":false},"excerpt":{"rendered":"<p>[vc_row full_width=&#8221;stretch_row&#8221;][vc_column][\/vc_column][\/vc_row][vc_row][vc_column][vc_empty_space height=&#8221;50px&#8221;][\/vc_column][\/vc_row][vc_row css=&#8221;.vc_custom_1530609011703{background-color: #ffffff !important;}&#8221;][vc_column][vc_column_text] Mr.Goodfish travaille avec l&#8217;ensemble de la fili\u00e8re\u00a0qui s&#8217;engage dans la pr\u00e9servation des ressources marines en pr\u00e9sentant&#8230;<\/p>\n","protected":false},"author":3,"featured_media":0,"parent":2368,"menu_order":6,"comment_status":"closed","ping_status":"closed","template":"","meta":{"footnotes":""},"class_list":["post-8908","page","type-page","status-publish","hentry"],"better_featured_image":null,"yoast_head":"<!-- This site is optimized with the Yoast SEO plugin v27.4 - https:\/\/yoast.com\/product\/yoast-seo-wordpress\/ -->\n<title>Les partenaires professionnels - Mr.Goodfish<\/title>\n<meta name=\"robots\" content=\"index, follow, max-snippet:-1, max-image-preview:large, max-video-preview:-1\" \/>\n<link rel=\"canonical\" href=\"https:\/\/www.mrgoodfish.com\/en\/mr-goodfish\/les-partenaires-professionnels\/\" \/>\n<meta property=\"og:locale\" content=\"en_US\" \/>\n<meta property=\"og:type\" content=\"article\" \/>\n<meta property=\"og:title\" content=\"Les partenaires professionnels - Mr.Goodfish\" \/>\n<meta property=\"og:description\" content=\"[vc_row full_width=&#8221;stretch_row&#8221;][vc_column][\/vc_column][\/vc_row][vc_row][vc_column][vc_empty_space height=&#8221;50px&#8221;][\/vc_column][\/vc_row][vc_row css=&#8221;.vc_custom_1530609011703{background-color: #ffffff !important;}&#8221;][vc_column][vc_column_text] Mr.Goodfish travaille avec l&#8217;ensemble de la fili\u00e8re\u00a0qui s&#8217;engage dans la pr\u00e9servation des ressources marines en pr\u00e9sentant...\" \/>\n<meta property=\"og:url\" content=\"https:\/\/www.mrgoodfish.com\/en\/mr-goodfish\/les-partenaires-professionnels\/\" \/>\n<meta property=\"og:site_name\" content=\"Mr.Goodfish\" \/>\n<meta property=\"article:publisher\" content=\"https:\/\/www.facebook.com\/Mr.Goodfish\/\" \/>\n<meta property=\"article:modified_time\" content=\"2020-10-13T09:16:27+00:00\" \/>\n<meta name=\"twitter:card\" content=\"summary_large_image\" \/>\n<meta name=\"twitter:label1\" content=\"Est. reading time\" \/>\n\t<meta name=\"twitter:data1\" content=\"6 minutes\" \/>\n<script type=\"application\/ld+json\" class=\"yoast-schema-graph\">{\"@context\":\"https:\\\/\\\/schema.org\",\"@graph\":[{\"@type\":\"WebPage\",\"@id\":\"https:\\\/\\\/www.mrgoodfish.com\\\/en\\\/mr-goodfish\\\/les-partenaires-professionnels\\\/\",\"url\":\"https:\\\/\\\/www.mrgoodfish.com\\\/en\\\/mr-goodfish\\\/les-partenaires-professionnels\\\/\",\"name\":\"Les partenaires professionnels - Mr.Goodfish\",\"isPartOf\":{\"@id\":\"https:\\\/\\\/www.mrgoodfish.com\\\/en\\\/#website\"},\"datePublished\":\"2020-10-13T09:16:08+00:00\",\"dateModified\":\"2020-10-13T09:16:27+00:00\",\"breadcrumb\":{\"@id\":\"https:\\\/\\\/www.mrgoodfish.com\\\/en\\\/mr-goodfish\\\/les-partenaires-professionnels\\\/#breadcrumb\"},\"inLanguage\":\"en-US\",\"potentialAction\":[{\"@type\":\"ReadAction\",\"target\":[\"https:\\\/\\\/www.mrgoodfish.com\\\/en\\\/mr-goodfish\\\/les-partenaires-professionnels\\\/\"]}]},{\"@type\":\"BreadcrumbList\",\"@id\":\"https:\\\/\\\/www.mrgoodfish.com\\\/en\\\/mr-goodfish\\\/les-partenaires-professionnels\\\/#breadcrumb\",\"itemListElement\":[{\"@type\":\"ListItem\",\"position\":1,\"name\":\"Accueil\",\"item\":\"https:\\\/\\\/www.mrgoodfish.com\\\/en\\\/\"},{\"@type\":\"ListItem\",\"position\":2,\"name\":\"Mr.Goodfish\",\"item\":\"https:\\\/\\\/www.mrgoodfish.com\\\/en\\\/mr-goodfish-2\\\/\"},{\"@type\":\"ListItem\",\"position\":3,\"name\":\"Les partenaires professionnels\"}]},{\"@type\":\"WebSite\",\"@id\":\"https:\\\/\\\/www.mrgoodfish.com\\\/en\\\/#website\",\"url\":\"https:\\\/\\\/www.mrgoodfish.com\\\/en\\\/\",\"name\":\"Mr.Goodfish\",\"description\":\"\",\"publisher\":{\"@id\":\"https:\\\/\\\/www.mrgoodfish.com\\\/en\\\/#organization\"},\"potentialAction\":[{\"@type\":\"SearchAction\",\"target\":{\"@type\":\"EntryPoint\",\"urlTemplate\":\"https:\\\/\\\/www.mrgoodfish.com\\\/en\\\/?s={search_term_string}\"},\"query-input\":{\"@type\":\"PropertyValueSpecification\",\"valueRequired\":true,\"valueName\":\"search_term_string\"}}],\"inLanguage\":\"en-US\"},{\"@type\":\"Organization\",\"@id\":\"https:\\\/\\\/www.mrgoodfish.com\\\/en\\\/#organization\",\"name\":\"MrGoodfish\",\"url\":\"https:\\\/\\\/www.mrgoodfish.com\\\/en\\\/\",\"logo\":{\"@type\":\"ImageObject\",\"inLanguage\":\"en-US\",\"@id\":\"https:\\\/\\\/www.mrgoodfish.com\\\/en\\\/#\\\/schema\\\/logo\\\/image\\\/\",\"url\":\"https:\\\/\\\/www.mrgoodfish.com\\\/wp-content\\\/uploads\\\/2017\\\/12\\\/ACCIMA_icon2.png\",\"contentUrl\":\"https:\\\/\\\/www.mrgoodfish.com\\\/wp-content\\\/uploads\\\/2017\\\/12\\\/ACCIMA_icon2.png\",\"width\":512,\"height\":512,\"caption\":\"MrGoodfish\"},\"image\":{\"@id\":\"https:\\\/\\\/www.mrgoodfish.com\\\/en\\\/#\\\/schema\\\/logo\\\/image\\\/\"},\"sameAs\":[\"https:\\\/\\\/www.facebook.com\\\/Mr.Goodfish\\\/\",\"https:\\\/\\\/www.youtube.com\\\/watch?v=DAihK4kYYIU&amp;amp;amp;list=PLbo1bUfUHiUr3i_v_6H_jgEIzDqfx3Jio\"]}]}<\/script>\n<!-- \/ Yoast SEO plugin. -->","yoast_head_json":{"title":"Les partenaires professionnels - Mr.Goodfish","robots":{"index":"index","follow":"follow","max-snippet":"max-snippet:-1","max-image-preview":"max-image-preview:large","max-video-preview":"max-video-preview:-1"},"canonical":"https:\/\/www.mrgoodfish.com\/en\/mr-goodfish\/les-partenaires-professionnels\/","og_locale":"en_US","og_type":"article","og_title":"Les partenaires professionnels - Mr.Goodfish","og_description":"[vc_row full_width=&#8221;stretch_row&#8221;][vc_column][\/vc_column][\/vc_row][vc_row][vc_column][vc_empty_space height=&#8221;50px&#8221;][\/vc_column][\/vc_row][vc_row css=&#8221;.vc_custom_1530609011703{background-color: #ffffff !important;}&#8221;][vc_column][vc_column_text] Mr.Goodfish travaille avec l&#8217;ensemble de la fili\u00e8re\u00a0qui s&#8217;engage dans la pr\u00e9servation des ressources marines en pr\u00e9sentant...","og_url":"https:\/\/www.mrgoodfish.com\/en\/mr-goodfish\/les-partenaires-professionnels\/","og_site_name":"Mr.Goodfish","article_publisher":"https:\/\/www.facebook.com\/Mr.Goodfish\/","article_modified_time":"2020-10-13T09:16:27+00:00","twitter_card":"summary_large_image","twitter_misc":{"Est. reading time":"6 minutes"},"schema":{"@context":"https:\/\/schema.org","@graph":[{"@type":"WebPage","@id":"https:\/\/www.mrgoodfish.com\/en\/mr-goodfish\/les-partenaires-professionnels\/","url":"https:\/\/www.mrgoodfish.com\/en\/mr-goodfish\/les-partenaires-professionnels\/","name":"Les partenaires professionnels - Mr.Goodfish","isPartOf":{"@id":"https:\/\/www.mrgoodfish.com\/en\/#website"},"datePublished":"2020-10-13T09:16:08+00:00","dateModified":"2020-10-13T09:16:27+00:00","breadcrumb":{"@id":"https:\/\/www.mrgoodfish.com\/en\/mr-goodfish\/les-partenaires-professionnels\/#breadcrumb"},"inLanguage":"en-US","potentialAction":[{"@type":"ReadAction","target":["https:\/\/www.mrgoodfish.com\/en\/mr-goodfish\/les-partenaires-professionnels\/"]}]},{"@type":"BreadcrumbList","@id":"https:\/\/www.mrgoodfish.com\/en\/mr-goodfish\/les-partenaires-professionnels\/#breadcrumb","itemListElement":[{"@type":"ListItem","position":1,"name":"Accueil","item":"https:\/\/www.mrgoodfish.com\/en\/"},{"@type":"ListItem","position":2,"name":"Mr.Goodfish","item":"https:\/\/www.mrgoodfish.com\/en\/mr-goodfish-2\/"},{"@type":"ListItem","position":3,"name":"Les partenaires professionnels"}]},{"@type":"WebSite","@id":"https:\/\/www.mrgoodfish.com\/en\/#website","url":"https:\/\/www.mrgoodfish.com\/en\/","name":"Mr.Goodfish","description":"","publisher":{"@id":"https:\/\/www.mrgoodfish.com\/en\/#organization"},"potentialAction":[{"@type":"SearchAction","target":{"@type":"EntryPoint","urlTemplate":"https:\/\/www.mrgoodfish.com\/en\/?s={search_term_string}"},"query-input":{"@type":"PropertyValueSpecification","valueRequired":true,"valueName":"search_term_string"}}],"inLanguage":"en-US"},{"@type":"Organization","@id":"https:\/\/www.mrgoodfish.com\/en\/#organization","name":"MrGoodfish","url":"https:\/\/www.mrgoodfish.com\/en\/","logo":{"@type":"ImageObject","inLanguage":"en-US","@id":"https:\/\/www.mrgoodfish.com\/en\/#\/schema\/logo\/image\/","url":"https:\/\/www.mrgoodfish.com\/wp-content\/uploads\/2017\/12\/ACCIMA_icon2.png","contentUrl":"https:\/\/www.mrgoodfish.com\/wp-content\/uploads\/2017\/12\/ACCIMA_icon2.png","width":512,"height":512,"caption":"MrGoodfish"},"image":{"@id":"https:\/\/www.mrgoodfish.com\/en\/#\/schema\/logo\/image\/"},"sameAs":["https:\/\/www.facebook.com\/Mr.Goodfish\/","https:\/\/www.youtube.com\/watch?v=DAihK4kYYIU&amp;amp;amp;list=PLbo1bUfUHiUr3i_v_6H_jgEIzDqfx3Jio"]}]}},"_links":{"self":[{"href":"https:\/\/www.mrgoodfish.com\/en\/wp-json\/wp\/v2\/pages\/8908","targetHints":{"allow":["GET"]}}],"collection":[{"href":"https:\/\/www.mrgoodfish.com\/en\/wp-json\/wp\/v2\/pages"}],"about":[{"href":"https:\/\/www.mrgoodfish.com\/en\/wp-json\/wp\/v2\/types\/page"}],"author":[{"embeddable":true,"href":"https:\/\/www.mrgoodfish.com\/en\/wp-json\/wp\/v2\/users\/3"}],"replies":[{"embeddable":true,"href":"https:\/\/www.mrgoodfish.com\/en\/wp-json\/wp\/v2\/comments?post=8908"}],"version-history":[{"count":5,"href":"https:\/\/www.mrgoodfish.com\/en\/wp-json\/wp\/v2\/pages\/8908\/revisions"}],"predecessor-version":[{"id":8913,"href":"https:\/\/www.mrgoodfish.com\/en\/wp-json\/wp\/v2\/pages\/8908\/revisions\/8913"}],"up":[{"embeddable":true,"href":"https:\/\/www.mrgoodfish.com\/en\/wp-json\/wp\/v2\/pages\/2368"}],"wp:attachment":[{"href":"https:\/\/www.mrgoodfish.com\/en\/wp-json\/wp\/v2\/media?parent=8908"}],"curies":[{"name":"wp","href":"https:\/\/api.w.org\/{rel}","templated":true}]}}