{"id":7345,"date":"2019-07-05T08:47:49","date_gmt":"2019-07-05T06:47:49","guid":{"rendered":"https:\/\/www.mrgoodfish.com\/une-espece-de-poisson-peut-elle-disparaitre-2-2-2-2-2\/"},"modified":"2019-07-16T14:10:17","modified_gmt":"2019-07-16T12:10:17","slug":"une-espece-de-poisson-peut-elle-disparaitre-2-2-2-2-2-3","status":"publish","type":"page","link":"https:\/\/www.mrgoodfish.com\/en\/accueil-3\/mr-goodfish-answers-your-questions\/une-espece-de-poisson-peut-elle-disparaitre-2-2-2-2-2-3\/","title":{"rendered":"L&#8217;aquaculture peut-elle remplacer la p\u00eache ?"},"content":{"rendered":"<section class=\"wpb-content-wrapper\"><p>[vc_row full_width=&#8221;stretch_row&#8221;][vc_column]\n\t\t\t<section class=\" cover height-30 imagebg text-center\" data-overlay=\"0\" >\n\t\t\t    <div class=\"background-image-holder\">\n\t\t\t        <img loading=\"lazy\" decoding=\"async\" width=\"2100\" height=\"1400\" src=\"https:\/\/www.mrgoodfish.com\/wp-content\/uploads\/2019\/07\/herring-1336640-e1562316548603.jpg\" class=\"attachment-full size-full\" alt=\"\" srcset=\"https:\/\/www.mrgoodfish.com\/wp-content\/uploads\/2019\/07\/herring-1336640-e1562316548603.jpg 2100w, https:\/\/www.mrgoodfish.com\/wp-content\/uploads\/2019\/07\/herring-1336640-e1562316548603-300x200.jpg 300w, https:\/\/www.mrgoodfish.com\/wp-content\/uploads\/2019\/07\/herring-1336640-e1562316548603-768x512.jpg 768w, https:\/\/www.mrgoodfish.com\/wp-content\/uploads\/2019\/07\/herring-1336640-e1562316548603-1024x683.jpg 1024w, https:\/\/www.mrgoodfish.com\/wp-content\/uploads\/2019\/07\/herring-1336640-e1562316548603-800x533.jpg 800w\" sizes=\"auto, (max-width: 2100px) 100vw, 2100px\" \/>\n\t\t\t    <\/div>\n\t\t\t    <div class=\"container pos-vertical-center\">\n\t\t\t        <div class=\"row\">\n\t\t\t            <div class=\"col-sm-12\">\n\t\t\t<section class=\"space--sm \">\n\t\t\t    <div class=\"container\">\n\t\t\t        <div class=\"row\">\n\t\t\t            <div class=\"col-sm-12\"><h1>L&#8217;aquaculture peut-elle remplacer la p\u00eache ?<\/h1> <ol class=\"breadcrumbs\"><li><a href=\"https:\/\/www.mrgoodfish.com\/en\/\" class=\"home-link\" rel=\"home\">Home<\/a><\/li><li><a href=\"https:\/\/www.mrgoodfish.com\/en\/\">Accueil<\/a><\/li><li><a href=\"https:\/\/www.mrgoodfish.com\/en\/accueil-3\/mr-goodfish-answers-your-questions\/\">Mr.Goodfish answers your questions<\/a><\/li><li class=\"active\">L&#8217;aquaculture peut-elle remplacer la p\u00eache ?<\/li><\/ol><hr><\/div>\n\t\t\t        <\/div><!--end of row-->\n\t\t\t    <\/div><!--end of container-->\n\t\t\t<\/section>\n\t\t<\/div>\n\t\t\t        <\/div><!--end of row-->\n\t\t\t    <\/div><!--end of container-->\n\t\t\t    \n\t\t\t<\/section>\n\t\t[\/vc_column][\/vc_row][vc_row][vc_column][vc_empty_space height=&#8221;30px&#8221;][vc_column_text]<\/p>\n<p style=\"text-align: justify;\"><span>Des \u00e9pisodes de \u00ab\u00a0surp\u00eache\u00a0\u00bb sont recens\u00e9s depuis des si\u00e8cles. Longtemps ceux-ci sont rest\u00e9s tr\u00e8s localis\u00e9 autour de zones o\u00f9 les gens vivaient de la p\u00eache. Avec le d\u00e9veloppement des flottes et des techniques de conservation permettant de partir plus loin et plus longtemps, l\u2019exploitation s\u2019est petit \u00e0 petit \u00e9tendue puis \u00ab\u00a0mondialis\u00e9e\u00a0\u00bb et ce d\u2019autant plus vite qu\u2019il fallait r\u00e9pondre \u00e0 une demande toujours plus importante. Entre 1950 et les ann\u00e9es 80, la production mondiale issue de la p\u00eache est pass\u00e9e de 40 millions de tonnes \u00e0 environ 80\u00a0millions de tonnes de poissons. Depuis, cette \u00ab\u00a0production\u00a0\u00bb plafonne, en 2016 les captures issues de la p\u00eache totalisent 90,9 millions de tonnes (FAO 2018). Mais entretemps, de 1950 \u00e0 aujourd\u2019hui, la population mondiale est pass\u00e9e de 2.5 milliards d\u2019individus \u00e0 pr\u00e8s de 7,5 milliards. Les experts estiment la population \u00e0 9,7 milliards d\u2019individus d\u2019ici 2050 mais la nature, elle, ne peut fournir que ce qu\u2019elle produit, pas plus.<\/span><\/p>\n<p>[\/vc_column_text][vc_empty_space height=&#8221;30px&#8221;][\/vc_column][\/vc_row]<\/p>\n<\/section>","protected":false},"excerpt":{"rendered":"<p>[vc_row full_width=&#8221;stretch_row&#8221;][vc_column][\/vc_column][\/vc_row][vc_row][vc_column][vc_empty_space height=&#8221;30px&#8221;][vc_column_text] Des \u00e9pisodes de \u00ab\u00a0surp\u00eache\u00a0\u00bb sont recens\u00e9s depuis des si\u00e8cles. Longtemps ceux-ci sont rest\u00e9s tr\u00e8s localis\u00e9 autour de zones o\u00f9&#8230;<\/p>\n","protected":false},"author":4,"featured_media":7350,"parent":16724,"menu_order":7,"comment_status":"closed","ping_status":"closed","template":"","meta":{"footnotes":""},"class_list":["post-7345","page","type-page","status-publish","has-post-thumbnail","hentry"],"better_featured_image":{"id":7350,"alt_text":"","caption":"","description":"","media_type":"image","media_details":{"width":1920,"height":1440,"file":"2019\/07\/fish-farming-976294_1920.jpg","sizes":{"thumbnail":{"file":"fish-farming-976294_1920-150x150.jpg","width":150,"height":150,"mime-type":"image\/jpeg","source_url":"https:\/\/www.mrgoodfish.com\/wp-content\/uploads\/2019\/07\/fish-farming-976294_1920-150x150.jpg"},"medium":{"file":"fish-farming-976294_1920-300x225.jpg","width":300,"height":225,"mime-type":"image\/jpeg","source_url":"https:\/\/www.mrgoodfish.com\/wp-content\/uploads\/2019\/07\/fish-farming-976294_1920-300x225.jpg"},"medium_large":{"file":"fish-farming-976294_1920-768x576.jpg","width":768,"height":576,"mime-type":"image\/jpeg","source_url":"https:\/\/www.mrgoodfish.com\/wp-content\/uploads\/2019\/07\/fish-farming-976294_1920-768x576.jpg"},"large":{"file":"fish-farming-976294_1920-1024x768.jpg","width":1024,"height":768,"mime-type":"image\/jpeg","source_url":"https:\/\/www.mrgoodfish.com\/wp-content\/uploads\/2019\/07\/fish-farming-976294_1920-1024x768.jpg"},"mrg-recette":{"file":"fish-farming-976294_1920-800x600.jpg","width":800,"height":600,"mime-type":"image\/jpeg","source_url":"https:\/\/www.mrgoodfish.com\/wp-content\/uploads\/2019\/07\/fish-farming-976294_1920-800x600.jpg"},"mrg-recette-app":{"file":"fish-farming-976294_1920-400x300.jpg","width":400,"height":300,"mime-type":"image\/jpeg","source_url":"https:\/\/www.mrgoodfish.com\/wp-content\/uploads\/2019\/07\/fish-farming-976294_1920-400x300.jpg"},"mrg-espece":{"file":"fish-farming-976294_1920-800x600.jpg","width":800,"height":600,"mime-type":"image\/jpeg","source_url":"https:\/\/www.mrgoodfish.com\/wp-content\/uploads\/2019\/07\/fish-farming-976294_1920-800x600.jpg"},"ebor-admin-list-thumb":{"file":"fish-farming-976294_1920-60x60.jpg","width":60,"height":60,"mime-type":"image\/jpeg","source_url":"https:\/\/www.mrgoodfish.com\/wp-content\/uploads\/2019\/07\/fish-farming-976294_1920-60x60.jpg"}},"image_meta":{"aperture":"0","credit":"","camera":"","caption":"","created_timestamp":"0","copyright":"","focal_length":"0","iso":"0","shutter_speed":"0","title":"","orientation":"0","keywords":[]}},"post":7345,"source_url":"https:\/\/www.mrgoodfish.com\/wp-content\/uploads\/2019\/07\/fish-farming-976294_1920.jpg"},"yoast_head":"<!-- This site is optimized with the Yoast SEO plugin v27.4 - https:\/\/yoast.com\/product\/yoast-seo-wordpress\/ -->\n<title>L&#039;aquaculture peut-elle remplacer la p\u00eache ? - Mr.Goodfish<\/title>\n<meta name=\"description\" content=\"Depuis un demi-si\u00e8cle, l\u2019aquaculture mondiale connait un essor sans pr\u00e9c\u00e9dent. Poissons, mollusques, algues et crustac\u00e9s sont produits en grandes quantit\u00e9s gr\u00e2ce \u00e0 des techniques d\u2019\u00e9levage tr\u00e8s diversifi\u00e9es qui vont de l\u2019\u00e9levage extensif sans apport de nourriture \u00e0 l\u2019\u00e9levage intensif incluant le recyclage et le traitement de l\u2019eau.\" \/>\n<meta name=\"robots\" content=\"index, follow, max-snippet:-1, max-image-preview:large, max-video-preview:-1\" \/>\n<link rel=\"canonical\" href=\"https:\/\/www.mrgoodfish.com\/en\/accueil-3\/mr-goodfish-answers-your-questions\/une-espece-de-poisson-peut-elle-disparaitre-2-2-2-2-2-3\/\" \/>\n<meta property=\"og:locale\" content=\"en_US\" \/>\n<meta property=\"og:type\" content=\"article\" \/>\n<meta property=\"og:title\" content=\"L&#039;aquaculture peut-elle remplacer la p\u00eache ? - Mr.Goodfish\" \/>\n<meta property=\"og:description\" content=\"Depuis un demi-si\u00e8cle, l\u2019aquaculture mondiale connait un essor sans pr\u00e9c\u00e9dent. Poissons, mollusques, algues et crustac\u00e9s sont produits en grandes quantit\u00e9s gr\u00e2ce \u00e0 des techniques d\u2019\u00e9levage tr\u00e8s diversifi\u00e9es qui vont de l\u2019\u00e9levage extensif sans apport de nourriture \u00e0 l\u2019\u00e9levage intensif incluant le recyclage et le traitement de l\u2019eau.\" \/>\n<meta property=\"og:url\" content=\"https:\/\/www.mrgoodfish.com\/en\/accueil-3\/mr-goodfish-answers-your-questions\/une-espece-de-poisson-peut-elle-disparaitre-2-2-2-2-2-3\/\" \/>\n<meta property=\"og:site_name\" content=\"Mr.Goodfish\" \/>\n<meta property=\"article:publisher\" content=\"https:\/\/www.facebook.com\/Mr.Goodfish\/\" \/>\n<meta property=\"article:modified_time\" content=\"2019-07-16T12:10:17+00:00\" \/>\n<meta property=\"og:image\" content=\"https:\/\/www.mrgoodfish.com\/wp-content\/uploads\/2019\/07\/fish-farming-976294_1920.jpg\" \/>\n\t<meta property=\"og:image:width\" content=\"1920\" \/>\n\t<meta property=\"og:image:height\" content=\"1440\" \/>\n\t<meta property=\"og:image:type\" content=\"image\/jpeg\" \/>\n<meta name=\"twitter:card\" content=\"summary_large_image\" \/>\n<meta name=\"twitter:label1\" content=\"Est. reading time\" \/>\n\t<meta name=\"twitter:data1\" content=\"1 minute\" \/>\n<script type=\"application\/ld+json\" class=\"yoast-schema-graph\">{\"@context\":\"https:\\\/\\\/schema.org\",\"@graph\":[{\"@type\":\"WebPage\",\"@id\":\"https:\\\/\\\/www.mrgoodfish.com\\\/en\\\/accueil-3\\\/mr-goodfish-answers-your-questions\\\/une-espece-de-poisson-peut-elle-disparaitre-2-2-2-2-2-3\\\/\",\"url\":\"https:\\\/\\\/www.mrgoodfish.com\\\/en\\\/accueil-3\\\/mr-goodfish-answers-your-questions\\\/une-espece-de-poisson-peut-elle-disparaitre-2-2-2-2-2-3\\\/\",\"name\":\"L'aquaculture peut-elle remplacer la p\u00eache ? - Mr.Goodfish\",\"isPartOf\":{\"@id\":\"https:\\\/\\\/www.mrgoodfish.com\\\/en\\\/#website\"},\"primaryImageOfPage\":{\"@id\":\"https:\\\/\\\/www.mrgoodfish.com\\\/en\\\/accueil-3\\\/mr-goodfish-answers-your-questions\\\/une-espece-de-poisson-peut-elle-disparaitre-2-2-2-2-2-3\\\/#primaryimage\"},\"image\":{\"@id\":\"https:\\\/\\\/www.mrgoodfish.com\\\/en\\\/accueil-3\\\/mr-goodfish-answers-your-questions\\\/une-espece-de-poisson-peut-elle-disparaitre-2-2-2-2-2-3\\\/#primaryimage\"},\"thumbnailUrl\":\"https:\\\/\\\/www.mrgoodfish.com\\\/wp-content\\\/uploads\\\/2019\\\/07\\\/fish-farming-976294_1920.jpg\",\"datePublished\":\"2019-07-05T06:47:49+00:00\",\"dateModified\":\"2019-07-16T12:10:17+00:00\",\"description\":\"Depuis un demi-si\u00e8cle, l\u2019aquaculture mondiale connait un essor sans pr\u00e9c\u00e9dent. Poissons, mollusques, algues et crustac\u00e9s sont produits en grandes quantit\u00e9s gr\u00e2ce \u00e0 des techniques d\u2019\u00e9levage tr\u00e8s diversifi\u00e9es qui vont de l\u2019\u00e9levage extensif sans apport de nourriture \u00e0 l\u2019\u00e9levage intensif incluant le recyclage et le traitement de l\u2019eau.\",\"breadcrumb\":{\"@id\":\"https:\\\/\\\/www.mrgoodfish.com\\\/en\\\/accueil-3\\\/mr-goodfish-answers-your-questions\\\/une-espece-de-poisson-peut-elle-disparaitre-2-2-2-2-2-3\\\/#breadcrumb\"},\"inLanguage\":\"en-US\",\"potentialAction\":[{\"@type\":\"ReadAction\",\"target\":[\"https:\\\/\\\/www.mrgoodfish.com\\\/en\\\/accueil-3\\\/mr-goodfish-answers-your-questions\\\/une-espece-de-poisson-peut-elle-disparaitre-2-2-2-2-2-3\\\/\"]}]},{\"@type\":\"ImageObject\",\"inLanguage\":\"en-US\",\"@id\":\"https:\\\/\\\/www.mrgoodfish.com\\\/en\\\/accueil-3\\\/mr-goodfish-answers-your-questions\\\/une-espece-de-poisson-peut-elle-disparaitre-2-2-2-2-2-3\\\/#primaryimage\",\"url\":\"https:\\\/\\\/www.mrgoodfish.com\\\/wp-content\\\/uploads\\\/2019\\\/07\\\/fish-farming-976294_1920.jpg\",\"contentUrl\":\"https:\\\/\\\/www.mrgoodfish.com\\\/wp-content\\\/uploads\\\/2019\\\/07\\\/fish-farming-976294_1920.jpg\",\"width\":1920,\"height\":1440},{\"@type\":\"BreadcrumbList\",\"@id\":\"https:\\\/\\\/www.mrgoodfish.com\\\/en\\\/accueil-3\\\/mr-goodfish-answers-your-questions\\\/une-espece-de-poisson-peut-elle-disparaitre-2-2-2-2-2-3\\\/#breadcrumb\",\"itemListElement\":[{\"@type\":\"ListItem\",\"position\":1,\"name\":\"Accueil\",\"item\":\"https:\\\/\\\/www.mrgoodfish.com\\\/en\\\/\"},{\"@type\":\"ListItem\",\"position\":2,\"name\":\"Accueil\",\"item\":\"https:\\\/\\\/www.mrgoodfish.com\\\/en\\\/\"},{\"@type\":\"ListItem\",\"position\":3,\"name\":\"Mr.Goodfish answers your questions\",\"item\":\"https:\\\/\\\/www.mrgoodfish.com\\\/en\\\/accueil-3\\\/faq\\\/\"},{\"@type\":\"ListItem\",\"position\":4,\"name\":\"L&rsquo;aquaculture peut-elle remplacer la p\u00eache ?\"}]},{\"@type\":\"WebSite\",\"@id\":\"https:\\\/\\\/www.mrgoodfish.com\\\/en\\\/#website\",\"url\":\"https:\\\/\\\/www.mrgoodfish.com\\\/en\\\/\",\"name\":\"Mr.Goodfish\",\"description\":\"\",\"publisher\":{\"@id\":\"https:\\\/\\\/www.mrgoodfish.com\\\/en\\\/#organization\"},\"potentialAction\":[{\"@type\":\"SearchAction\",\"target\":{\"@type\":\"EntryPoint\",\"urlTemplate\":\"https:\\\/\\\/www.mrgoodfish.com\\\/en\\\/?s={search_term_string}\"},\"query-input\":{\"@type\":\"PropertyValueSpecification\",\"valueRequired\":true,\"valueName\":\"search_term_string\"}}],\"inLanguage\":\"en-US\"},{\"@type\":\"Organization\",\"@id\":\"https:\\\/\\\/www.mrgoodfish.com\\\/en\\\/#organization\",\"name\":\"MrGoodfish\",\"url\":\"https:\\\/\\\/www.mrgoodfish.com\\\/en\\\/\",\"logo\":{\"@type\":\"ImageObject\",\"inLanguage\":\"en-US\",\"@id\":\"https:\\\/\\\/www.mrgoodfish.com\\\/en\\\/#\\\/schema\\\/logo\\\/image\\\/\",\"url\":\"https:\\\/\\\/www.mrgoodfish.com\\\/wp-content\\\/uploads\\\/2017\\\/12\\\/ACCIMA_icon2.png\",\"contentUrl\":\"https:\\\/\\\/www.mrgoodfish.com\\\/wp-content\\\/uploads\\\/2017\\\/12\\\/ACCIMA_icon2.png\",\"width\":512,\"height\":512,\"caption\":\"MrGoodfish\"},\"image\":{\"@id\":\"https:\\\/\\\/www.mrgoodfish.com\\\/en\\\/#\\\/schema\\\/logo\\\/image\\\/\"},\"sameAs\":[\"https:\\\/\\\/www.facebook.com\\\/Mr.Goodfish\\\/\",\"https:\\\/\\\/www.youtube.com\\\/watch?v=DAihK4kYYIU&amp;amp;amp;list=PLbo1bUfUHiUr3i_v_6H_jgEIzDqfx3Jio\"]}]}<\/script>\n<!-- \/ Yoast SEO plugin. -->","yoast_head_json":{"title":"L'aquaculture peut-elle remplacer la p\u00eache ? - Mr.Goodfish","description":"Depuis un demi-si\u00e8cle, l\u2019aquaculture mondiale connait un essor sans pr\u00e9c\u00e9dent. Poissons, mollusques, algues et crustac\u00e9s sont produits en grandes quantit\u00e9s gr\u00e2ce \u00e0 des techniques d\u2019\u00e9levage tr\u00e8s diversifi\u00e9es qui vont de l\u2019\u00e9levage extensif sans apport de nourriture \u00e0 l\u2019\u00e9levage intensif incluant le recyclage et le traitement de l\u2019eau.","robots":{"index":"index","follow":"follow","max-snippet":"max-snippet:-1","max-image-preview":"max-image-preview:large","max-video-preview":"max-video-preview:-1"},"canonical":"https:\/\/www.mrgoodfish.com\/en\/accueil-3\/mr-goodfish-answers-your-questions\/une-espece-de-poisson-peut-elle-disparaitre-2-2-2-2-2-3\/","og_locale":"en_US","og_type":"article","og_title":"L'aquaculture peut-elle remplacer la p\u00eache ? - Mr.Goodfish","og_description":"Depuis un demi-si\u00e8cle, l\u2019aquaculture mondiale connait un essor sans pr\u00e9c\u00e9dent. Poissons, mollusques, algues et crustac\u00e9s sont produits en grandes quantit\u00e9s gr\u00e2ce \u00e0 des techniques d\u2019\u00e9levage tr\u00e8s diversifi\u00e9es qui vont de l\u2019\u00e9levage extensif sans apport de nourriture \u00e0 l\u2019\u00e9levage intensif incluant le recyclage et le traitement de l\u2019eau.","og_url":"https:\/\/www.mrgoodfish.com\/en\/accueil-3\/mr-goodfish-answers-your-questions\/une-espece-de-poisson-peut-elle-disparaitre-2-2-2-2-2-3\/","og_site_name":"Mr.Goodfish","article_publisher":"https:\/\/www.facebook.com\/Mr.Goodfish\/","article_modified_time":"2019-07-16T12:10:17+00:00","og_image":[{"width":1920,"height":1440,"url":"https:\/\/www.mrgoodfish.com\/wp-content\/uploads\/2019\/07\/fish-farming-976294_1920.jpg","type":"image\/jpeg"}],"twitter_card":"summary_large_image","twitter_misc":{"Est. reading time":"1 minute"},"schema":{"@context":"https:\/\/schema.org","@graph":[{"@type":"WebPage","@id":"https:\/\/www.mrgoodfish.com\/en\/accueil-3\/mr-goodfish-answers-your-questions\/une-espece-de-poisson-peut-elle-disparaitre-2-2-2-2-2-3\/","url":"https:\/\/www.mrgoodfish.com\/en\/accueil-3\/mr-goodfish-answers-your-questions\/une-espece-de-poisson-peut-elle-disparaitre-2-2-2-2-2-3\/","name":"L'aquaculture peut-elle remplacer la p\u00eache ? - Mr.Goodfish","isPartOf":{"@id":"https:\/\/www.mrgoodfish.com\/en\/#website"},"primaryImageOfPage":{"@id":"https:\/\/www.mrgoodfish.com\/en\/accueil-3\/mr-goodfish-answers-your-questions\/une-espece-de-poisson-peut-elle-disparaitre-2-2-2-2-2-3\/#primaryimage"},"image":{"@id":"https:\/\/www.mrgoodfish.com\/en\/accueil-3\/mr-goodfish-answers-your-questions\/une-espece-de-poisson-peut-elle-disparaitre-2-2-2-2-2-3\/#primaryimage"},"thumbnailUrl":"https:\/\/www.mrgoodfish.com\/wp-content\/uploads\/2019\/07\/fish-farming-976294_1920.jpg","datePublished":"2019-07-05T06:47:49+00:00","dateModified":"2019-07-16T12:10:17+00:00","description":"Depuis un demi-si\u00e8cle, l\u2019aquaculture mondiale connait un essor sans pr\u00e9c\u00e9dent. Poissons, mollusques, algues et crustac\u00e9s sont produits en grandes quantit\u00e9s gr\u00e2ce \u00e0 des techniques d\u2019\u00e9levage tr\u00e8s diversifi\u00e9es qui vont de l\u2019\u00e9levage extensif sans apport de nourriture \u00e0 l\u2019\u00e9levage intensif incluant le recyclage et le traitement de l\u2019eau.","breadcrumb":{"@id":"https:\/\/www.mrgoodfish.com\/en\/accueil-3\/mr-goodfish-answers-your-questions\/une-espece-de-poisson-peut-elle-disparaitre-2-2-2-2-2-3\/#breadcrumb"},"inLanguage":"en-US","potentialAction":[{"@type":"ReadAction","target":["https:\/\/www.mrgoodfish.com\/en\/accueil-3\/mr-goodfish-answers-your-questions\/une-espece-de-poisson-peut-elle-disparaitre-2-2-2-2-2-3\/"]}]},{"@type":"ImageObject","inLanguage":"en-US","@id":"https:\/\/www.mrgoodfish.com\/en\/accueil-3\/mr-goodfish-answers-your-questions\/une-espece-de-poisson-peut-elle-disparaitre-2-2-2-2-2-3\/#primaryimage","url":"https:\/\/www.mrgoodfish.com\/wp-content\/uploads\/2019\/07\/fish-farming-976294_1920.jpg","contentUrl":"https:\/\/www.mrgoodfish.com\/wp-content\/uploads\/2019\/07\/fish-farming-976294_1920.jpg","width":1920,"height":1440},{"@type":"BreadcrumbList","@id":"https:\/\/www.mrgoodfish.com\/en\/accueil-3\/mr-goodfish-answers-your-questions\/une-espece-de-poisson-peut-elle-disparaitre-2-2-2-2-2-3\/#breadcrumb","itemListElement":[{"@type":"ListItem","position":1,"name":"Accueil","item":"https:\/\/www.mrgoodfish.com\/en\/"},{"@type":"ListItem","position":2,"name":"Accueil","item":"https:\/\/www.mrgoodfish.com\/en\/"},{"@type":"ListItem","position":3,"name":"Mr.Goodfish answers your questions","item":"https:\/\/www.mrgoodfish.com\/en\/accueil-3\/faq\/"},{"@type":"ListItem","position":4,"name":"L&rsquo;aquaculture peut-elle remplacer la p\u00eache ?"}]},{"@type":"WebSite","@id":"https:\/\/www.mrgoodfish.com\/en\/#website","url":"https:\/\/www.mrgoodfish.com\/en\/","name":"Mr.Goodfish","description":"","publisher":{"@id":"https:\/\/www.mrgoodfish.com\/en\/#organization"},"potentialAction":[{"@type":"SearchAction","target":{"@type":"EntryPoint","urlTemplate":"https:\/\/www.mrgoodfish.com\/en\/?s={search_term_string}"},"query-input":{"@type":"PropertyValueSpecification","valueRequired":true,"valueName":"search_term_string"}}],"inLanguage":"en-US"},{"@type":"Organization","@id":"https:\/\/www.mrgoodfish.com\/en\/#organization","name":"MrGoodfish","url":"https:\/\/www.mrgoodfish.com\/en\/","logo":{"@type":"ImageObject","inLanguage":"en-US","@id":"https:\/\/www.mrgoodfish.com\/en\/#\/schema\/logo\/image\/","url":"https:\/\/www.mrgoodfish.com\/wp-content\/uploads\/2017\/12\/ACCIMA_icon2.png","contentUrl":"https:\/\/www.mrgoodfish.com\/wp-content\/uploads\/2017\/12\/ACCIMA_icon2.png","width":512,"height":512,"caption":"MrGoodfish"},"image":{"@id":"https:\/\/www.mrgoodfish.com\/en\/#\/schema\/logo\/image\/"},"sameAs":["https:\/\/www.facebook.com\/Mr.Goodfish\/","https:\/\/www.youtube.com\/watch?v=DAihK4kYYIU&amp;amp;amp;list=PLbo1bUfUHiUr3i_v_6H_jgEIzDqfx3Jio"]}]}},"_links":{"self":[{"href":"https:\/\/www.mrgoodfish.com\/en\/wp-json\/wp\/v2\/pages\/7345","targetHints":{"allow":["GET"]}}],"collection":[{"href":"https:\/\/www.mrgoodfish.com\/en\/wp-json\/wp\/v2\/pages"}],"about":[{"href":"https:\/\/www.mrgoodfish.com\/en\/wp-json\/wp\/v2\/types\/page"}],"author":[{"embeddable":true,"href":"https:\/\/www.mrgoodfish.com\/en\/wp-json\/wp\/v2\/users\/4"}],"replies":[{"embeddable":true,"href":"https:\/\/www.mrgoodfish.com\/en\/wp-json\/wp\/v2\/comments?post=7345"}],"version-history":[{"count":1,"href":"https:\/\/www.mrgoodfish.com\/en\/wp-json\/wp\/v2\/pages\/7345\/revisions"}],"predecessor-version":[{"id":7361,"href":"https:\/\/www.mrgoodfish.com\/en\/wp-json\/wp\/v2\/pages\/7345\/revisions\/7361"}],"up":[{"embeddable":true,"href":"https:\/\/www.mrgoodfish.com\/en\/wp-json\/wp\/v2\/pages\/16724"}],"wp:featuredmedia":[{"embeddable":true,"href":"https:\/\/www.mrgoodfish.com\/en\/wp-json\/wp\/v2\/media\/7350"}],"wp:attachment":[{"href":"https:\/\/www.mrgoodfish.com\/en\/wp-json\/wp\/v2\/media?parent=7345"}],"curies":[{"name":"wp","href":"https:\/\/api.w.org\/{rel}","templated":true}]}}