{"id":2816,"date":"2018-03-16T11:04:35","date_gmt":"2018-03-16T10:04:35","guid":{"rendered":"https:\/\/www.mrgoodfish.com\/mr-goodfish\/who-is-mr-goodfish\/"},"modified":"2026-02-02T15:03:00","modified_gmt":"2026-02-02T14:03:00","slug":"who-is-mr-goodfish","status":"publish","type":"page","link":"https:\/\/www.mrgoodfish.com\/en\/mr-goodfish\/who-is-mr-goodfish\/","title":{"rendered":"Partenaires institutionnels"},"content":{"rendered":"<section class=\"wpb-content-wrapper\"><p>[vc_row full_width=&#8221;stretch_row&#8221;][vc_column]\n\t\t\t<section class=\" cover height-30 imagebg text-center\" data-overlay=\"1\" >\n\t\t\t    <div class=\"background-image-holder\">\n\t\t\t        <img loading=\"lazy\" decoding=\"async\" width=\"1500\" height=\"400\" src=\"https:\/\/www.mrgoodfish.com\/wp-content\/uploads\/2017\/11\/MRGF_header.jpg\" class=\"attachment-full size-full\" alt=\"MRGF_header | Mr.Goodfish\" srcset=\"https:\/\/www.mrgoodfish.com\/wp-content\/uploads\/2017\/11\/MRGF_header.jpg 1500w, https:\/\/www.mrgoodfish.com\/wp-content\/uploads\/2017\/11\/MRGF_header-300x80.jpg 300w, https:\/\/www.mrgoodfish.com\/wp-content\/uploads\/2017\/11\/MRGF_header-768x205.jpg 768w, https:\/\/www.mrgoodfish.com\/wp-content\/uploads\/2017\/11\/MRGF_header-1024x273.jpg 1024w, https:\/\/www.mrgoodfish.com\/wp-content\/uploads\/2017\/11\/MRGF_header-800x213.jpg 800w\" sizes=\"auto, (max-width: 1500px) 100vw, 1500px\" \/>\n\t\t\t    <\/div>\n\t\t\t    <div class=\"container pos-vertical-center\">\n\t\t\t        <div class=\"row\">\n\t\t\t            <div class=\"col-sm-12\">\n\t\t\t<section class=\"space--sm \">\n\t\t\t    <div class=\"container\">\n\t\t\t        <div class=\"row\">\n\t\t\t            <div class=\"col-sm-12\"><h1>Partenaires institutionnels<\/h1> <ol class=\"breadcrumbs\"><li><a href=\"https:\/\/www.mrgoodfish.com\/en\/\" class=\"home-link\" rel=\"home\">Home<\/a><\/li><li><a href=\"https:\/\/www.mrgoodfish.com\/en\/mr-goodfish\/\">Mr.Goodfish<\/a><\/li><li class=\"active\">Partenaires institutionnels<\/li><\/ol><hr><\/div>\n\t\t\t        <\/div><!--end of row-->\n\t\t\t    <\/div><!--end of container-->\n\t\t\t<\/section>\n\t\t<\/div>\n\t\t\t        <\/div><!--end of row-->\n\t\t\t    <\/div><!--end of container-->\n\t\t\t    \n\t\t\t<\/section>\n\t\t[\/vc_column][\/vc_row][vc_row][vc_column][vc_empty_space height=&#8221;50px&#8221;][\/vc_column][\/vc_row][vc_row css=&#8221;.vc_custom_1529587405833{background-color: #ffffff !important;}&#8221;][vc_column][vc_empty_space height=&#8221;5px&#8221;][vc_column_text]<span>Mr.Goodfish is a campaign on the sustainable consumption of seafood products, launched under the umbrella of the World Ocean Network, by three aquariums:\u00a0<\/span><a href=\"http:\/\/www.nausicaa.fr\/\" target=\"_blank\" rel=\"noopener\"><strong>Nausicaa<\/strong><\/a><span>\u00a0\u2013 Centre de la Mer, in France,<a href=\"http:\/\/www.acquariodigenova.it\/jsp\/index.jsp\" target=\"_blank\" rel=\"noopener\"><strong>the Acquario di Genova<\/strong><\/a>\u00a0in Italy and\u00a0<\/span><a href=\"http:\/\/mc2coruna.org\/aquarium\/\" target=\"_blank\" rel=\"noopener\"><strong>the Aquarium Finisterrae<\/strong><\/a><span> in Spain.\u00a0<\/span>[\/vc_column_text][vc_empty_space height=&#8221;20px&#8221;][\/vc_column][\/vc_row][vc_row][vc_column][vc_empty_space height=&#8221;50px&#8221;][\/vc_column][\/vc_row][vc_row][vc_column width=&#8221;1\/2&#8243;][vc_hoverbox image=&#8221;15814&#8243; primary_title=&#8221;&#8221; hover_title=&#8221;Le Comit\u00e9 National des p\u00eaches maritimes&#8221; shape=&#8221;round&#8221;]<\/p>\n<p style=\"text-align: justify;\">Le Comit\u00e9 national des p\u00eaches maritimes et des \u00e9levages marins a \u00e9t\u00e9 l&#8217;un des tous premiers partenaires du programme.<br \/>\nLes diff\u00e9rents comit\u00e9s r\u00e9gionaux sont \u00e9galement impliqu\u00e9s et soutiennent Mr.Goodfish.<br \/>\nRetrouvez les recommandations Mr.Goodfish pour cette saison sur le site du Comit\u00e9 des P\u00eaches en cliquant\u00a0<strong><span style=\"color: #00ccff;\"><a style=\"color: #00ccff;\" href=\"http:\/\/www.comite-peches.fr\/consommation-du-poisson-cest-le-printemps-avec-mr-goodfish\/\">ici<\/a><\/span><\/strong><\/p>\n<p>[\/vc_hoverbox][vc_empty_space height=&#8221;20px&#8221;][vc_hoverbox image=&#8221;6651&#8243; primary_title=&#8221;&#8221; hover_title=&#8221;L\u2019association Euro-Toques&#8221; shape=&#8221;round&#8221;]<span style=\"text-align: justify; font-size: 1rem;\"><br \/>\n<\/span><a style=\"text-align: justify; font-size: 1rem;\" href=\"http:\/\/www.eurotoques-france.fr\/\">Euro-Toques<\/a><span style=\"text-align: justify; font-size: 1rem;\">\u00a0reste tr\u00e8s impliqu\u00e9 dans la Sauvegarde des Produits de la Mer et reconduira en 2018 une semaine sp\u00e9cifique dans les \u00e9tablissements Euro-Toques sur le th\u00e8me du merlan. &#8221;\u00a0<\/span><span style=\"font-size: 1rem;\">Notre position de lobbyiste \u00e0 Bruxelles nous permet par ailleurs de remonter l\u2019information \u00e0 la Commission Europ\u00e9enne \u00e0 travers notre Bureau Euralia qui assure toutes nos veilles.\u00a0<\/span><span style=\"text-align: justify; font-size: 1rem;\">Euro-Toques, 250 chefs \u00e0 votre service en France et 2000 en Europe.&#8221;\u00a0<\/span>[\/vc_hoverbox][vc_empty_space height=&#8221;20px&#8221;][vc_hoverbox image=&#8221;6653&#8243; primary_title=&#8221;&#8221; hover_title=&#8221;Global Seafood Ratings Alliance&#8221; shape=&#8221;round&#8221;]<\/p>\n<p style=\"text-align: justify;\">Cette alliance regroupe des aquariums ayant un programme similaire \u00e0 Mr.Goodfish, comme <a href=\"http:\/\/www.vanaqua.org\/about\/ocean-wise\" target=\"_blank\" rel=\"noopener noreferrer\">OceanWise<\/a> \u00e0 l\u2019<a href=\"http:\/\/www.vanaqua.org\/\" target=\"_blank\" rel=\"noopener noreferrer\">Aquarium de Vancouver<\/a> (Canada), <a href=\"http:\/\/www.seafoodwatch.org\/\" target=\"_blank\" rel=\"noopener noreferrer\">Seafood Watch<\/a> \u00e0 l\u2019<a href=\"http:\/\/www.montereybayaquarium.org\/\" target=\"_blank\" rel=\"noopener noreferrer\">Aquarium de Monterey<\/a> (USA), <a href=\"http:\/\/www.marviva.net\/\" target=\"_blank\" rel=\"noopener noreferrer\">MarViva<\/a> au Costa Rica, etc.<\/p>\n<p>Elle fut cr\u00e9\u00e9e dans le but de partager leurs connaissances, leurs exp\u00e9riences, leurs outils de communication et leurs r\u00e9seaux.<\/p>\n<p>Retrouvez toutes les organisations pr\u00e9sentes dans cette alliance en cliquant <a href=\"https:\/\/globalseafoodratings.wordpress.com\/\" target=\"_blank\" rel=\"noopener noreferrer\"><strong><span style=\"color: #00ccff;\">ici<\/span><\/strong><\/a>[\/vc_hoverbox][vc_empty_space height=&#8221;70px&#8221;][vc_hoverbox image=&#8221;12742&#8243; primary_title=&#8221;&#8221; hover_title=&#8221;P\u00f4le de Comp\u00e9titivit\u00e9 AQUIMER&#8221; shape=&#8221;round&#8221;]<\/p>\n<p style=\"text-align: justify;\">Le programme Mr.Goodfish est partenaire du p\u00f4le de comp\u00e9titivit\u00e9 <a href=\"http:\/\/www.poleaquimer.com\/fr\/index.html\" target=\"_blank\" rel=\"noopener noreferrer\">AQUIMER<\/a>\u00a0.<br \/>\n<span>Cr\u00e9\u00e9 en 1999 et labellis\u00e9 P\u00f4le de\u00a0<\/span><strong>Comp\u00e9titivit\u00e9 national<\/strong><span>\u00a0en 2005 par l&#8217;\u00c9tat, AQUIMER est un outil au service des entreprises, des scientifiques et des centres de formations.<\/span><\/p>\n<p>Si vous souhaitez obtenir des informations sur les qualit\u00e9s nutritionnelles des produits de la mer, n&#8217;h\u00e9sitez pas \u00e0 consulter la base <a href=\"https:\/\/www.nutraqua.com\/fr\/\" target=\"_blank\" rel=\"noopener noreferrer\">NUTRAQUA<\/a> d&#8217;AQUIMER.[\/vc_hoverbox][vc_empty_space height=&#8221;20px&#8221;][vc_hoverbox image=&#8221;12739&#8243; primary_title=&#8221;&#8221; hover_title=&#8221; Le Tour des Terroirs&#8221; shape=&#8221;round&#8221;]<em>\u00ab\u00a0Le Tour des Terroirs est une association ayant pour but le rayonnement du potentiel gastronomique et culturel des r\u00e9gions tout en valorisant les savoir-faire et produits des terroirs.<br \/>\n<\/em><em>Pour atteindre son objectif, l\u2019association recense, informe, f\u00e9d\u00e8re et met en relation tous les professionnels qui contribuent au \u201cBien Manger\u201c\u00a0\u00bb. <\/em><\/p>\n<p><em>Plus d\u2019infos\u00a0:<\/em> <a href=\"https:\/\/www.letourdesterroirs.com\/\" target=\"_blank\" rel=\"noopener\">https:\/\/www.letourdesterroirs.com\/<\/a>[\/vc_hoverbox][vc_empty_space height=&#8221;20px&#8221;][\/vc_column][vc_column width=&#8221;1\/2&#8243;][vc_hoverbox image=&#8221;8874&#8243; primary_title=&#8221;&#8221; hover_title=&#8221;Boulogne-sur-mer, la Mer en direct&#8221; shape=&#8221;round&#8221;]<\/p>\n<p style=\"text-align: justify;\"><a href=\"http:\/\/www.boulogne-developpement.com\/\">Boulogne-sur-Mer D\u00e9veloppement C\u00f4te d\u2019Opale<\/a> met au point une strat\u00e9gie globale d\u2019animation, de promotion et de communication de l\u2019ensemble des acteurs de la fili\u00e8re produits de la mer de Boulogne-sur-Mer AVEC et POUR les professionnels : <a href=\"https:\/\/www.facebook.com\/Boulogne-sur-mer-la-mer-en-direct-816264188503194\/\">\u00ab Boulogne-sur-mer, la mer en direct \u00bb<\/a>.<\/p>\n<p>&nbsp;<\/p>\n<p style=\"text-align: justify;\">Plus d\u2019infos: <span style=\"color: #3366ff;\">v.rioust@boulogne-developpement.com<\/span><\/p>\n<p>[\/vc_hoverbox][vc_empty_space height=&#8221;20px&#8221;][vc_hoverbox image=&#8221;15818&#8243; primary_title=&#8221;&#8221; hover_title=&#8221;UMIH&#8221; shape=&#8221;round&#8221;]<\/p>\n<p style=\"text-align: justify;\">L\u2019UMIH est la premi\u00e8re organisation professionnelle des caf\u00e9s, h\u00f4tels, restaurants, \u00e9tablissements de nuit, ind\u00e9pendants en France. Issue du regroupement de plusieurs organisations patronales, l\u2019UMIH repr\u00e9sente, d\u00e9fend et promeut les professionnels ind\u00e9pendants de l\u2019h\u00f4tellerie, de la restauration, des bars, des caf\u00e9s, des brasseries, du monde de la nuit et des professions saisonni\u00e8res, dans toutes les r\u00e9gions et d\u00e9partements de France.<br \/>\nRetrouvez toutes les informations de l&#8217;UMIH <span style=\"color: #00ccff;\"><a style=\"color: #00ccff;\" href=\"http:\/\/www.umih.fr\/\"><strong><span style=\"color: #00ccff;\">ici<\/span><\/strong>.<\/a><\/span><\/p>\n<p>[\/vc_hoverbox][vc_empty_space height=&#8221;20px&#8221;][vc_hoverbox image=&#8221;6654&#8243; primary_title=&#8221;&#8221; hover_title=&#8221;Association nationale de d\u00e9fense des consommateurs et usagers&#8221; shape=&#8221;round&#8221;]<\/p>\n<p style=\"text-align: justify;\">L&#8217;association nationale de d\u00e9fense des consommateurs et usagers (CLCV) est repr\u00e9sent\u00e9e lors des comit\u00e9s d&#8217;\u00e9tablissement des listes saisonni\u00e8res Mr.Goodfish. C\u2019est l\u2019action de l\u2019ensemble de la fili\u00e8re p\u00eache et des consommateurs qui permettra de sauvegarder l\u2019\u00e9conomie de la p\u00eache et de pouvoir consommer les produits de la Mer demain.<\/p>\n<p>Retrouvez tous les actions de la CLCV en cliquant\u00a0<strong><span style=\"color: #00ccff;\"><a style=\"color: #00ccff;\" href=\"http:\/\/www.clcv.org\/\"><span style=\"font-size: 1rem;\">ici\u00a0<\/span><\/a><\/span><\/strong>[\/vc_hoverbox][vc_empty_space height=&#8221;20px&#8221;][vc_hoverbox image=&#8221;12746&#8243; primary_title=&#8221;&#8221; hover_title=&#8221;Collectif de la Troisi\u00e8me Voie des Fili\u00e8res Agricoles Responsables&#8221; shape=&#8221;round&#8221;]<\/p>\n<p style=\"text-align: justify;\">Aujourd\u2019hui, il n\u2019existe pas UNE agriculture, mais DES agricultures, plurielles et diverses qui coexistent. Avec l\u2019agriculture conventionnelle et l\u2019agriculture biologique, il existe une troisi\u00e8me voie, o\u00f9 les producteurs de chaque fili\u00e8re agricole travaillent dans une m\u00eame logique de responsabilit\u00e9 environnementale, \u00e9conomique, sociale et soci\u00e9tale. C\u2019est dans cet \u00e9lan que s\u2019inscrivent, chacun dans sa fili\u00e8re, l\u2019Association <a href=\"https:\/\/bleu-blanc-coeur.org\/\">Bleu-Blanc-C\u0153ur<\/a>, l\u2019Association <a href=\"http:\/\/demainlaterre.org\/\">Demain la Terre<\/a>, la <a href=\"https:\/\/www.filiere-crc.com\/\">Fili\u00e8re CRC\u00ae<\/a> et l\u2019Association <a href=\"https:\/\/vignerons-engages.com\/\">Vignerons Engag\u00e9s<\/a>. Ensemble, ces quatre acteurs majeurs de l\u2019agriculture fran\u00e7aise ont co-fond\u00e9 le Collectif de la Troisi\u00e8me Voie des Fili\u00e8res Agricoles Responsables. Ils ont \u00e9t\u00e9 rejoints en 2020 par le programme Mr.Goodfish pour repr\u00e9senter la fili\u00e8re des produits de la mer.<\/p>\n<p>[\/vc_hoverbox][vc_empty_space height=&#8221;20px&#8221;][\/vc_column][\/vc_row][vc_row][vc_column][vc_empty_space height=&#8221;50px&#8221;][\/vc_column][\/vc_row]<\/p>\n<\/section>","protected":false},"excerpt":{"rendered":"<p>[vc_row full_width=&#8221;stretch_row&#8221;][vc_column][\/vc_column][\/vc_row][vc_row][vc_column][vc_empty_space height=&#8221;50px&#8221;][\/vc_column][\/vc_row][vc_row css=&#8221;.vc_custom_1529587405833{background-color: #ffffff !important;}&#8221;][vc_column][vc_empty_space height=&#8221;5px&#8221;][vc_column_text]Mr.Goodfish is a campaign on the sustainable consumption of seafood products, launched under the umbrella of&#8230;<\/p>\n","protected":false},"author":3,"featured_media":0,"parent":2368,"menu_order":7,"comment_status":"closed","ping_status":"closed","template":"","meta":{"footnotes":""},"class_list":["post-2816","page","type-page","status-publish","hentry"],"better_featured_image":null,"yoast_head":"<!-- This site is optimized with the Yoast SEO plugin v27.4 - https:\/\/yoast.com\/product\/yoast-seo-wordpress\/ -->\n<title>Partenaires institutionnels - Mr.Goodfish<\/title>\n<meta name=\"robots\" content=\"index, follow, max-snippet:-1, max-image-preview:large, max-video-preview:-1\" \/>\n<link rel=\"canonical\" href=\"https:\/\/www.mrgoodfish.com\/en\/mr-goodfish\/who-is-mr-goodfish\/\" \/>\n<meta property=\"og:locale\" content=\"en_US\" \/>\n<meta property=\"og:type\" content=\"article\" \/>\n<meta property=\"og:title\" content=\"Partenaires institutionnels - Mr.Goodfish\" \/>\n<meta property=\"og:description\" content=\"[vc_row full_width=&#8221;stretch_row&#8221;][vc_column][\/vc_column][\/vc_row][vc_row][vc_column][vc_empty_space height=&#8221;50px&#8221;][\/vc_column][\/vc_row][vc_row css=&#8221;.vc_custom_1529587405833{background-color: #ffffff !important;}&#8221;][vc_column][vc_empty_space height=&#8221;5px&#8221;][vc_column_text]Mr.Goodfish is a campaign on the sustainable consumption of seafood products, launched under the umbrella of...\" \/>\n<meta property=\"og:url\" content=\"https:\/\/www.mrgoodfish.com\/en\/mr-goodfish\/who-is-mr-goodfish\/\" \/>\n<meta property=\"og:site_name\" content=\"Mr.Goodfish\" \/>\n<meta property=\"article:publisher\" content=\"https:\/\/www.facebook.com\/Mr.Goodfish\/\" \/>\n<meta property=\"article:modified_time\" content=\"2026-02-02T14:03:00+00:00\" \/>\n<meta name=\"twitter:card\" content=\"summary_large_image\" \/>\n<meta name=\"twitter:label1\" content=\"Est. reading time\" \/>\n\t<meta name=\"twitter:data1\" content=\"4 minutes\" \/>\n<script type=\"application\/ld+json\" class=\"yoast-schema-graph\">{\"@context\":\"https:\\\/\\\/schema.org\",\"@graph\":[{\"@type\":\"WebPage\",\"@id\":\"https:\\\/\\\/www.mrgoodfish.com\\\/en\\\/mr-goodfish\\\/who-is-mr-goodfish\\\/\",\"url\":\"https:\\\/\\\/www.mrgoodfish.com\\\/en\\\/mr-goodfish\\\/who-is-mr-goodfish\\\/\",\"name\":\"Partenaires institutionnels - Mr.Goodfish\",\"isPartOf\":{\"@id\":\"https:\\\/\\\/www.mrgoodfish.com\\\/en\\\/#website\"},\"datePublished\":\"2018-03-16T10:04:35+00:00\",\"dateModified\":\"2026-02-02T14:03:00+00:00\",\"breadcrumb\":{\"@id\":\"https:\\\/\\\/www.mrgoodfish.com\\\/en\\\/mr-goodfish\\\/who-is-mr-goodfish\\\/#breadcrumb\"},\"inLanguage\":\"en-US\",\"potentialAction\":[{\"@type\":\"ReadAction\",\"target\":[\"https:\\\/\\\/www.mrgoodfish.com\\\/en\\\/mr-goodfish\\\/who-is-mr-goodfish\\\/\"]}]},{\"@type\":\"BreadcrumbList\",\"@id\":\"https:\\\/\\\/www.mrgoodfish.com\\\/en\\\/mr-goodfish\\\/who-is-mr-goodfish\\\/#breadcrumb\",\"itemListElement\":[{\"@type\":\"ListItem\",\"position\":1,\"name\":\"Accueil\",\"item\":\"https:\\\/\\\/www.mrgoodfish.com\\\/en\\\/\"},{\"@type\":\"ListItem\",\"position\":2,\"name\":\"Mr.Goodfish\",\"item\":\"https:\\\/\\\/www.mrgoodfish.com\\\/en\\\/mr-goodfish-2\\\/\"},{\"@type\":\"ListItem\",\"position\":3,\"name\":\"Partenaires institutionnels\"}]},{\"@type\":\"WebSite\",\"@id\":\"https:\\\/\\\/www.mrgoodfish.com\\\/en\\\/#website\",\"url\":\"https:\\\/\\\/www.mrgoodfish.com\\\/en\\\/\",\"name\":\"Mr.Goodfish\",\"description\":\"\",\"publisher\":{\"@id\":\"https:\\\/\\\/www.mrgoodfish.com\\\/en\\\/#organization\"},\"potentialAction\":[{\"@type\":\"SearchAction\",\"target\":{\"@type\":\"EntryPoint\",\"urlTemplate\":\"https:\\\/\\\/www.mrgoodfish.com\\\/en\\\/?s={search_term_string}\"},\"query-input\":{\"@type\":\"PropertyValueSpecification\",\"valueRequired\":true,\"valueName\":\"search_term_string\"}}],\"inLanguage\":\"en-US\"},{\"@type\":\"Organization\",\"@id\":\"https:\\\/\\\/www.mrgoodfish.com\\\/en\\\/#organization\",\"name\":\"MrGoodfish\",\"url\":\"https:\\\/\\\/www.mrgoodfish.com\\\/en\\\/\",\"logo\":{\"@type\":\"ImageObject\",\"inLanguage\":\"en-US\",\"@id\":\"https:\\\/\\\/www.mrgoodfish.com\\\/en\\\/#\\\/schema\\\/logo\\\/image\\\/\",\"url\":\"https:\\\/\\\/www.mrgoodfish.com\\\/wp-content\\\/uploads\\\/2017\\\/12\\\/ACCIMA_icon2.png\",\"contentUrl\":\"https:\\\/\\\/www.mrgoodfish.com\\\/wp-content\\\/uploads\\\/2017\\\/12\\\/ACCIMA_icon2.png\",\"width\":512,\"height\":512,\"caption\":\"MrGoodfish\"},\"image\":{\"@id\":\"https:\\\/\\\/www.mrgoodfish.com\\\/en\\\/#\\\/schema\\\/logo\\\/image\\\/\"},\"sameAs\":[\"https:\\\/\\\/www.facebook.com\\\/Mr.Goodfish\\\/\",\"https:\\\/\\\/www.youtube.com\\\/watch?v=DAihK4kYYIU&amp;amp;amp;list=PLbo1bUfUHiUr3i_v_6H_jgEIzDqfx3Jio\"]}]}<\/script>\n<!-- \/ Yoast SEO plugin. -->","yoast_head_json":{"title":"Partenaires institutionnels - Mr.Goodfish","robots":{"index":"index","follow":"follow","max-snippet":"max-snippet:-1","max-image-preview":"max-image-preview:large","max-video-preview":"max-video-preview:-1"},"canonical":"https:\/\/www.mrgoodfish.com\/en\/mr-goodfish\/who-is-mr-goodfish\/","og_locale":"en_US","og_type":"article","og_title":"Partenaires institutionnels - Mr.Goodfish","og_description":"[vc_row full_width=&#8221;stretch_row&#8221;][vc_column][\/vc_column][\/vc_row][vc_row][vc_column][vc_empty_space height=&#8221;50px&#8221;][\/vc_column][\/vc_row][vc_row css=&#8221;.vc_custom_1529587405833{background-color: #ffffff !important;}&#8221;][vc_column][vc_empty_space height=&#8221;5px&#8221;][vc_column_text]Mr.Goodfish is a campaign on the sustainable consumption of seafood products, launched under the umbrella of...","og_url":"https:\/\/www.mrgoodfish.com\/en\/mr-goodfish\/who-is-mr-goodfish\/","og_site_name":"Mr.Goodfish","article_publisher":"https:\/\/www.facebook.com\/Mr.Goodfish\/","article_modified_time":"2026-02-02T14:03:00+00:00","twitter_card":"summary_large_image","twitter_misc":{"Est. reading time":"4 minutes"},"schema":{"@context":"https:\/\/schema.org","@graph":[{"@type":"WebPage","@id":"https:\/\/www.mrgoodfish.com\/en\/mr-goodfish\/who-is-mr-goodfish\/","url":"https:\/\/www.mrgoodfish.com\/en\/mr-goodfish\/who-is-mr-goodfish\/","name":"Partenaires institutionnels - Mr.Goodfish","isPartOf":{"@id":"https:\/\/www.mrgoodfish.com\/en\/#website"},"datePublished":"2018-03-16T10:04:35+00:00","dateModified":"2026-02-02T14:03:00+00:00","breadcrumb":{"@id":"https:\/\/www.mrgoodfish.com\/en\/mr-goodfish\/who-is-mr-goodfish\/#breadcrumb"},"inLanguage":"en-US","potentialAction":[{"@type":"ReadAction","target":["https:\/\/www.mrgoodfish.com\/en\/mr-goodfish\/who-is-mr-goodfish\/"]}]},{"@type":"BreadcrumbList","@id":"https:\/\/www.mrgoodfish.com\/en\/mr-goodfish\/who-is-mr-goodfish\/#breadcrumb","itemListElement":[{"@type":"ListItem","position":1,"name":"Accueil","item":"https:\/\/www.mrgoodfish.com\/en\/"},{"@type":"ListItem","position":2,"name":"Mr.Goodfish","item":"https:\/\/www.mrgoodfish.com\/en\/mr-goodfish-2\/"},{"@type":"ListItem","position":3,"name":"Partenaires institutionnels"}]},{"@type":"WebSite","@id":"https:\/\/www.mrgoodfish.com\/en\/#website","url":"https:\/\/www.mrgoodfish.com\/en\/","name":"Mr.Goodfish","description":"","publisher":{"@id":"https:\/\/www.mrgoodfish.com\/en\/#organization"},"potentialAction":[{"@type":"SearchAction","target":{"@type":"EntryPoint","urlTemplate":"https:\/\/www.mrgoodfish.com\/en\/?s={search_term_string}"},"query-input":{"@type":"PropertyValueSpecification","valueRequired":true,"valueName":"search_term_string"}}],"inLanguage":"en-US"},{"@type":"Organization","@id":"https:\/\/www.mrgoodfish.com\/en\/#organization","name":"MrGoodfish","url":"https:\/\/www.mrgoodfish.com\/en\/","logo":{"@type":"ImageObject","inLanguage":"en-US","@id":"https:\/\/www.mrgoodfish.com\/en\/#\/schema\/logo\/image\/","url":"https:\/\/www.mrgoodfish.com\/wp-content\/uploads\/2017\/12\/ACCIMA_icon2.png","contentUrl":"https:\/\/www.mrgoodfish.com\/wp-content\/uploads\/2017\/12\/ACCIMA_icon2.png","width":512,"height":512,"caption":"MrGoodfish"},"image":{"@id":"https:\/\/www.mrgoodfish.com\/en\/#\/schema\/logo\/image\/"},"sameAs":["https:\/\/www.facebook.com\/Mr.Goodfish\/","https:\/\/www.youtube.com\/watch?v=DAihK4kYYIU&amp;amp;amp;list=PLbo1bUfUHiUr3i_v_6H_jgEIzDqfx3Jio"]}]}},"_links":{"self":[{"href":"https:\/\/www.mrgoodfish.com\/en\/wp-json\/wp\/v2\/pages\/2816","targetHints":{"allow":["GET"]}}],"collection":[{"href":"https:\/\/www.mrgoodfish.com\/en\/wp-json\/wp\/v2\/pages"}],"about":[{"href":"https:\/\/www.mrgoodfish.com\/en\/wp-json\/wp\/v2\/types\/page"}],"author":[{"embeddable":true,"href":"https:\/\/www.mrgoodfish.com\/en\/wp-json\/wp\/v2\/users\/3"}],"replies":[{"embeddable":true,"href":"https:\/\/www.mrgoodfish.com\/en\/wp-json\/wp\/v2\/comments?post=2816"}],"version-history":[{"count":7,"href":"https:\/\/www.mrgoodfish.com\/en\/wp-json\/wp\/v2\/pages\/2816\/revisions"}],"predecessor-version":[{"id":18229,"href":"https:\/\/www.mrgoodfish.com\/en\/wp-json\/wp\/v2\/pages\/2816\/revisions\/18229"}],"up":[{"embeddable":true,"href":"https:\/\/www.mrgoodfish.com\/en\/wp-json\/wp\/v2\/pages\/2368"}],"wp:attachment":[{"href":"https:\/\/www.mrgoodfish.com\/en\/wp-json\/wp\/v2\/media?parent=2816"}],"curies":[{"name":"wp","href":"https:\/\/api.w.org\/{rel}","templated":true}]}}