{"id":2764,"date":"2017-11-27T17:15:23","date_gmt":"2017-11-27T16:15:23","guid":{"rendered":"https:\/\/www.mrgoodfish.com\/mr-goodfish-2\/les-partenaires-professionnels-2\/"},"modified":"2025-03-03T12:22:37","modified_gmt":"2025-03-03T11:22:37","slug":"les-coordinateurs-regionaux","status":"publish","type":"page","link":"https:\/\/www.mrgoodfish.com\/en\/mr-goodfish-2\/les-coordinateurs-regionaux\/","title":{"rendered":"Les coordinateurs r\u00e9gionaux"},"content":{"rendered":"<section class=\"wpb-content-wrapper\"><p>[vc_row full_width=&#8221;stretch_row&#8221;][vc_column]\n\t\t\t<section class=\" cover height-30 imagebg text-center\" data-overlay=\"0\" >\n\t\t\t    <div class=\"background-image-holder\">\n\t\t\t        <img loading=\"lazy\" decoding=\"async\" width=\"1500\" height=\"400\" src=\"https:\/\/www.mrgoodfish.com\/wp-content\/uploads\/2017\/11\/MRGF_header.jpg\" class=\"attachment-full size-full\" alt=\"MRGF_header | Mr.Goodfish\" srcset=\"https:\/\/www.mrgoodfish.com\/wp-content\/uploads\/2017\/11\/MRGF_header.jpg 1500w, https:\/\/www.mrgoodfish.com\/wp-content\/uploads\/2017\/11\/MRGF_header-300x80.jpg 300w, https:\/\/www.mrgoodfish.com\/wp-content\/uploads\/2017\/11\/MRGF_header-768x205.jpg 768w, https:\/\/www.mrgoodfish.com\/wp-content\/uploads\/2017\/11\/MRGF_header-1024x273.jpg 1024w, https:\/\/www.mrgoodfish.com\/wp-content\/uploads\/2017\/11\/MRGF_header-800x213.jpg 800w\" sizes=\"auto, (max-width: 1500px) 100vw, 1500px\" \/>\n\t\t\t    <\/div>\n\t\t\t    <div class=\"container pos-vertical-center\">\n\t\t\t        <div class=\"row\">\n\t\t\t            <div class=\"col-sm-12\">\n\t\t\t<section class=\"space--sm \">\n\t\t\t    <div class=\"container\">\n\t\t\t        <div class=\"row\">\n\t\t\t            <div class=\"col-sm-12\"><h1>Les coordinateurs r\u00e9gionaux<\/h1> <ol class=\"breadcrumbs\"><li><a href=\"https:\/\/www.mrgoodfish.com\/en\/\" class=\"home-link\" rel=\"home\">Home<\/a><\/li><li><a href=\"https:\/\/www.mrgoodfish.com\/mr-goodfish-2\/\">Mr.Goodfish<\/a><\/li><li class=\"active\">Les coordinateurs r\u00e9gionaux<\/li><\/ol><hr><\/div>\n\t\t\t        <\/div><!--end of row-->\n\t\t\t    <\/div><!--end of container-->\n\t\t\t<\/section>\n\t\t<\/div>\n\t\t\t        <\/div><!--end of row-->\n\t\t\t    <\/div><!--end of container-->\n\t\t\t    \n\t\t\t<\/section>\n\t\t[\/vc_column][\/vc_row][vc_row][vc_column][vc_empty_space height=&#8221;50&#8243;][\/vc_column][\/vc_row][vc_row css=&#8221;.vc_custom_1530607024175{background-color: #ffffff !important;}&#8221;][vc_column][vc_column_text]<\/p>\n<p style=\"text-align: justify;\">Afin de se d\u00e9velopper \u00e0 l&#8217;\u00e9chelle nationale, <strong>Mr.Goodfish s&#8217;appuie sur des coordinateurs r\u00e9gionaux<\/strong>. Ils ont pour t\u00e2che de renforcer l&#8217;<strong>ancrage local du programme<\/strong> et d&#8217;<strong>impliquer la fili\u00e8re halieutique r\u00e9gionale<\/strong> dans l&#8217;\u00e9tablissement des listes d&#8217;esp\u00e8ces recommand\u00e9es.<\/p>\n<p>[\/vc_column_text][vc_empty_space height=&#8221;30&#8243;][\/vc_column][\/vc_row][vc_row][vc_column][vc_empty_space height=&#8221;50&#8243;][\/vc_column][\/vc_row][vc_row css=&#8221;.vc_custom_1530607046728{background-color: #ffffff !important;}&#8221;][vc_column width=&#8221;2\/3&#8243;][vc_column_text]<a href=\"https:\/\/www.nausicaa.fr\/\" target=\"_blank\" rel=\"noopener\"><b>Nausica\u00e1<\/b><\/a><\/p>\n<p>Centre National de la Mer, coordonne l&#8217;\u00e9tablissement des<strong> listes de recommandations pour la fa\u00e7ade Manche\/Mer du Nord<\/strong>, de Dunkerque \u00e0 Cherbourg. C&#8217;est \u00e9galement \u00e0 Nausicaa qu&#8217;on retrouve l&#8217;\u00e9quipe de Mr.Goodfish qui assure l&#8217;\u00e9tablissement des listes saisonni\u00e8res pour l&#8217;ensemble des fa\u00e7ades maritimes, les a<strong>ctivit\u00e9s de promotion et la communication<\/strong> du programme \u00e0 l\u2019\u00e9chelle nationale, le <strong>suivi des adh\u00e9rents<\/strong> et <strong>la vie de communaut\u00e9<\/strong> Mr.Goodfish. L&#8217;\u00e9quipe est compos\u00e9e par :<\/p>\n<ul>\n<li>Justine DELETTRE, Charg\u00e9e de Programme Mr.Goodfish<\/li>\n<li>Tom OBERT, Charg\u00e9 de Mission Mr.Goodfish (amont de la fili\u00e8re)<\/li>\n<li>H\u00e9l\u00e8ne BUISSON, Charg\u00e9e de Mission Mr.Goodfish (aval de la fili\u00e8re) et Charg\u00e9e de projet Mr.Goodfish3.0<\/li>\n<\/ul>\n<p>[\/vc_column_text][vc_empty_space height=&#8221;30&#8243;][\/vc_column][vc_column width=&#8221;1\/3&#8243;][vc_empty_space height=&#8221;30&#8243;][vc_single_image image=&#8221;14789&#8243; alignment=&#8221;center&#8221; onclick=&#8221;custom_link&#8221; img_link_target=&#8221;_blank&#8221; link=&#8221;https:\/\/www.nausicaa.fr\/&#8221;][vc_empty_space height=&#8221;30&#8243;][\/vc_column][\/vc_row][vc_row][vc_column][vc_empty_space height=&#8221;50&#8243;][\/vc_column][\/vc_row][vc_row css=&#8221;.vc_custom_1530607252448{background-color: #ffffff !important;}&#8221;][vc_column width=&#8221;2\/3&#8243;][vc_column_text]<a><b>\u00a0SASU CADK &#8211; J\u00e9r\u00f4me NICOL<\/b><\/a><\/p>\n<p style=\"text-align: justify;\">Repr\u00e9sent\u00e9e par J\u00e9r\u00f4me NICOL, organise les <strong>comit\u00e9s d&#8217;\u00e9tablissement des listes pour la fa\u00e7ade Bretagne\/Atlantique<\/strong>. Depuis octobre 2021, SASU CADK et le programme Mr.Goodfish collaborent afin de :<\/p>\n<ul>\n<li style=\"text-align: justify;\">sensibiliser objectivement le public \u00e0 la pr\u00e9servation des ressources, par le biais du respect de la taille de premi\u00e8re maturit\u00e9 sexuelle et de la saisonnalit\u00e9 des produits ;<\/li>\n<li>favoriser et d\u00e9velopper les \u00e9changes entre producteurs, transformateurs et consommateurs dans le cadre de la mise en place et le respect d\u2019une p\u00eache durable et responsable en y int\u00e9grant l\u2019aspect environnementale.<\/li>\n<\/ul>\n<p>[\/vc_column_text][vc_empty_space height=&#8221;30&#8243;][\/vc_column][vc_column width=&#8221;1\/3&#8243;][\/vc_column][\/vc_row][vc_row][vc_column][vc_empty_space height=&#8221;50&#8243;][\/vc_column][\/vc_row][vc_row css=&#8221;.vc_custom_1530607299704{background-color: #ffffff !important;}&#8221;][vc_column width=&#8221;2\/3&#8243;][vc_column_text]<strong><a href=\"https:\/\/www.planetoceanworld.fr\/\">Planet Ocean Montpellier<\/a><\/strong><\/p>\n<p style=\"text-align: justify;\">Alors que le partenariat avec la Fondation Prince Albert II de Monaco se poursuit sur de nouveaux sujets, Planet Ocean Montpellier prend le relais depuis le d\u00e9but d&#8217;ann\u00e9e 2025 pour coordonner <strong>l&#8217;\u00e9laboration des listes saisonni\u00e8res de produits de la mer responsables pour la M\u00e9diterran\u00e9e.<\/strong><\/p>\n<p><span data-teams=\"true\">Fort de son expertise et de son engagement en faveur de la pr\u00e9servation des ressources marines, Planet Ocean Montpellier travaille en \u00e9troite collaboration avec l&#8217;\u00e9quipe de Mr.Goodfish mais \u00e9galement avec des experts scientifiques et des professionnels locaux de la fili\u00e8re pour identifier les esp\u00e8ces aquatiques \u00e0 privil\u00e9gier chaque saison. En int\u00e9grant les crit\u00e8res de durabilit\u00e9 Mr.Goodfish, Planet Ocean Montpellier contribue activement \u00e0 promouvoir une consommation plus responsable et \u00e0 sensibiliser le grand public aux enjeux de la pr\u00e9servation des \u00e9cosyst\u00e8mes marins en M\u00e9diterran\u00e9e.<\/span>[\/vc_column_text][vc_empty_space height=&#8221;30&#8243;][\/vc_column][vc_column width=&#8221;1\/3&#8243;][vc_empty_space height=&#8221;20px&#8221;][vc_single_image image=&#8221;16718&#8243; img_size=&#8221;medium&#8221; onclick=&#8221;custom_link&#8221; img_link_target=&#8221;_blank&#8221; link=&#8221;http:\/\/www.fpa2.org\/&#8221;][vc_empty_space height=&#8221;20px&#8221;][\/vc_column][\/vc_row][vc_row][vc_column][vc_empty_space height=&#8221;50&#8243;][\/vc_column][\/vc_row]<\/p>\n<\/section>","protected":false},"excerpt":{"rendered":"<p>[vc_row full_width=&#8221;stretch_row&#8221;][vc_column][\/vc_column][\/vc_row][vc_row][vc_column][vc_empty_space height=&#8221;50&#8243;][\/vc_column][\/vc_row][vc_row css=&#8221;.vc_custom_1530607024175{background-color: #ffffff !important;}&#8221;][vc_column][vc_column_text] Afin de se d\u00e9velopper \u00e0 l&#8217;\u00e9chelle nationale, Mr.Goodfish s&#8217;appuie sur des coordinateurs r\u00e9gionaux. Ils ont pour&#8230;<\/p>\n","protected":false},"author":3,"featured_media":0,"parent":1086,"menu_order":6,"comment_status":"closed","ping_status":"closed","template":"","meta":{"footnotes":""},"class_list":["post-2764","page","type-page","status-publish","hentry"],"better_featured_image":null,"yoast_head":"<!-- This site is optimized with the Yoast SEO plugin v27.4 - https:\/\/yoast.com\/product\/yoast-seo-wordpress\/ -->\n<title>Les coordinateurs r\u00e9gionaux - Mr.Goodfish<\/title>\n<meta name=\"robots\" content=\"index, follow, max-snippet:-1, max-image-preview:large, max-video-preview:-1\" \/>\n<link rel=\"canonical\" href=\"https:\/\/www.mrgoodfish.com\/en\/mr-goodfish-2\/les-coordinateurs-regionaux\/\" \/>\n<meta property=\"og:locale\" content=\"en_US\" \/>\n<meta property=\"og:type\" content=\"article\" \/>\n<meta property=\"og:title\" content=\"Les coordinateurs r\u00e9gionaux - Mr.Goodfish\" \/>\n<meta property=\"og:description\" content=\"[vc_row full_width=&#8221;stretch_row&#8221;][vc_column][\/vc_column][\/vc_row][vc_row][vc_column][vc_empty_space height=&#8221;50&#8243;][\/vc_column][\/vc_row][vc_row css=&#8221;.vc_custom_1530607024175{background-color: #ffffff !important;}&#8221;][vc_column][vc_column_text] Afin de se d\u00e9velopper \u00e0 l&#8217;\u00e9chelle nationale, Mr.Goodfish s&#8217;appuie sur des coordinateurs r\u00e9gionaux. Ils ont pour...\" \/>\n<meta property=\"og:url\" content=\"https:\/\/www.mrgoodfish.com\/en\/mr-goodfish-2\/les-coordinateurs-regionaux\/\" \/>\n<meta property=\"og:site_name\" content=\"Mr.Goodfish\" \/>\n<meta property=\"article:publisher\" content=\"https:\/\/www.facebook.com\/Mr.Goodfish\/\" \/>\n<meta property=\"article:modified_time\" content=\"2025-03-03T11:22:37+00:00\" \/>\n<meta name=\"twitter:card\" content=\"summary_large_image\" \/>\n<meta name=\"twitter:label1\" content=\"Est. reading time\" \/>\n\t<meta name=\"twitter:data1\" content=\"3 minutes\" \/>\n<script type=\"application\/ld+json\" class=\"yoast-schema-graph\">{\"@context\":\"https:\\\/\\\/schema.org\",\"@graph\":[{\"@type\":\"WebPage\",\"@id\":\"https:\\\/\\\/www.mrgoodfish.com\\\/en\\\/mr-goodfish-2\\\/les-coordinateurs-regionaux\\\/\",\"url\":\"https:\\\/\\\/www.mrgoodfish.com\\\/en\\\/mr-goodfish-2\\\/les-coordinateurs-regionaux\\\/\",\"name\":\"Les coordinateurs r\u00e9gionaux - Mr.Goodfish\",\"isPartOf\":{\"@id\":\"https:\\\/\\\/www.mrgoodfish.com\\\/en\\\/#website\"},\"datePublished\":\"2017-11-27T16:15:23+00:00\",\"dateModified\":\"2025-03-03T11:22:37+00:00\",\"breadcrumb\":{\"@id\":\"https:\\\/\\\/www.mrgoodfish.com\\\/en\\\/mr-goodfish-2\\\/les-coordinateurs-regionaux\\\/#breadcrumb\"},\"inLanguage\":\"en-US\",\"potentialAction\":[{\"@type\":\"ReadAction\",\"target\":[\"https:\\\/\\\/www.mrgoodfish.com\\\/en\\\/mr-goodfish-2\\\/les-coordinateurs-regionaux\\\/\"]}]},{\"@type\":\"BreadcrumbList\",\"@id\":\"https:\\\/\\\/www.mrgoodfish.com\\\/en\\\/mr-goodfish-2\\\/les-coordinateurs-regionaux\\\/#breadcrumb\",\"itemListElement\":[{\"@type\":\"ListItem\",\"position\":1,\"name\":\"Accueil\",\"item\":\"https:\\\/\\\/www.mrgoodfish.com\\\/en\\\/\"},{\"@type\":\"ListItem\",\"position\":2,\"name\":\"Mr.Goodfish\",\"item\":\"https:\\\/\\\/www.mrgoodfish.com\\\/en\\\/mr-goodfish-2\\\/\"},{\"@type\":\"ListItem\",\"position\":3,\"name\":\"Les coordinateurs r\u00e9gionaux\"}]},{\"@type\":\"WebSite\",\"@id\":\"https:\\\/\\\/www.mrgoodfish.com\\\/en\\\/#website\",\"url\":\"https:\\\/\\\/www.mrgoodfish.com\\\/en\\\/\",\"name\":\"Mr.Goodfish\",\"description\":\"\",\"publisher\":{\"@id\":\"https:\\\/\\\/www.mrgoodfish.com\\\/en\\\/#organization\"},\"potentialAction\":[{\"@type\":\"SearchAction\",\"target\":{\"@type\":\"EntryPoint\",\"urlTemplate\":\"https:\\\/\\\/www.mrgoodfish.com\\\/en\\\/?s={search_term_string}\"},\"query-input\":{\"@type\":\"PropertyValueSpecification\",\"valueRequired\":true,\"valueName\":\"search_term_string\"}}],\"inLanguage\":\"en-US\"},{\"@type\":\"Organization\",\"@id\":\"https:\\\/\\\/www.mrgoodfish.com\\\/en\\\/#organization\",\"name\":\"MrGoodfish\",\"url\":\"https:\\\/\\\/www.mrgoodfish.com\\\/en\\\/\",\"logo\":{\"@type\":\"ImageObject\",\"inLanguage\":\"en-US\",\"@id\":\"https:\\\/\\\/www.mrgoodfish.com\\\/en\\\/#\\\/schema\\\/logo\\\/image\\\/\",\"url\":\"https:\\\/\\\/www.mrgoodfish.com\\\/wp-content\\\/uploads\\\/2017\\\/12\\\/ACCIMA_icon2.png\",\"contentUrl\":\"https:\\\/\\\/www.mrgoodfish.com\\\/wp-content\\\/uploads\\\/2017\\\/12\\\/ACCIMA_icon2.png\",\"width\":512,\"height\":512,\"caption\":\"MrGoodfish\"},\"image\":{\"@id\":\"https:\\\/\\\/www.mrgoodfish.com\\\/en\\\/#\\\/schema\\\/logo\\\/image\\\/\"},\"sameAs\":[\"https:\\\/\\\/www.facebook.com\\\/Mr.Goodfish\\\/\",\"https:\\\/\\\/www.youtube.com\\\/watch?v=DAihK4kYYIU&amp;amp;amp;list=PLbo1bUfUHiUr3i_v_6H_jgEIzDqfx3Jio\"]}]}<\/script>\n<!-- \/ Yoast SEO plugin. -->","yoast_head_json":{"title":"Les coordinateurs r\u00e9gionaux - Mr.Goodfish","robots":{"index":"index","follow":"follow","max-snippet":"max-snippet:-1","max-image-preview":"max-image-preview:large","max-video-preview":"max-video-preview:-1"},"canonical":"https:\/\/www.mrgoodfish.com\/en\/mr-goodfish-2\/les-coordinateurs-regionaux\/","og_locale":"en_US","og_type":"article","og_title":"Les coordinateurs r\u00e9gionaux - Mr.Goodfish","og_description":"[vc_row full_width=&#8221;stretch_row&#8221;][vc_column][\/vc_column][\/vc_row][vc_row][vc_column][vc_empty_space height=&#8221;50&#8243;][\/vc_column][\/vc_row][vc_row css=&#8221;.vc_custom_1530607024175{background-color: #ffffff !important;}&#8221;][vc_column][vc_column_text] Afin de se d\u00e9velopper \u00e0 l&#8217;\u00e9chelle nationale, Mr.Goodfish s&#8217;appuie sur des coordinateurs r\u00e9gionaux. Ils ont pour...","og_url":"https:\/\/www.mrgoodfish.com\/en\/mr-goodfish-2\/les-coordinateurs-regionaux\/","og_site_name":"Mr.Goodfish","article_publisher":"https:\/\/www.facebook.com\/Mr.Goodfish\/","article_modified_time":"2025-03-03T11:22:37+00:00","twitter_card":"summary_large_image","twitter_misc":{"Est. reading time":"3 minutes"},"schema":{"@context":"https:\/\/schema.org","@graph":[{"@type":"WebPage","@id":"https:\/\/www.mrgoodfish.com\/en\/mr-goodfish-2\/les-coordinateurs-regionaux\/","url":"https:\/\/www.mrgoodfish.com\/en\/mr-goodfish-2\/les-coordinateurs-regionaux\/","name":"Les coordinateurs r\u00e9gionaux - Mr.Goodfish","isPartOf":{"@id":"https:\/\/www.mrgoodfish.com\/en\/#website"},"datePublished":"2017-11-27T16:15:23+00:00","dateModified":"2025-03-03T11:22:37+00:00","breadcrumb":{"@id":"https:\/\/www.mrgoodfish.com\/en\/mr-goodfish-2\/les-coordinateurs-regionaux\/#breadcrumb"},"inLanguage":"en-US","potentialAction":[{"@type":"ReadAction","target":["https:\/\/www.mrgoodfish.com\/en\/mr-goodfish-2\/les-coordinateurs-regionaux\/"]}]},{"@type":"BreadcrumbList","@id":"https:\/\/www.mrgoodfish.com\/en\/mr-goodfish-2\/les-coordinateurs-regionaux\/#breadcrumb","itemListElement":[{"@type":"ListItem","position":1,"name":"Accueil","item":"https:\/\/www.mrgoodfish.com\/en\/"},{"@type":"ListItem","position":2,"name":"Mr.Goodfish","item":"https:\/\/www.mrgoodfish.com\/en\/mr-goodfish-2\/"},{"@type":"ListItem","position":3,"name":"Les coordinateurs r\u00e9gionaux"}]},{"@type":"WebSite","@id":"https:\/\/www.mrgoodfish.com\/en\/#website","url":"https:\/\/www.mrgoodfish.com\/en\/","name":"Mr.Goodfish","description":"","publisher":{"@id":"https:\/\/www.mrgoodfish.com\/en\/#organization"},"potentialAction":[{"@type":"SearchAction","target":{"@type":"EntryPoint","urlTemplate":"https:\/\/www.mrgoodfish.com\/en\/?s={search_term_string}"},"query-input":{"@type":"PropertyValueSpecification","valueRequired":true,"valueName":"search_term_string"}}],"inLanguage":"en-US"},{"@type":"Organization","@id":"https:\/\/www.mrgoodfish.com\/en\/#organization","name":"MrGoodfish","url":"https:\/\/www.mrgoodfish.com\/en\/","logo":{"@type":"ImageObject","inLanguage":"en-US","@id":"https:\/\/www.mrgoodfish.com\/en\/#\/schema\/logo\/image\/","url":"https:\/\/www.mrgoodfish.com\/wp-content\/uploads\/2017\/12\/ACCIMA_icon2.png","contentUrl":"https:\/\/www.mrgoodfish.com\/wp-content\/uploads\/2017\/12\/ACCIMA_icon2.png","width":512,"height":512,"caption":"MrGoodfish"},"image":{"@id":"https:\/\/www.mrgoodfish.com\/en\/#\/schema\/logo\/image\/"},"sameAs":["https:\/\/www.facebook.com\/Mr.Goodfish\/","https:\/\/www.youtube.com\/watch?v=DAihK4kYYIU&amp;amp;amp;list=PLbo1bUfUHiUr3i_v_6H_jgEIzDqfx3Jio"]}]}},"_links":{"self":[{"href":"https:\/\/www.mrgoodfish.com\/en\/wp-json\/wp\/v2\/pages\/2764","targetHints":{"allow":["GET"]}}],"collection":[{"href":"https:\/\/www.mrgoodfish.com\/en\/wp-json\/wp\/v2\/pages"}],"about":[{"href":"https:\/\/www.mrgoodfish.com\/en\/wp-json\/wp\/v2\/types\/page"}],"author":[{"embeddable":true,"href":"https:\/\/www.mrgoodfish.com\/en\/wp-json\/wp\/v2\/users\/3"}],"replies":[{"embeddable":true,"href":"https:\/\/www.mrgoodfish.com\/en\/wp-json\/wp\/v2\/comments?post=2764"}],"version-history":[{"count":11,"href":"https:\/\/www.mrgoodfish.com\/en\/wp-json\/wp\/v2\/pages\/2764\/revisions"}],"predecessor-version":[{"id":16723,"href":"https:\/\/www.mrgoodfish.com\/en\/wp-json\/wp\/v2\/pages\/2764\/revisions\/16723"}],"up":[{"embeddable":true,"href":"https:\/\/www.mrgoodfish.com\/en\/wp-json\/wp\/v2\/pages\/1086"}],"wp:attachment":[{"href":"https:\/\/www.mrgoodfish.com\/en\/wp-json\/wp\/v2\/media?parent=2764"}],"curies":[{"name":"wp","href":"https:\/\/api.w.org\/{rel}","templated":true}]}}