{"id":2238,"date":"2017-11-27T17:15:23","date_gmt":"2017-11-27T16:15:23","guid":{"rendered":"https:\/\/www.mrgoodfish.com\/informations-legales-2\/"},"modified":"2019-04-01T11:10:40","modified_gmt":"2019-04-01T09:10:40","slug":"leurope-sengage-avec-mr-goodfish","status":"publish","type":"page","link":"https:\/\/www.mrgoodfish.com\/en\/leurope-sengage-avec-mr-goodfish\/","title":{"rendered":"L&#8217;Europe s&#8217;engage avec Mr.Goodfish"},"content":{"rendered":"<section class=\"wpb-content-wrapper\"><p>[vc_row full_width=&#8221;stretch_row&#8221;][vc_column]\n\t\t\t<section class=\" cover height-30 imagebg text-center\" data-overlay=\"0\" >\n\t\t\t    <div class=\"background-image-holder\">\n\t\t\t        <img loading=\"lazy\" decoding=\"async\" width=\"1500\" height=\"400\" src=\"https:\/\/www.mrgoodfish.com\/wp-content\/uploads\/2017\/11\/MRGF_header.jpg\" class=\"attachment-full size-full\" alt=\"MRGF_header | Mr.Goodfish\" srcset=\"https:\/\/www.mrgoodfish.com\/wp-content\/uploads\/2017\/11\/MRGF_header.jpg 1500w, https:\/\/www.mrgoodfish.com\/wp-content\/uploads\/2017\/11\/MRGF_header-300x80.jpg 300w, https:\/\/www.mrgoodfish.com\/wp-content\/uploads\/2017\/11\/MRGF_header-768x205.jpg 768w, https:\/\/www.mrgoodfish.com\/wp-content\/uploads\/2017\/11\/MRGF_header-1024x273.jpg 1024w, https:\/\/www.mrgoodfish.com\/wp-content\/uploads\/2017\/11\/MRGF_header-800x213.jpg 800w\" sizes=\"auto, (max-width: 1500px) 100vw, 1500px\" \/>\n\t\t\t    <\/div>\n\t\t\t    <div class=\"container pos-vertical-center\">\n\t\t\t        <div class=\"row\">\n\t\t\t            <div class=\"col-sm-12\">\n\t\t\t<section class=\"space--sm \">\n\t\t\t    <div class=\"container\">\n\t\t\t        <div class=\"row\">\n\t\t\t            <div class=\"col-sm-12\"><h1>L&#8217;Europe s&#8217;engage avec Mr.Goodfish<\/h1> <ol class=\"breadcrumbs\"><li><a href=\"https:\/\/www.mrgoodfish.com\/en\/\" class=\"home-link\" rel=\"home\">Home<\/a><\/li><li class=\"active\">L&#8217;Europe s&#8217;engage avec Mr.Goodfish<\/li><\/ol><hr><\/div>\n\t\t\t        <\/div><!--end of row-->\n\t\t\t    <\/div><!--end of container-->\n\t\t\t<\/section>\n\t\t<\/div>\n\t\t\t        <\/div><!--end of row-->\n\t\t\t    <\/div><!--end of container-->\n\t\t\t    \n\t\t\t<\/section>\n\t\t[\/vc_column][\/vc_row][vc_row][vc_column][vc_empty_space height=&#8221;50&#8243;][\/vc_column][\/vc_row][vc_row css=&#8221;.vc_custom_1552574634411{background-color: #ffffff !important;}&#8221;][vc_column][vc_empty_space height=&#8221;20&#8243;][vc_column_text]La r\u00e9novation du site internet et le d\u00e9veloppement d\u2019une <strong><a href=\"https:\/\/www.mrgoodfish.com\/accueil-3\/application-mr-goodfish\/\" target=\"_blank\" rel=\"noopener\">application smartphone Mr.Goodfish<\/a><\/strong> ont \u00e9t\u00e9 financ\u00e9s par l\u2019Union Europ\u00e9enne via le<strong> <a href=\"https:\/\/europe-en-hautsdefrance.eu\/les-programes-europeens\/programmes-regionaux\/\" target=\"_blank\" rel=\"noopener\">programme op\u00e9rationnel FEDER (Fonds europ\u00e9en de d\u00e9veloppement r\u00e9gional)<\/a><\/strong>.<\/p>\n<p>Le financement de ces outils a pu \u00eatre r\u00e9alis\u00e9 dans le cadre de l\u2019axe 2 de ce programme de financement, qui vise \u00e0 acc\u00e9l\u00e9rer la transformation de la soci\u00e9t\u00e9 r\u00e9gionale \u00e0 travers l\u2019accroissement des usages et services num\u00e9riques d\u2019int\u00e9r\u00eat public.[\/vc_column_text][vc_empty_space height=&#8221;20&#8243;][vc_row_inner][vc_column_inner width=&#8221;1\/2&#8243;][vc_empty_space height=&#8221;50&#8243;][vc_single_image image=&#8221;6792&#8243; img_size=&#8221;medium&#8221; alignment=&#8221;center&#8221;][vc_empty_space height=&#8221;50&#8243;][\/vc_column_inner][vc_column_inner width=&#8221;1\/2&#8243;][vc_empty_space height=&#8221;50&#8243;][vc_single_image image=&#8221;6795&#8243; img_size=&#8221;medium&#8221; alignment=&#8221;center&#8221;][vc_empty_space height=&#8221;50&#8243;][\/vc_column_inner][\/vc_row_inner][\/vc_column][\/vc_row][vc_row][vc_column][vc_empty_space height=&#8221;50&#8243;][\/vc_column][\/vc_row]<\/p>\n<\/section>","protected":false},"excerpt":{"rendered":"<p>[vc_row full_width=&#8221;stretch_row&#8221;][vc_column][\/vc_column][\/vc_row][vc_row][vc_column][vc_empty_space height=&#8221;50&#8243;][\/vc_column][\/vc_row][vc_row css=&#8221;.vc_custom_1552574634411{background-color: #ffffff !important;}&#8221;][vc_column][vc_empty_space height=&#8221;20&#8243;][vc_column_text]La r\u00e9novation du site internet et le d\u00e9veloppement d\u2019une application smartphone Mr.Goodfish ont \u00e9t\u00e9 financ\u00e9s par&#8230;<\/p>\n","protected":false},"author":2,"featured_media":0,"parent":0,"menu_order":0,"comment_status":"closed","ping_status":"closed","template":"","meta":{"footnotes":""},"class_list":["post-2238","page","type-page","status-publish","hentry"],"better_featured_image":null,"yoast_head":"<!-- This site is optimized with the Yoast SEO plugin v27.4 - https:\/\/yoast.com\/product\/yoast-seo-wordpress\/ -->\n<title>L&#039;Europe s&#039;engage avec Mr.Goodfish - Mr.Goodfish<\/title>\n<meta name=\"robots\" content=\"index, follow, max-snippet:-1, max-image-preview:large, max-video-preview:-1\" \/>\n<link rel=\"canonical\" href=\"https:\/\/www.mrgoodfish.com\/en\/leurope-sengage-avec-mr-goodfish\/\" \/>\n<meta property=\"og:locale\" content=\"en_US\" \/>\n<meta property=\"og:type\" content=\"article\" \/>\n<meta property=\"og:title\" content=\"L&#039;Europe s&#039;engage avec Mr.Goodfish - Mr.Goodfish\" \/>\n<meta property=\"og:description\" content=\"[vc_row full_width=&#8221;stretch_row&#8221;][vc_column][\/vc_column][\/vc_row][vc_row][vc_column][vc_empty_space height=&#8221;50&#8243;][\/vc_column][\/vc_row][vc_row css=&#8221;.vc_custom_1552574634411{background-color: #ffffff !important;}&#8221;][vc_column][vc_empty_space height=&#8221;20&#8243;][vc_column_text]La r\u00e9novation du site internet et le d\u00e9veloppement d\u2019une application smartphone Mr.Goodfish ont \u00e9t\u00e9 financ\u00e9s par...\" \/>\n<meta property=\"og:url\" content=\"https:\/\/www.mrgoodfish.com\/en\/leurope-sengage-avec-mr-goodfish\/\" \/>\n<meta property=\"og:site_name\" content=\"Mr.Goodfish\" \/>\n<meta property=\"article:publisher\" content=\"https:\/\/www.facebook.com\/Mr.Goodfish\/\" \/>\n<meta property=\"article:modified_time\" content=\"2019-04-01T09:10:40+00:00\" \/>\n<meta name=\"twitter:card\" content=\"summary_large_image\" \/>\n<meta name=\"twitter:label1\" content=\"Est. reading time\" \/>\n\t<meta name=\"twitter:data1\" content=\"1 minute\" \/>\n<script type=\"application\/ld+json\" class=\"yoast-schema-graph\">{\"@context\":\"https:\\\/\\\/schema.org\",\"@graph\":[{\"@type\":\"WebPage\",\"@id\":\"https:\\\/\\\/www.mrgoodfish.com\\\/en\\\/leurope-sengage-avec-mr-goodfish\\\/\",\"url\":\"https:\\\/\\\/www.mrgoodfish.com\\\/en\\\/leurope-sengage-avec-mr-goodfish\\\/\",\"name\":\"L'Europe s'engage avec Mr.Goodfish - Mr.Goodfish\",\"isPartOf\":{\"@id\":\"https:\\\/\\\/www.mrgoodfish.com\\\/en\\\/#website\"},\"datePublished\":\"2017-11-27T16:15:23+00:00\",\"dateModified\":\"2019-04-01T09:10:40+00:00\",\"breadcrumb\":{\"@id\":\"https:\\\/\\\/www.mrgoodfish.com\\\/en\\\/leurope-sengage-avec-mr-goodfish\\\/#breadcrumb\"},\"inLanguage\":\"en-US\",\"potentialAction\":[{\"@type\":\"ReadAction\",\"target\":[\"https:\\\/\\\/www.mrgoodfish.com\\\/en\\\/leurope-sengage-avec-mr-goodfish\\\/\"]}]},{\"@type\":\"BreadcrumbList\",\"@id\":\"https:\\\/\\\/www.mrgoodfish.com\\\/en\\\/leurope-sengage-avec-mr-goodfish\\\/#breadcrumb\",\"itemListElement\":[{\"@type\":\"ListItem\",\"position\":1,\"name\":\"Accueil\",\"item\":\"https:\\\/\\\/www.mrgoodfish.com\\\/en\\\/\"},{\"@type\":\"ListItem\",\"position\":2,\"name\":\"L&rsquo;Europe s&rsquo;engage avec Mr.Goodfish\"}]},{\"@type\":\"WebSite\",\"@id\":\"https:\\\/\\\/www.mrgoodfish.com\\\/en\\\/#website\",\"url\":\"https:\\\/\\\/www.mrgoodfish.com\\\/en\\\/\",\"name\":\"Mr.Goodfish\",\"description\":\"\",\"publisher\":{\"@id\":\"https:\\\/\\\/www.mrgoodfish.com\\\/en\\\/#organization\"},\"potentialAction\":[{\"@type\":\"SearchAction\",\"target\":{\"@type\":\"EntryPoint\",\"urlTemplate\":\"https:\\\/\\\/www.mrgoodfish.com\\\/en\\\/?s={search_term_string}\"},\"query-input\":{\"@type\":\"PropertyValueSpecification\",\"valueRequired\":true,\"valueName\":\"search_term_string\"}}],\"inLanguage\":\"en-US\"},{\"@type\":\"Organization\",\"@id\":\"https:\\\/\\\/www.mrgoodfish.com\\\/en\\\/#organization\",\"name\":\"MrGoodfish\",\"url\":\"https:\\\/\\\/www.mrgoodfish.com\\\/en\\\/\",\"logo\":{\"@type\":\"ImageObject\",\"inLanguage\":\"en-US\",\"@id\":\"https:\\\/\\\/www.mrgoodfish.com\\\/en\\\/#\\\/schema\\\/logo\\\/image\\\/\",\"url\":\"https:\\\/\\\/www.mrgoodfish.com\\\/wp-content\\\/uploads\\\/2017\\\/12\\\/ACCIMA_icon2.png\",\"contentUrl\":\"https:\\\/\\\/www.mrgoodfish.com\\\/wp-content\\\/uploads\\\/2017\\\/12\\\/ACCIMA_icon2.png\",\"width\":512,\"height\":512,\"caption\":\"MrGoodfish\"},\"image\":{\"@id\":\"https:\\\/\\\/www.mrgoodfish.com\\\/en\\\/#\\\/schema\\\/logo\\\/image\\\/\"},\"sameAs\":[\"https:\\\/\\\/www.facebook.com\\\/Mr.Goodfish\\\/\",\"https:\\\/\\\/www.youtube.com\\\/watch?v=DAihK4kYYIU&amp;amp;amp;list=PLbo1bUfUHiUr3i_v_6H_jgEIzDqfx3Jio\"]}]}<\/script>\n<!-- \/ Yoast SEO plugin. -->","yoast_head_json":{"title":"L'Europe s'engage avec Mr.Goodfish - Mr.Goodfish","robots":{"index":"index","follow":"follow","max-snippet":"max-snippet:-1","max-image-preview":"max-image-preview:large","max-video-preview":"max-video-preview:-1"},"canonical":"https:\/\/www.mrgoodfish.com\/en\/leurope-sengage-avec-mr-goodfish\/","og_locale":"en_US","og_type":"article","og_title":"L'Europe s'engage avec Mr.Goodfish - Mr.Goodfish","og_description":"[vc_row full_width=&#8221;stretch_row&#8221;][vc_column][\/vc_column][\/vc_row][vc_row][vc_column][vc_empty_space height=&#8221;50&#8243;][\/vc_column][\/vc_row][vc_row css=&#8221;.vc_custom_1552574634411{background-color: #ffffff !important;}&#8221;][vc_column][vc_empty_space height=&#8221;20&#8243;][vc_column_text]La r\u00e9novation du site internet et le d\u00e9veloppement d\u2019une application smartphone Mr.Goodfish ont \u00e9t\u00e9 financ\u00e9s par...","og_url":"https:\/\/www.mrgoodfish.com\/en\/leurope-sengage-avec-mr-goodfish\/","og_site_name":"Mr.Goodfish","article_publisher":"https:\/\/www.facebook.com\/Mr.Goodfish\/","article_modified_time":"2019-04-01T09:10:40+00:00","twitter_card":"summary_large_image","twitter_misc":{"Est. reading time":"1 minute"},"schema":{"@context":"https:\/\/schema.org","@graph":[{"@type":"WebPage","@id":"https:\/\/www.mrgoodfish.com\/en\/leurope-sengage-avec-mr-goodfish\/","url":"https:\/\/www.mrgoodfish.com\/en\/leurope-sengage-avec-mr-goodfish\/","name":"L'Europe s'engage avec Mr.Goodfish - Mr.Goodfish","isPartOf":{"@id":"https:\/\/www.mrgoodfish.com\/en\/#website"},"datePublished":"2017-11-27T16:15:23+00:00","dateModified":"2019-04-01T09:10:40+00:00","breadcrumb":{"@id":"https:\/\/www.mrgoodfish.com\/en\/leurope-sengage-avec-mr-goodfish\/#breadcrumb"},"inLanguage":"en-US","potentialAction":[{"@type":"ReadAction","target":["https:\/\/www.mrgoodfish.com\/en\/leurope-sengage-avec-mr-goodfish\/"]}]},{"@type":"BreadcrumbList","@id":"https:\/\/www.mrgoodfish.com\/en\/leurope-sengage-avec-mr-goodfish\/#breadcrumb","itemListElement":[{"@type":"ListItem","position":1,"name":"Accueil","item":"https:\/\/www.mrgoodfish.com\/en\/"},{"@type":"ListItem","position":2,"name":"L&rsquo;Europe s&rsquo;engage avec Mr.Goodfish"}]},{"@type":"WebSite","@id":"https:\/\/www.mrgoodfish.com\/en\/#website","url":"https:\/\/www.mrgoodfish.com\/en\/","name":"Mr.Goodfish","description":"","publisher":{"@id":"https:\/\/www.mrgoodfish.com\/en\/#organization"},"potentialAction":[{"@type":"SearchAction","target":{"@type":"EntryPoint","urlTemplate":"https:\/\/www.mrgoodfish.com\/en\/?s={search_term_string}"},"query-input":{"@type":"PropertyValueSpecification","valueRequired":true,"valueName":"search_term_string"}}],"inLanguage":"en-US"},{"@type":"Organization","@id":"https:\/\/www.mrgoodfish.com\/en\/#organization","name":"MrGoodfish","url":"https:\/\/www.mrgoodfish.com\/en\/","logo":{"@type":"ImageObject","inLanguage":"en-US","@id":"https:\/\/www.mrgoodfish.com\/en\/#\/schema\/logo\/image\/","url":"https:\/\/www.mrgoodfish.com\/wp-content\/uploads\/2017\/12\/ACCIMA_icon2.png","contentUrl":"https:\/\/www.mrgoodfish.com\/wp-content\/uploads\/2017\/12\/ACCIMA_icon2.png","width":512,"height":512,"caption":"MrGoodfish"},"image":{"@id":"https:\/\/www.mrgoodfish.com\/en\/#\/schema\/logo\/image\/"},"sameAs":["https:\/\/www.facebook.com\/Mr.Goodfish\/","https:\/\/www.youtube.com\/watch?v=DAihK4kYYIU&amp;amp;amp;list=PLbo1bUfUHiUr3i_v_6H_jgEIzDqfx3Jio"]}]}},"_links":{"self":[{"href":"https:\/\/www.mrgoodfish.com\/en\/wp-json\/wp\/v2\/pages\/2238","targetHints":{"allow":["GET"]}}],"collection":[{"href":"https:\/\/www.mrgoodfish.com\/en\/wp-json\/wp\/v2\/pages"}],"about":[{"href":"https:\/\/www.mrgoodfish.com\/en\/wp-json\/wp\/v2\/types\/page"}],"author":[{"embeddable":true,"href":"https:\/\/www.mrgoodfish.com\/en\/wp-json\/wp\/v2\/users\/2"}],"replies":[{"embeddable":true,"href":"https:\/\/www.mrgoodfish.com\/en\/wp-json\/wp\/v2\/comments?post=2238"}],"version-history":[{"count":4,"href":"https:\/\/www.mrgoodfish.com\/en\/wp-json\/wp\/v2\/pages\/2238\/revisions"}],"predecessor-version":[{"id":6915,"href":"https:\/\/www.mrgoodfish.com\/en\/wp-json\/wp\/v2\/pages\/2238\/revisions\/6915"}],"wp:attachment":[{"href":"https:\/\/www.mrgoodfish.com\/en\/wp-json\/wp\/v2\/media?parent=2238"}],"curies":[{"name":"wp","href":"https:\/\/api.w.org\/{rel}","templated":true}]}}